{"id":16729,"date":"2014-04-30T15:47:48","date_gmt":"2014-04-30T15:47:48","guid":{"rendered":"https:\/\/www.sisporta.com\/home\/"},"modified":"2019-02-14T15:46:54","modified_gmt":"2019-02-14T15:46:54","slug":"home","status":"publish","type":"page","link":"https:\/\/www.sisporta.com\/fr\/","title":{"rendered":"Home"},"content":{"rendered":"<div class=\"wpb-content-wrapper\"><p>[vc_row css_animation=\u00a0\u00bb\u00a0\u00bb row_type=\u00a0\u00bbrow\u00a0\u00bb use_row_as_full_screen_section=\u00a0\u00bbno\u00a0\u00bb type=\u00a0\u00bbfull_width\u00a0\u00bb angled_section=\u00a0\u00bbno\u00a0\u00bb text_align=\u00a0\u00bbleft\u00a0\u00bb background_image_as_pattern=\u00a0\u00bbwithout_pattern\u00a0\u00bb][vc_column][rev_slider_vc alias=\u00a0\u00bbhome\u00a0\u00bb][\/vc_column][\/vc_row][vc_row css_animation=\u00a0\u00bb\u00a0\u00bb row_type=\u00a0\u00bbrow\u00a0\u00bb use_row_as_full_screen_section=\u00a0\u00bbno\u00a0\u00bb type=\u00a0\u00bbgrid\u00a0\u00bb anchor=\u00a0\u00bbportfolio\u00a0\u00bb angled_section=\u00a0\u00bbno\u00a0\u00bb text_align=\u00a0\u00bbleft\u00a0\u00bb background_image_as_pattern=\u00a0\u00bbwithout_pattern\u00a0\u00bb background_color=\u00a0\u00bb#ffffff\u00a0\u00bb border_color=\u00a0\u00bb#eeeeee\u00a0\u00bb padding_top=\u00a0\u00bb73&Prime; padding_bottom=\u00a0\u00bb0&Prime; el_id=\u00a0\u00bbprodutos\u00a0\u00bb z_index=\u00a0\u00bb\u00a0\u00bb][vc_column][vc_column_text]<\/p>\n<h1 class=\"p2\" style=\"text-align: center;\">Sisporta<br \/>\n<span style=\"font-size: 16px;\">Fabriquant de r\u00e9f\u00e9rence de portails sectionn\u00e9s r\u00e9sidentiels et industriels et r\u00e9presentant d&rsquo;automatismes de la marque de prestige TAU<\/span><\/h1>\n<p>[\/vc_column_text][vc_separator type=\u00a0\u00bbsmall\u00a0\u00bb position=\u00a0\u00bbcenter\u00a0\u00bb color=\u00a0\u00bb#818181&Prime; up=\u00a0\u00bb20&Prime; down=\u00a0\u00bb20&Prime;][vc_row_inner row_type=\u00a0\u00bbrow\u00a0\u00bb type=\u00a0\u00bbfull_width\u00a0\u00bb text_align=\u00a0\u00bbleft\u00a0\u00bb css_animation=\u00a0\u00bb\u00a0\u00bb css=\u00a0\u00bb.vc_custom_1544803724554{padding-top: 80px !important;}\u00a0\u00bb][vc_column_inner width=\u00a0\u00bb1\/3&Prime;][vc_column_text]<img decoding=\"async\" src=\"https:\/\/www.sisporta.com\/wp-content\/uploads\/2018\/11\/portoes_seccionados_04.jpg\" alt=\"PORTAILS SECTIONN\u00c9S\" \/>[\/vc_column_text][vc_separator type=\u00a0\u00bbtransparent\u00a0\u00bb up=\u00a0\u00bb25&Prime; down=\u00a0\u00bb0&Prime;][vc_column_text]<\/p>\n<h5 class=\"p1\"><a href=\"https:\/\/www.sisporta.com\/fr\/portoes-de-garagem-seccionados\/\"><span class=\"s1\">PORTAILS SECTIONN\u00c9S<\/span><\/a><\/h5>\n<p>[\/vc_column_text][vc_separator type=\u00a0\u00bbtransparent\u00a0\u00bb up=\u00a0\u00bb6&Prime; down=\u00a0\u00bb0&Prime;][vc_column_text]<\/p>\n<p class=\"p1\"><span class=\"s1\">Nous produisons des portails sectionn\u00e9s, manuels ou automatiques, r\u00e9sidentiels ou industriels, qui montent vers le toit ou vers les lat\u00e9rales et avec ou sans porte de service comprise.<\/span><\/p>\n<p><a href=\"https:\/\/www.sisporta.com\/fr\/portoes-de-garagem-seccionados\/\">SACHEZ PLUS<\/a>[\/vc_column_text][vc_separator type=\u00a0\u00bbtransparent\u00a0\u00bb up=\u00a0\u00bb76&Prime; down=\u00a0\u00bb0&Prime;][\/vc_column_inner][vc_column_inner width=\u00a0\u00bb1\/3&Prime;][vc_column_text]<img decoding=\"async\" src=\"https:\/\/www.sisporta.com\/wp-content\/uploads\/2018\/11\/portas_rapida_01.jpg\" alt=\"PORTES RAPIDES\" \/>[\/vc_column_text][vc_separator type=\u00a0\u00bbtransparent\u00a0\u00bb up=\u00a0\u00bb25&Prime; down=\u00a0\u00bb0&Prime;][vc_column_text]<\/p>\n<h5 class=\"p1\"><a href=\"https:\/\/www.sisporta.com\/fr\/portas-rapidas\/\"><span class=\"s1\">PORTES RAPIDES<\/span><\/a><b> <\/b><\/h5>\n<p>[\/vc_column_text][vc_separator type=\u00a0\u00bbtransparent\u00a0\u00bb up=\u00a0\u00bb6&Prime; down=\u00a0\u00bb0&Prime;][vc_column_text]<\/p>\n<p class=\"p1\"><span class=\"s1\">Les six mod\u00e8les des portes rapides de la marque de prestige GLG, pour int\u00e9rieur et ext\u00e9rieur, sont totalement personnalisables au niveau des couleurs de la b\u00e2che et de measures.<\/span><\/p>\n<p><a href=\"https:\/\/www.sisporta.com\/fr\/portas-rapidas\/\">SACHEZ PLUS<\/a>[\/vc_column_text][vc_separator type=\u00a0\u00bbtransparent\u00a0\u00bb up=\u00a0\u00bb76&Prime; down=\u00a0\u00bb0&Prime;][\/vc_column_inner][vc_column_inner width=\u00a0\u00bb1\/3&Prime;][vc_column_text]<img decoding=\"async\" src=\"https:\/\/www.sisporta.com\/wp-content\/uploads\/2018\/11\/portas_automaticas_vidro_01.jpg\" alt=\"PORTES AUTOMATIQUES EN VERRE\" \/>[\/vc_column_text][vc_separator type=\u00a0\u00bbtransparent\u00a0\u00bb up=\u00a0\u00bb25&Prime; down=\u00a0\u00bb0&Prime;][vc_column_text]<\/p>\n<h5 class=\"p1\"><a href=\"https:\/\/www.sisporta.com\/fr\/portas-de-vidro-automaticas\/\"><span class=\"s1\">PORTES AUTOMATIQUES EN VERRE<\/span><\/a><\/h5>\n<p>[\/vc_column_text][vc_separator type=\u00a0\u00bbtransparent\u00a0\u00bb up=\u00a0\u00bb6&Prime; down=\u00a0\u00bb0&Prime;][vc_column_text]<\/p>\n<p class=\"p1\"><span class=\"s1\">Nous commercializons des portes automatiques en verre (coulissantes et battantes), d&rsquo;une ou deux feuilles, en ayant la possibilit\u00e9 d&rsquo;y comprendre un encadrement en aluminium laqu\u00e9 ou naturel et syst\u00e8me antipanique.<\/span><\/p>\n<p><a href=\"https:\/\/www.sisporta.com\/fr\/portas-de-vidro-automaticas\/\">SACHEZ PLUS<\/a>[\/vc_column_text][vc_separator type=\u00a0\u00bbtransparent\u00a0\u00bb up=\u00a0\u00bb76&Prime; down=\u00a0\u00bb0&Prime;][\/vc_column_inner][\/vc_row_inner][vc_row_inner row_type=\u00a0\u00bbrow\u00a0\u00bb type=\u00a0\u00bbfull_width\u00a0\u00bb text_align=\u00a0\u00bbleft\u00a0\u00bb css_animation=\u00a0\u00bb\u00a0\u00bb][vc_column_inner width=\u00a0\u00bb1\/3&Prime;][vc_column_text]<img decoding=\"async\" src=\"https:\/\/www.sisporta.com\/wp-content\/uploads\/2018\/11\/grades_seguranca_03.jpg\" alt=\"GRILLES DE S\u00c9CURIT\u00c9\" \/>[\/vc_column_text][vc_separator type=\u00a0\u00bbtransparent\u00a0\u00bb up=\u00a0\u00bb25&Prime; down=\u00a0\u00bb0&Prime;][vc_column_text]<\/p>\n<h5 class=\"p1\"><a href=\"https:\/\/www.sisporta.com\/fr\/grades-de-seguranca\/\"><span class=\"s1\">GRILLES DE S\u00c9CURIT\u00c9<\/span><\/a><\/h5>\n<p>[\/vc_column_text][vc_separator type=\u00a0\u00bbtransparent\u00a0\u00bb up=\u00a0\u00bb6&Prime; down=\u00a0\u00bb0&Prime;][vc_column_text]<\/p>\n<p class=\"p1\"><span class=\"s1\">Dans notre magasin c&rsquo;est possible de commander des grilles de s\u00e9curit\u00e9 d&rsquo;enrouler (syst\u00e8me de rouleau, et qui peuvent \u00eatre termiques ou non) et des chenilles (qui on pousse vers le c\u00f4t\u00e9) en plusieures fa\u00e7ons et couleurs.<\/span><\/p>\n<p><a href=\"https:\/\/www.sisporta.com\/fr\/grades-de-seguranca\/\">SACHEZ PLUS<\/a>[\/vc_column_text][vc_separator type=\u00a0\u00bbtransparent\u00a0\u00bb up=\u00a0\u00bb76&Prime; down=\u00a0\u00bb0&Prime;][\/vc_column_inner][vc_column_inner width=\u00a0\u00bb1\/3&Prime;][vc_column_text]<img decoding=\"async\" src=\"https:\/\/www.sisporta.com\/wp-content\/uploads\/2018\/11\/cais_descarga_03.jpg\" alt=\"QUAIS et ABRIS DE QUAIS\" \/>[\/vc_column_text][vc_separator type=\u00a0\u00bbtransparent\u00a0\u00bb up=\u00a0\u00bb25&Prime; down=\u00a0\u00bb0&Prime;][vc_column_text]<\/p>\n<h5 class=\"p1\"><a href=\"https:\/\/www.sisporta.com\/fr\/cais-e-abrigo-de-cais\/\"><span class=\"s1\">QUAIS et ABRIS DE QUAIS<\/span><\/a><\/h5>\n<p>[\/vc_column_text][vc_separator type=\u00a0\u00bbtransparent\u00a0\u00bb up=\u00a0\u00bb6&Prime; down=\u00a0\u00bb0&Prime;][vc_column_text]<\/p>\n<p class=\"p1\"><span class=\"s1\">Nous disposons de quais en acier sous les mod\u00e8les l\u00e8vre basculante et l\u00e8vre t\u00e9lescopique, et encore d&rsquo;abris r\u00e9tractiles (au cas o\u00f9 le v\u00e9hicule collide, le mat\u00e9riel s&rsquo;adapte et ne risque pas le m\u00eame).<\/span><\/p>\n<p><a href=\"https:\/\/www.sisporta.com\/fr\/cais-e-abrigo-de-cais\/\">SACHEZ PLUS<\/a>[\/vc_column_text][vc_separator type=\u00a0\u00bbtransparent\u00a0\u00bb up=\u00a0\u00bb76&Prime; down=\u00a0\u00bb0&Prime;][\/vc_column_inner][vc_column_inner width=\u00a0\u00bb1\/3&Prime;][vc_column_text]<img decoding=\"async\" src=\"https:\/\/www.sisporta.com\/wp-content\/uploads\/2018\/11\/automatismos.jpg\" alt=\"AUTOMATISMES (PORTAILS ET GRILLES)\" \/>[\/vc_column_text][vc_separator type=\u00a0\u00bbtransparent\u00a0\u00bb up=\u00a0\u00bb25&Prime; down=\u00a0\u00bb0&Prime;][vc_column_text]<\/p>\n<h5 class=\"p1\"><a href=\"https:\/\/www.sisporta.com\/fr\/automatismos-para-portoes-e-grades\/\"><span class=\"s1\">AUTOMATISMES (PORTAILS ET GRILLES)<\/span><\/a><\/h5>\n<p>[\/vc_column_text][vc_separator type=\u00a0\u00bbtransparent\u00a0\u00bb up=\u00a0\u00bb6&Prime; down=\u00a0\u00bb0&Prime;][vc_column_text]<\/p>\n<p class=\"p1\"><span class=\"s1\">Nos automatismes comprennent plusieurs accessoires et moteurs, lesquels sont valides pour des grilles d&rsquo;enrouler et pour des portails sectionn\u00e9s (de toit), coulissants et aussi battants.<\/span><\/p>\n<p><a href=\"https:\/\/www.sisporta.com\/fr\/automatismos-para-portoes-e-grades\/\">SACHEZ PLUS<\/a>[\/vc_column_text][vc_separator type=\u00a0\u00bbtransparent\u00a0\u00bb up=\u00a0\u00bb76&Prime; down=\u00a0\u00bb0&Prime;][\/vc_column_inner][\/vc_row_inner][\/vc_column][\/vc_row][vc_row row_type=\u00a0\u00bbparallax\u00a0\u00bb parallax_content_width=\u00a0\u00bbfull_width\u00a0\u00bb text_align=\u00a0\u00bbleft\u00a0\u00bb full_screen_section_height=\u00a0\u00bbno\u00a0\u00bb][vc_column]<div class=\"call_to_action normal\" style=\"\"><div class=\"container_inner\"><div class=\"two_columns_75_25 clearfix\"><div class=\"text_wrapper column1\"><div class=\"call_to_action_text \" style=\"\">\n<p style=\"text-transform: uppercase; color: #303030;\"><strong>SERVICE APR\u00c8S-VENTE DIFF\u00c9RENCI\u00c9<\/strong><\/p>\n<p style=\"color: #303030;\">Notre \u00e9quipe assure des solutions rapides et efficaces \u00e0 nos clients.<\/p>\n<\/div><\/div><div class=\"button_wrapper column2\"><a itemprop=\"url\" href=\"https:\/\/www.sisporta.com\/fr\/pos-venda\/\" class=\"qbutton white \" target=\"\" style=\"background-color: #303030;\" >SACHEZ PLUS<\/a><\/div><\/div><\/div><\/div>[\/vc_column][\/vc_row][vc_row css_animation=\u00a0\u00bb\u00a0\u00bb row_type=\u00a0\u00bbrow\u00a0\u00bb use_row_as_full_screen_section=\u00a0\u00bbno\u00a0\u00bb type=\u00a0\u00bbgrid\u00a0\u00bb angled_section=\u00a0\u00bbno\u00a0\u00bb text_align=\u00a0\u00bbleft\u00a0\u00bb background_image=\u00a0\u00bb16366&Prime; background_image_as_pattern=\u00a0\u00bbwithout_pattern\u00a0\u00bb background_color=\u00a0\u00bb#f8f8f8&Prime; border_color=\u00a0\u00bb#e4e4e4&Prime; padding_top=\u00a0\u00bb88&Prime; z_index=\u00a0\u00bb\u00a0\u00bb][vc_column][vc_separator type=\u00a0\u00bbtransparent\u00a0\u00bb up=\u00a0\u00bb50&Prime; down=\u00a0\u00bb0&Prime;][vc_column_text]<\/p>\n<h2 class=\"p1\" style=\"text-align: center; color: #ffffff;\"><span class=\"s1\">AVANTAGES DE CHOISIR SISPORTA<\/span><\/h2>\n<p style=\"text-align: center; color: #ffffff;\"><span class=\"s1\">Il y a des nombreux avantages quand vous choisissez Sisporta, notamment:<\/span><\/p>\n<p>[\/vc_column_text][vc_separator type=\u00a0\u00bbtransparent\u00a0\u00bb up=\u00a0\u00bb50&Prime; down=\u00a0\u00bb0&Prime;][vc_row_inner row_type=\u00a0\u00bbrow\u00a0\u00bb type=\u00a0\u00bbfull_width\u00a0\u00bb text_align=\u00a0\u00bbleft\u00a0\u00bb css_animation=\u00a0\u00bb\u00a0\u00bb][vc_column_inner width=\u00a0\u00bb1\/2&Prime;][vc_column_text]<\/p>\n<ul style=\"color: #ffffff;\">\n<li class=\"p1\"><span class=\"s1\">Pre\u00e7os muito competitivos<\/span><\/li>\n<li class=\"p1\"><span class=\"s1\">Prix tr\u00e8s comp\u00e9titifs<\/span><\/li>\n<li class=\"p1\"><span class=\"s1\">Innovation, qualit\u00e9 et prestige<\/span><\/li>\n<li class=\"p1\"><span class=\"s1\">Service rapide, efficient et versatile<\/span><\/li>\n<li class=\"p1\"><span class=\"s1\">Budgets gratuits et sans engagement.<\/span><\/li>\n<\/ul>\n<p>[\/vc_column_text][\/vc_column_inner][vc_column_inner width=\u00a0\u00bb1\/2&Prime;][vc_column_text]<\/p>\n<ul style=\"color: #ffffff;\">\n<li class=\"p1\"><span class=\"s1\">Des mat\u00e9riels de qualit\u00e9 top, r\u00e9sistents et visuellement \u00e9l\u00e9gants<\/span><\/li>\n<li class=\"p1\"><span class=\"s1\">Des professionnels avec formations, certification et exp\u00e9rience d\u00e9montr\u00e9e<\/span><\/li>\n<li class=\"p1\"><span class=\"s1\">Des solutions qui s&rsquo;adaptent \u00e0 toutes ambiances: anciennes et modernes<\/span><\/li>\n<li class=\"p1\"><span class=\"s1\">Des \u00e9quipements 100% possibles de personnaliser au niveau des couleurs, dimensions et fa\u00e7ons.<\/span><\/li>\n<\/ul>\n<p>[\/vc_column_text][\/vc_column_inner][\/vc_row_inner][vc_separator type=\u00a0\u00bbtransparent\u00a0\u00bb up=\u00a0\u00bb100&Prime; down=\u00a0\u00bb0&Prime;][vc_row_inner row_type=\u00a0\u00bbrow\u00a0\u00bb type=\u00a0\u00bbfull_width\u00a0\u00bb text_align=\u00a0\u00bbcenter\u00a0\u00bb css_animation=\u00a0\u00bb\u00a0\u00bb][vc_column_inner][\/vc_column_inner][\/vc_row_inner][vc_separator type=\u00a0\u00bbtransparent\u00a0\u00bb up=\u00a0\u00bb100&Prime; down=\u00a0\u00bb0&Prime;][\/vc_column][\/vc_row]<\/p>\n<\/div>","protected":false},"excerpt":{"rendered":"<p>[vc_row css_animation=\u00a0\u00bb\u00a0\u00bb row_type=\u00a0\u00bbrow\u00a0\u00bb use_row_as_full_screen_section=\u00a0\u00bbno\u00a0\u00bb type=\u00a0\u00bbfull_width\u00a0\u00bb angled_section=\u00a0\u00bbno\u00a0\u00bb text_align=\u00a0\u00bbleft\u00a0\u00bb background_image_as_pattern=\u00a0\u00bbwithout_pattern\u00a0\u00bb][vc_column][rev_slider_vc alias=\u00a0\u00bbhome\u00a0\u00bb][\/vc_column][\/vc_row][vc_row css_animation=\u00a0\u00bb\u00a0\u00bb row_type=\u00a0\u00bbrow\u00a0\u00bb use_row_as_full_screen_section=\u00a0\u00bbno\u00a0\u00bb type=\u00a0\u00bbgrid\u00a0\u00bb anchor=\u00a0\u00bbportfolio\u00a0\u00bb angled_section=\u00a0\u00bbno\u00a0\u00bb text_align=\u00a0\u00bbleft\u00a0\u00bb background_image_as_pattern=\u00a0\u00bbwithout_pattern\u00a0\u00bb background_color=\u00a0\u00bb#ffffff\u00a0\u00bb border_color=\u00a0\u00bb#eeeeee\u00a0\u00bb padding_top=\u00a0\u00bb73&Prime; padding_bottom=\u00a0\u00bb0&Prime; el_id=\u00a0\u00bbprodutos\u00a0\u00bb z_index=\u00a0\u00bb\u00a0\u00bb][vc_column][vc_column_text] Sisporta Fabriquant de r\u00e9f\u00e9rence de portails sectionn\u00e9s r\u00e9sidentiels et industriels et r\u00e9presentant d&rsquo;automatismes de la marque de prestige TAU [\/vc_column_text][vc_separator type=\u00a0\u00bbsmall\u00a0\u00bb position=\u00a0\u00bbcenter\u00a0\u00bb&#8230;<\/p>\n","protected":false},"author":1,"featured_media":0,"parent":0,"menu_order":0,"comment_status":"open","ping_status":"open","template":"full_width.php","meta":{"footnotes":""},"class_list":["post-16729","page","type-page","status-publish","hentry"],"_links":{"self":[{"href":"https:\/\/www.sisporta.com\/fr\/wp-json\/wp\/v2\/pages\/16729","targetHints":{"allow":["GET"]}}],"collection":[{"href":"https:\/\/www.sisporta.com\/fr\/wp-json\/wp\/v2\/pages"}],"about":[{"href":"https:\/\/www.sisporta.com\/fr\/wp-json\/wp\/v2\/types\/page"}],"author":[{"embeddable":true,"href":"https:\/\/www.sisporta.com\/fr\/wp-json\/wp\/v2\/users\/1"}],"replies":[{"embeddable":true,"href":"https:\/\/www.sisporta.com\/fr\/wp-json\/wp\/v2\/comments?post=16729"}],"version-history":[{"count":3,"href":"https:\/\/www.sisporta.com\/fr\/wp-json\/wp\/v2\/pages\/16729\/revisions"}],"predecessor-version":[{"id":16733,"href":"https:\/\/www.sisporta.com\/fr\/wp-json\/wp\/v2\/pages\/16729\/revisions\/16733"}],"wp:attachment":[{"href":"https:\/\/www.sisporta.com\/fr\/wp-json\/wp\/v2\/media?parent=16729"}],"curies":[{"name":"wp","href":"https:\/\/api.w.org\/{rel}","templated":true}]}}