{"id":16726,"date":"2014-05-05T11:29:07","date_gmt":"2014-05-05T11:29:07","guid":{"rendered":"https:\/\/www.sisporta.com\/sisporta\/"},"modified":"2019-02-14T15:11:54","modified_gmt":"2019-02-14T15:11:54","slug":"sisporta","status":"publish","type":"page","link":"https:\/\/www.sisporta.com\/fr\/sisporta\/","title":{"rendered":"Sisporta"},"content":{"rendered":"<div class=\"wpb-content-wrapper\"><p>[vc_row css_animation=\u00a0\u00bb\u00a0\u00bb row_type=\u00a0\u00bbrow\u00a0\u00bb use_row_as_full_screen_section=\u00a0\u00bbno\u00a0\u00bb type=\u00a0\u00bbfull_width\u00a0\u00bb angled_section=\u00a0\u00bbno\u00a0\u00bb text_align=\u00a0\u00bbleft\u00a0\u00bb background_image_as_pattern=\u00a0\u00bbwithout_pattern\u00a0\u00bb css=\u00a0\u00bb.vc_custom_1542292013855{margin-top: 0px !important;margin-right: 0px !important;margin-bottom: 0px !important;margin-left: 0px !important;border-top-width: 0px !important;border-right-width: 0px !important;border-bottom-width: 0px !important;border-left-width: 0px !important;padding-top: 0px !important;padding-right: 0px !important;padding-bottom: 0px !important;padding-left: 0px !important;}\u00a0\u00bb z_index=\u00a0\u00bb\u00a0\u00bb][vc_column width=\u00a0\u00bb1\/6&Prime; css=\u00a0\u00bb.vc_custom_1542292070180{margin-top: 0px !important;margin-right: 0px !important;margin-bottom: 0px !important;margin-left: 0px !important;border-top-width: 0px !important;border-right-width: 0px !important;border-bottom-width: 0px !important;border-left-width: 0px !important;padding-top: 0px !important;padding-right: 0px !important;padding-bottom: 0px !important;padding-left: 0px !important;}\u00a0\u00bb]<div class=\"q_image_with_text_over\"><div class=\"shader\" ><\/div><img decoding=\"async\" itemprop=\"image\" src=\"https:\/\/www.sisporta.com\/wp-content\/uploads\/2018\/11\/portoes_seccionados_04.jpg\" alt=\"\" \/><div class=\"text\"><table><tr><td><h3 class=\"caption no_icon\" style=\"color: #ffffff;\"><\/h3><\/td><\/tr><\/table><table><tr><td><div class=\"desc\"><a style=\"color: #ffffff;\" href=\"https:\/\/www.sisporta.com\/fr\/portoes-de-garagem-seccionados\/\">PORTAILS DE GARAGE SECTIONN\u00c9S<\/a><\/div><\/td><\/tr><\/table><\/div><\/div>[\/vc_column][vc_column width=\u00a0\u00bb1\/6&Prime; css=\u00a0\u00bb.vc_custom_1542292079116{margin-top: 0px !important;margin-right: 0px !important;margin-bottom: 0px !important;margin-left: 0px !important;border-top-width: 0px !important;border-right-width: 0px !important;border-bottom-width: 0px !important;border-left-width: 0px !important;padding-top: 0px !important;padding-right: 0px !important;padding-bottom: 0px !important;padding-left: 0px !important;}\u00a0\u00bb]<div class=\"q_image_with_text_over\"><div class=\"shader\" ><\/div><img decoding=\"async\" itemprop=\"image\" src=\"https:\/\/www.sisporta.com\/wp-content\/uploads\/2018\/11\/portas_rapida_01.jpg\" alt=\"\" \/><div class=\"text\"><table><tr><td><h3 class=\"caption no_icon\" style=\"\"><\/h3><\/td><\/tr><\/table><table><tr><td><div class=\"desc\"><a style=\"color: #ffffff;\" href=\"https:\/\/www.sisporta.com\/fr\/portas-rapidas\/\">PORTES RAPIDES<\/a><\/div><\/td><\/tr><\/table><\/div><\/div>[\/vc_column][vc_column width=\u00a0\u00bb1\/6&Prime; css=\u00a0\u00bb.vc_custom_1542293278088{margin-top: 0px !important;margin-right: 0px !important;margin-bottom: 0px !important;margin-left: 0px !important;border-top-width: 0px !important;border-right-width: 0px !important;border-bottom-width: 0px !important;border-left-width: 0px !important;padding-top: 0px !important;padding-right: 0px !important;padding-bottom: 0px !important;padding-left: 0px !important;}\u00a0\u00bb]<div class=\"q_image_with_text_over\"><div class=\"shader\" ><\/div><img decoding=\"async\" itemprop=\"image\" src=\"https:\/\/www.sisporta.com\/wp-content\/uploads\/2018\/11\/portas_automaticas_vidro_01.jpg\" alt=\"\" \/><div class=\"text\"><table><tr><td><h3 class=\"caption no_icon\" style=\"\"><\/h3><\/td><\/tr><\/table><table><tr><td><div class=\"desc\"><a style=\"color: #ffffff;\" href=\"https:\/\/www.sisporta.com\/fr\/portas-de-vidro-automaticas\/\">PORTES EN VERRE AUTOMATIQUES<\/a><\/div><\/td><\/tr><\/table><\/div><\/div>[\/vc_column][vc_column width=\u00a0\u00bb1\/6&Prime; css=\u00a0\u00bb.vc_custom_1542293289301{margin-top: 0px !important;margin-right: 0px !important;margin-bottom: 0px !important;margin-left: 0px !important;border-top-width: 0px !important;border-right-width: 0px !important;border-bottom-width: 0px !important;border-left-width: 0px !important;padding-top: 0px !important;padding-right: 0px !important;padding-left: 0px !important;}\u00a0\u00bb]<div class=\"q_image_with_text_over\"><div class=\"shader\" ><\/div><img decoding=\"async\" itemprop=\"image\" src=\"https:\/\/www.sisporta.com\/wp-content\/uploads\/2018\/11\/grades_seguranca_01.jpg\" alt=\"\" \/><div class=\"text\"><table><tr><td><h3 class=\"caption no_icon\" style=\"\"><\/h3><\/td><\/tr><\/table><table><tr><td><div class=\"desc\"><a style=\"color: #ffffff;\" href=\"https:\/\/www.sisporta.com\/fr\/grades-de-seguranca\/\">GRILLES DE S\u00c9CURIT\u00c9<\/a><\/div><\/td><\/tr><\/table><\/div><\/div>[\/vc_column][vc_column width=\u00a0\u00bb1\/6&Prime; css=\u00a0\u00bb.vc_custom_1542293322516{margin-top: 0px !important;margin-right: 0px !important;margin-bottom: 0px !important;margin-left: 0px !important;border-top-width: 0px !important;border-right-width: 0px !important;border-bottom-width: 0px !important;border-left-width: 0px !important;padding-top: 0px !important;padding-right: 0px !important;padding-bottom: 0px !important;padding-left: 0px !important;}\u00a0\u00bb]<div class=\"q_image_with_text_over\"><div class=\"shader\" ><\/div><img decoding=\"async\" itemprop=\"image\" src=\"https:\/\/www.sisporta.com\/wp-content\/uploads\/2018\/11\/cais_descarga_01.jpg\" alt=\"\" \/><div class=\"text\"><table><tr><td><h3 class=\"caption no_icon\" style=\"\"><\/h3><\/td><\/tr><\/table><table><tr><td><div class=\"desc\"><a style=\"color: #ffffff;\" href=\"https:\/\/www.sisporta.com\/fr\/cais-e-abrigo-de-cais\/\">QUAI ET ABRI DE QUAI<\/a><\/div><\/td><\/tr><\/table><\/div><\/div>[\/vc_column][vc_column width=\u00a0\u00bb1\/6&Prime; css=\u00a0\u00bb.vc_custom_1542293301909{margin-top: 0px !important;margin-right: 0px !important;margin-bottom: 0px !important;margin-left: 0px !important;border-top-width: 0px !important;border-right-width: 0px !important;border-bottom-width: 0px !important;border-left-width: 0px !important;padding-top: 0px !important;padding-right: 0px !important;padding-bottom: 0px !important;padding-left: 0px !important;}\u00a0\u00bb]<div class=\"q_image_with_text_over\"><div class=\"shader\" ><\/div><img decoding=\"async\" itemprop=\"image\" src=\"https:\/\/www.sisporta.com\/wp-content\/uploads\/2018\/11\/automatismos.jpg\" alt=\"\" \/><div class=\"text\"><table><tr><td><h3 class=\"caption no_icon\" style=\"\"><\/h3><\/td><\/tr><\/table><table><tr><td><div class=\"desc\"><a style=\"color: #ffffff;\" href=\"https:\/\/www.sisporta.com\/fr\/automatismos-para-portoes-e-grades\/\">AUTOMATISMES POUR PORTAILS ET GRILLES<\/a><\/div><\/td><\/tr><\/table><\/div><\/div>[\/vc_column][\/vc_row][vc_row css_animation=\u00a0\u00bb\u00a0\u00bb row_type=\u00a0\u00bbrow\u00a0\u00bb use_row_as_full_screen_section=\u00a0\u00bbno\u00a0\u00bb type=\u00a0\u00bbgrid\u00a0\u00bb anchor=\u00a0\u00bbportfolio\u00a0\u00bb angled_section=\u00a0\u00bbno\u00a0\u00bb text_align=\u00a0\u00bbleft\u00a0\u00bb background_image_as_pattern=\u00a0\u00bbwithout_pattern\u00a0\u00bb background_color=\u00a0\u00bb#ffffff\u00a0\u00bb border_color=\u00a0\u00bb#eeeeee\u00a0\u00bb padding_top=\u00a0\u00bb82&Prime; padding_bottom=\u00a0\u00bb0&Prime;][vc_column][vc_column_text]<\/p>\n<h5 style=\"text-align: center;\">ENTREPRISE DE R\u00c9F\u00c9RENCE DANS LA PRODUCTION DE PORTAILS SECTIONN\u00c9S<\/h5>\n<p>[\/vc_column_text][vc_separator type=\u00a0\u00bbsmall\u00a0\u00bb position=\u00a0\u00bbcenter\u00a0\u00bb color=\u00a0\u00bb#818181&Prime; up=\u00a0\u00bb20&Prime; down=\u00a0\u00bb80&Prime;][vc_row_inner row_type=\u00a0\u00bbrow\u00a0\u00bb type=\u00a0\u00bbfull_width\u00a0\u00bb text_align=\u00a0\u00bbleft\u00a0\u00bb css_animation=\u00a0\u00bb\u00a0\u00bb][vc_column_inner width=\u00a0\u00bb1\/2&Prime;][vc_column_text]Sisporta est une entreprise 100% portugaise, avec si\u00e8ge et espace de production dans la zone de Lisbonne, d\u00e9di\u00e9e \u00e0 la production de <u>portails sectionn\u00e9s<\/u>, en \u00e9tant aussi r\u00e9presentant des prestigi\u00e9es marques italiennes TAU et GLG.<\/p>\n<p>Au del\u00e1 de \u00e7a, nous commercialisons et proportionnons tout type d&rsquo;assistance technique (pr\u00e9ventive et corrective) au niveau de <u>portes automatiques en verre<\/u>, <u>portes rapides<\/u>, grilles <u>de s\u00e9curit\u00e9<\/u>, <u>quais et abris de quais<\/u> et <u>automatismes<\/u>.<\/p>\n<p>Pour assurer toujours un service premium, on compte sur des travailleurs tr\u00e8s qualifi\u00e9s et avec de l&rsquo;exp\u00e9rience d\u00e9montr\u00e9e depuis 2000 et avec des mat\u00e9riaux haut de gamme, s\u00fbrs, r\u00e9sistants, avec 2 ans de garantie et avec certifi\u00e9 de l&rsquo;UE.[\/vc_column_text][\/vc_column_inner][vc_column_inner width=\u00a0\u00bb1\/2&Prime;][vc_column_text]De l&rsquo;autre c\u00f4t\u00e9, nous avons encore l&rsquo;objectif de satisfaire un besoin de march\u00e9 par rapport au service apr\u00e8s-vente, pour que \u00e7a soit simplifi\u00e9, en \u00e9tablissant donc une r\u00e9lation de proximit\u00e9 et de partenariat avec les clients.<\/p>\n<p>Investissez en qualit\u00e9, fiabilit\u00e9, professionalisme, rigueur, technologie de pointe, accomplissement de dates limite et en prix tr\u00e8s competitifs. Faisez confiance \u00e0 une \u00e9quipe de r\u00e9f\u00e9rence et \u00e9conomisez avec notre connaissance diff\u00e9renci\u00e9e et diff\u00e9renciatrice.[\/vc_column_text][\/vc_column_inner][\/vc_row_inner][vc_empty_space height=\u00a0\u00bb100&Prime;][\/vc_column][\/vc_row]<\/p>\n<\/div>","protected":false},"excerpt":{"rendered":"<p>[vc_row css_animation=\u00a0\u00bb\u00a0\u00bb row_type=\u00a0\u00bbrow\u00a0\u00bb use_row_as_full_screen_section=\u00a0\u00bbno\u00a0\u00bb type=\u00a0\u00bbfull_width\u00a0\u00bb angled_section=\u00a0\u00bbno\u00a0\u00bb text_align=\u00a0\u00bbleft\u00a0\u00bb background_image_as_pattern=\u00a0\u00bbwithout_pattern\u00a0\u00bb css=\u00a0\u00bb.vc_custom_1542292013855{margin-top: 0px !important;margin-right: 0px !important;margin-bottom: 0px !important;margin-left: 0px !important;border-top-width: 0px !important;border-right-width: 0px !important;border-bottom-width: 0px !important;border-left-width: 0px !important;padding-top: 0px !important;padding-right: 0px !important;padding-bottom: 0px !important;padding-left: 0px !important;}\u00a0\u00bb z_index=\u00a0\u00bb\u00a0\u00bb][vc_column width=\u00a0\u00bb1\/6&Prime; css=\u00a0\u00bb.vc_custom_1542292070180{margin-top: 0px !important;margin-right: 0px !important;margin-bottom: 0px !important;margin-left: 0px !important;border-top-width: 0px&#8230;<\/p>\n","protected":false},"author":1,"featured_media":0,"parent":0,"menu_order":0,"comment_status":"open","ping_status":"closed","template":"full_width.php","meta":{"footnotes":""},"class_list":["post-16726","page","type-page","status-publish","hentry"],"_links":{"self":[{"href":"https:\/\/www.sisporta.com\/fr\/wp-json\/wp\/v2\/pages\/16726","targetHints":{"allow":["GET"]}}],"collection":[{"href":"https:\/\/www.sisporta.com\/fr\/wp-json\/wp\/v2\/pages"}],"about":[{"href":"https:\/\/www.sisporta.com\/fr\/wp-json\/wp\/v2\/types\/page"}],"author":[{"embeddable":true,"href":"https:\/\/www.sisporta.com\/fr\/wp-json\/wp\/v2\/users\/1"}],"replies":[{"embeddable":true,"href":"https:\/\/www.sisporta.com\/fr\/wp-json\/wp\/v2\/comments?post=16726"}],"version-history":[{"count":2,"href":"https:\/\/www.sisporta.com\/fr\/wp-json\/wp\/v2\/pages\/16726\/revisions"}],"predecessor-version":[{"id":16728,"href":"https:\/\/www.sisporta.com\/fr\/wp-json\/wp\/v2\/pages\/16726\/revisions\/16728"}],"wp:attachment":[{"href":"https:\/\/www.sisporta.com\/fr\/wp-json\/wp\/v2\/media?parent=16726"}],"curies":[{"name":"wp","href":"https:\/\/api.w.org\/{rel}","templated":true}]}}