{"id":16722,"date":"2018-11-12T14:38:32","date_gmt":"2018-11-12T14:38:32","guid":{"rendered":"https:\/\/www.sisporta.com\/produtos\/"},"modified":"2019-02-14T14:07:50","modified_gmt":"2019-02-14T14:07:50","slug":"produtos","status":"publish","type":"page","link":"https:\/\/www.sisporta.com\/fr\/produtos\/","title":{"rendered":"Produits"},"content":{"rendered":"<div class=\"wpb-content-wrapper\"><p>[vc_row css_animation=\u00a0\u00bb\u00a0\u00bb row_type=\u00a0\u00bbrow\u00a0\u00bb use_row_as_full_screen_section=\u00a0\u00bbno\u00a0\u00bb type=\u00a0\u00bbfull_width\u00a0\u00bb angled_section=\u00a0\u00bbno\u00a0\u00bb text_align=\u00a0\u00bbleft\u00a0\u00bb background_image_as_pattern=\u00a0\u00bbwithout_pattern\u00a0\u00bb css=\u00a0\u00bb.vc_custom_1542292013855{margin-top: 0px !important;margin-right: 0px !important;margin-bottom: 0px !important;margin-left: 0px !important;border-top-width: 0px !important;border-right-width: 0px !important;border-bottom-width: 0px !important;border-left-width: 0px !important;padding-top: 0px !important;padding-right: 0px !important;padding-bottom: 0px !important;padding-left: 0px !important;}\u00a0\u00bb z_index=\u00a0\u00bb\u00a0\u00bb][vc_column width=\u00a0\u00bb1\/6&Prime; css=\u00a0\u00bb.vc_custom_1542292070180{margin-top: 0px !important;margin-right: 0px !important;margin-bottom: 0px !important;margin-left: 0px !important;border-top-width: 0px !important;border-right-width: 0px !important;border-bottom-width: 0px !important;border-left-width: 0px !important;padding-top: 0px !important;padding-right: 0px !important;padding-bottom: 0px !important;padding-left: 0px !important;}\u00a0\u00bb]<div class=\"q_image_with_text_over\"><div class=\"shader\" ><\/div><img decoding=\"async\" itemprop=\"image\" src=\"https:\/\/www.sisporta.com\/wp-content\/uploads\/2018\/11\/portoes_seccionados_04.jpg\" alt=\"\" \/><div class=\"text\"><table><tr><td><h3 class=\"caption no_icon\" style=\"color: #ffffff;\"><\/h3><\/td><\/tr><\/table><table><tr><td><div class=\"desc\"><a style=\"color: #ffffff;\" href=\"https:\/\/www.sisporta.com\/fr\/portoes-de-garagem-seccionados\/\">PORTAILS DE GARAGE SECTIONN\u00c9S<\/a><\/div><\/td><\/tr><\/table><\/div><\/div>[\/vc_column][vc_column width=\u00a0\u00bb1\/6&Prime; css=\u00a0\u00bb.vc_custom_1542292079116{margin-top: 0px !important;margin-right: 0px !important;margin-bottom: 0px !important;margin-left: 0px !important;border-top-width: 0px !important;border-right-width: 0px !important;border-bottom-width: 0px !important;border-left-width: 0px !important;padding-top: 0px !important;padding-right: 0px !important;padding-bottom: 0px !important;padding-left: 0px !important;}\u00a0\u00bb]<div class=\"q_image_with_text_over\"><div class=\"shader\" ><\/div><img decoding=\"async\" itemprop=\"image\" src=\"https:\/\/www.sisporta.com\/wp-content\/uploads\/2018\/11\/portas_rapida_01.jpg\" alt=\"\" \/><div class=\"text\"><table><tr><td><h3 class=\"caption no_icon\" style=\"\"><\/h3><\/td><\/tr><\/table><table><tr><td><div class=\"desc\"><a style=\"color: #ffffff;\" href=\"https:\/\/www.sisporta.com\/fr\/portas-rapidas\/\">PORTES RAPIDES<\/a><\/div><\/td><\/tr><\/table><\/div><\/div>[\/vc_column][vc_column width=\u00a0\u00bb1\/6&Prime; css=\u00a0\u00bb.vc_custom_1542293278088{margin-top: 0px !important;margin-right: 0px !important;margin-bottom: 0px !important;margin-left: 0px !important;border-top-width: 0px !important;border-right-width: 0px !important;border-bottom-width: 0px !important;border-left-width: 0px !important;padding-top: 0px !important;padding-right: 0px !important;padding-bottom: 0px !important;padding-left: 0px !important;}\u00a0\u00bb]<div class=\"q_image_with_text_over\"><div class=\"shader\" ><\/div><img decoding=\"async\" itemprop=\"image\" src=\"https:\/\/www.sisporta.com\/wp-content\/uploads\/2018\/11\/portas_automaticas_vidro_01.jpg\" alt=\"\" \/><div class=\"text\"><table><tr><td><h3 class=\"caption no_icon\" style=\"\"><\/h3><\/td><\/tr><\/table><table><tr><td><div class=\"desc\"><a style=\"color: #ffffff;\" href=\"https:\/\/www.sisporta.com\/fr\/portas-de-vidro-automaticas\/\">PORTES EN VERRE AUTOMATIQUES<\/a><\/div><\/td><\/tr><\/table><\/div><\/div>[\/vc_column][vc_column width=\u00a0\u00bb1\/6&Prime; css=\u00a0\u00bb.vc_custom_1542293289301{margin-top: 0px !important;margin-right: 0px !important;margin-bottom: 0px !important;margin-left: 0px !important;border-top-width: 0px !important;border-right-width: 0px !important;border-bottom-width: 0px !important;border-left-width: 0px !important;padding-top: 0px !important;padding-right: 0px !important;padding-left: 0px !important;}\u00a0\u00bb]<div class=\"q_image_with_text_over\"><div class=\"shader\" ><\/div><img decoding=\"async\" itemprop=\"image\" src=\"https:\/\/www.sisporta.com\/wp-content\/uploads\/2018\/11\/grades_seguranca_01.jpg\" alt=\"\" \/><div class=\"text\"><table><tr><td><h3 class=\"caption no_icon\" style=\"\"><\/h3><\/td><\/tr><\/table><table><tr><td><div class=\"desc\"><a style=\"color: #ffffff;\" href=\"https:\/\/www.sisporta.com\/fr\/grades-de-seguranca\/\">GRILLES DE S\u00c9CURIT\u00c9<\/a><\/div><\/td><\/tr><\/table><\/div><\/div>[\/vc_column][vc_column width=\u00a0\u00bb1\/6&Prime; css=\u00a0\u00bb.vc_custom_1542293322516{margin-top: 0px !important;margin-right: 0px !important;margin-bottom: 0px !important;margin-left: 0px !important;border-top-width: 0px !important;border-right-width: 0px !important;border-bottom-width: 0px !important;border-left-width: 0px !important;padding-top: 0px !important;padding-right: 0px !important;padding-bottom: 0px !important;padding-left: 0px !important;}\u00a0\u00bb]<div class=\"q_image_with_text_over\"><div class=\"shader\" ><\/div><img decoding=\"async\" itemprop=\"image\" src=\"https:\/\/www.sisporta.com\/wp-content\/uploads\/2018\/11\/cais_descarga_01.jpg\" alt=\"\" \/><div class=\"text\"><table><tr><td><h3 class=\"caption no_icon\" style=\"\"><\/h3><\/td><\/tr><\/table><table><tr><td><div class=\"desc\"><a style=\"color: #ffffff;\" href=\"https:\/\/www.sisporta.com\/fr\/cais-e-abrigo-de-cais\/\">QUAI ET ABRI DE QUAI<\/a><\/div><\/td><\/tr><\/table><\/div><\/div>[\/vc_column][vc_column width=\u00a0\u00bb1\/6&Prime; css=\u00a0\u00bb.vc_custom_1542293301909{margin-top: 0px !important;margin-right: 0px !important;margin-bottom: 0px !important;margin-left: 0px !important;border-top-width: 0px !important;border-right-width: 0px !important;border-bottom-width: 0px !important;border-left-width: 0px !important;padding-top: 0px !important;padding-right: 0px !important;padding-bottom: 0px !important;padding-left: 0px !important;}\u00a0\u00bb]<div class=\"q_image_with_text_over\"><div class=\"shader\" ><\/div><img decoding=\"async\" itemprop=\"image\" src=\"https:\/\/www.sisporta.com\/wp-content\/uploads\/2018\/11\/automatismos.jpg\" alt=\"\" \/><div class=\"text\"><table><tr><td><h3 class=\"caption no_icon\" style=\"\"><\/h3><\/td><\/tr><\/table><table><tr><td><div class=\"desc\"><a style=\"color: #ffffff;\" href=\"https:\/\/www.sisporta.com\/fr\/automatismos-para-portoes-e-grades\/\">AUTOMATISMES POUR PORTAILS ET GRILLES<\/a><\/div><\/td><\/tr><\/table><\/div><\/div>[\/vc_column][\/vc_row][vc_row css_animation=\u00a0\u00bb\u00a0\u00bb row_type=\u00a0\u00bbrow\u00a0\u00bb use_row_as_full_screen_section=\u00a0\u00bbno\u00a0\u00bb type=\u00a0\u00bbgrid\u00a0\u00bb anchor=\u00a0\u00bbportfolio\u00a0\u00bb angled_section=\u00a0\u00bbno\u00a0\u00bb text_align=\u00a0\u00bbleft\u00a0\u00bb background_image_as_pattern=\u00a0\u00bbwithout_pattern\u00a0\u00bb background_color=\u00a0\u00bb#ffffff\u00a0\u00bb border_color=\u00a0\u00bb#eeeeee\u00a0\u00bb padding_top=\u00a0\u00bb82&Prime; padding_bottom=\u00a0\u00bb0&Prime;][vc_column][vc_column_text]<\/p>\n<h5 style=\"text-align: center;\">PRODUITS HAUT DE GAMME, DURABLES ET \u00c0 PRIX COMP\u00c9TITIFS<\/h5>\n<p>[\/vc_column_text][vc_separator type=\u00a0\u00bbsmall\u00a0\u00bb position=\u00a0\u00bbcenter\u00a0\u00bb color=\u00a0\u00bb#818181&Prime; up=\u00a0\u00bb20&Prime; down=\u00a0\u00bb80&Prime;][vc_row_inner row_type=\u00a0\u00bbrow\u00a0\u00bb type=\u00a0\u00bbfull_width\u00a0\u00bb text_align=\u00a0\u00bbleft\u00a0\u00bb css_animation=\u00a0\u00bb\u00a0\u00bb][vc_column_inner width=\u00a0\u00bb1\/2&Prime;][vc_column_text]Sisporta est une entreprise sp\u00e9cialis\u00e9e dans la production de <u>portails sectionn\u00e9s<\/u> de qualit\u00e9 sup\u00e9rieure, r\u00e9sidentiels et industriels, lesquels peuvent \u00eatre manuels ou automatiques (avec moteur et commande) et totalement personnalis\u00e9s en termes de couleur, de taille et de forme (plains, unicanal, en relief ou en coussin).<\/p>\n<p>De l&rsquo;autre c\u00f4t\u00e9, nous commercialisons et nous donnons de l&rsquo;assistance technique pour tous les produits des marques italiennes TAU et GLG, comme des <u>portes automatiques en verre<\/u>, <u>portes rapides<\/u>, grilles<u> de s\u00e9curit\u00e9<\/u>, <u>quais et abris de quais<\/u> et <u>automatismes vari\u00e9s<\/u>.<\/p>\n<p>C&rsquo;est \u00e0 souligner que tous ces \u00e9quipements ont une garantie de 2 ans, qui sont en totale conformit\u00e9 avec la l\u00e9gislation de l&rsquo;Union Europ\u00e9enne (100% s\u00fbrs, fiables et technologiquement avanc\u00e9s) et qui s&rsquo;adaptent, gr\u00e2ce \u00e0 la vari\u00e9t\u00e9 de solutions cromatiques et de design, \u00e0 des ambiances modernes et classiques.[\/vc_column_text][\/vc_column_inner][vc_column_inner width=\u00a0\u00bb1\/2&Prime;][vc_column_text]De fa\u00e7on \u00e0 proportionner toujours un service haut de gamme \u00e0 nos clients, nous comptons sur des professionnels d\u00fbment form\u00e9s et certifi\u00e9s dans cette aire d&rsquo;activit\u00e9 (traitement personnalis\u00e9), avec des mati\u00e8res-primes premium (durabilit\u00e9) et avec des machines les plus avanc\u00e9es du march\u00e9.<\/p>\n<p>C&rsquo;est encore \u00e0 r\u00e9f\u00e9rer que, en cas de probl\u00e8me au niveau du service apr\u00e8s-vente (ce qui arrive tr\u00e8s fr\u00e9quemment) Sisporta s&rsquo;assume comme une entreprise innovatrice et qui a l&rsquo;intention de r\u00e9soudre de fa\u00e7on rapide, dinamique, efficace et s\u00fbre tout ce qui soit n\u00e9c\u00e9ssaire.[\/vc_column_text][\/vc_column_inner][\/vc_row_inner][vc_empty_space height=\u00a0\u00bb100&Prime;][\/vc_column][\/vc_row]<\/p>\n<\/div>","protected":false},"excerpt":{"rendered":"<p>[vc_row css_animation=\u00a0\u00bb\u00a0\u00bb row_type=\u00a0\u00bbrow\u00a0\u00bb use_row_as_full_screen_section=\u00a0\u00bbno\u00a0\u00bb type=\u00a0\u00bbfull_width\u00a0\u00bb angled_section=\u00a0\u00bbno\u00a0\u00bb text_align=\u00a0\u00bbleft\u00a0\u00bb background_image_as_pattern=\u00a0\u00bbwithout_pattern\u00a0\u00bb css=\u00a0\u00bb.vc_custom_1542292013855{margin-top: 0px !important;margin-right: 0px !important;margin-bottom: 0px !important;margin-left: 0px !important;border-top-width: 0px !important;border-right-width: 0px !important;border-bottom-width: 0px !important;border-left-width: 0px !important;padding-top: 0px !important;padding-right: 0px !important;padding-bottom: 0px !important;padding-left: 0px !important;}\u00a0\u00bb z_index=\u00a0\u00bb\u00a0\u00bb][vc_column width=\u00a0\u00bb1\/6&Prime; css=\u00a0\u00bb.vc_custom_1542292070180{margin-top: 0px !important;margin-right: 0px !important;margin-bottom: 0px !important;margin-left: 0px !important;border-top-width: 0px&#8230;<\/p>\n","protected":false},"author":1,"featured_media":0,"parent":0,"menu_order":0,"comment_status":"closed","ping_status":"closed","template":"full_width.php","meta":{"footnotes":""},"class_list":["post-16722","page","type-page","status-publish","hentry"],"_links":{"self":[{"href":"https:\/\/www.sisporta.com\/fr\/wp-json\/wp\/v2\/pages\/16722","targetHints":{"allow":["GET"]}}],"collection":[{"href":"https:\/\/www.sisporta.com\/fr\/wp-json\/wp\/v2\/pages"}],"about":[{"href":"https:\/\/www.sisporta.com\/fr\/wp-json\/wp\/v2\/types\/page"}],"author":[{"embeddable":true,"href":"https:\/\/www.sisporta.com\/fr\/wp-json\/wp\/v2\/users\/1"}],"replies":[{"embeddable":true,"href":"https:\/\/www.sisporta.com\/fr\/wp-json\/wp\/v2\/comments?post=16722"}],"version-history":[{"count":3,"href":"https:\/\/www.sisporta.com\/fr\/wp-json\/wp\/v2\/pages\/16722\/revisions"}],"predecessor-version":[{"id":16725,"href":"https:\/\/www.sisporta.com\/fr\/wp-json\/wp\/v2\/pages\/16722\/revisions\/16725"}],"wp:attachment":[{"href":"https:\/\/www.sisporta.com\/fr\/wp-json\/wp\/v2\/media?parent=16722"}],"curies":[{"name":"wp","href":"https:\/\/api.w.org\/{rel}","templated":true}]}}