{"id":16719,"date":"2018-11-12T14:50:43","date_gmt":"2018-11-12T14:50:43","guid":{"rendered":"https:\/\/www.sisporta.com\/portoes-de-garagem-seccionados\/"},"modified":"2019-02-14T11:59:07","modified_gmt":"2019-02-14T11:59:07","slug":"portoes-de-garagem-seccionados","status":"publish","type":"page","link":"https:\/\/www.sisporta.com\/fr\/portoes-de-garagem-seccionados\/","title":{"rendered":"Portails de garage sectionn\u00e9s"},"content":{"rendered":"<div class=\"wpb-content-wrapper\"><p>[vc_row css_animation=\u00a0\u00bb\u00a0\u00bb row_type=\u00a0\u00bbrow\u00a0\u00bb use_row_as_full_screen_section=\u00a0\u00bbno\u00a0\u00bb type=\u00a0\u00bbgrid\u00a0\u00bb anchor=\u00a0\u00bbportfolio\u00a0\u00bb angled_section=\u00a0\u00bbno\u00a0\u00bb text_align=\u00a0\u00bbleft\u00a0\u00bb background_image_as_pattern=\u00a0\u00bbwithout_pattern\u00a0\u00bb background_color=\u00a0\u00bb#ffffff\u00a0\u00bb border_color=\u00a0\u00bb#eeeeee\u00a0\u00bb padding_top=\u00a0\u00bb80&Prime; padding_bottom=\u00a0\u00bb0&Prime;][vc_column][vc_row_inner row_type=\u00a0\u00bbrow\u00a0\u00bb type=\u00a0\u00bbfull_width\u00a0\u00bb text_align=\u00a0\u00bbleft\u00a0\u00bb css_animation=\u00a0\u00bb\u00a0\u00bb][vc_column_inner width=\u00a0\u00bb1\/2&Prime;][vc_column_text]<img decoding=\"async\" src=\"https:\/\/www.sisporta.com\/wp-content\/uploads\/2018\/11\/portoes_seccionados_04.jpg\" alt=\"Portails de garage sectionn\u00e9s\" \/>[\/vc_column_text][vc_separator type=\u00a0\u00bbtransparent\u00a0\u00bb up=\u00a0\u00bb79&Prime; down=\u00a0\u00bb0&Prime;][\/vc_column_inner][vc_column_inner width=\u00a0\u00bb1\/2&Prime;][vc_column_text]Sisporta est une entreprise d\u00e9di\u00e9e \u00e0 la production de portails de garage sectionn\u00e9s (qui glissent vers le haut ou la lat\u00e9rale), lesquels sont faits en format sandwich, en plaque d&rsquo;acier double avec poliuretane \u00e0 l&rsquo;int\u00e9rieur, ce qui assure une excellente isolation termique.<\/p>\n<p>Ces \u00e9quipements, qui substituent les traditionnels portails de soufflet et les basculants, peuvent \u00eatre totalement personnalis\u00e9s en termes de m\u00e9sures (particuli\u00e8re ou industrielle), de couleurs (standard, par \u00e9chantillon ou par indication RAL) et de fa\u00e7ons (plains, en relief, unicanal et coussin).<\/p>\n<p>Pour plus d&rsquo;informations par rapport aux portails de garage sectionn\u00e9s, entrez en contact avec notre \u00e9quipe et connaissez toutes les conditions disponibles. Garantie de deux ans pour tous les produits. Notre meilleur toujours \u00e0 votre entier service.[\/vc_column_text][vc_separator type=\u00a0\u00bbtransparent\u00a0\u00bb up=\u00a0\u00bb79&Prime; down=\u00a0\u00bb0&Prime;][\/vc_column_inner][\/vc_row_inner][\/vc_column][\/vc_row][vc_row css_animation=\u00a0\u00bb\u00a0\u00bb row_type=\u00a0\u00bbrow\u00a0\u00bb use_row_as_full_screen_section=\u00a0\u00bbno\u00a0\u00bb type=\u00a0\u00bbgrid\u00a0\u00bb anchor=\u00a0\u00bbportfolio\u00a0\u00bb angled_section=\u00a0\u00bbno\u00a0\u00bb text_align=\u00a0\u00bbleft\u00a0\u00bb background_image_as_pattern=\u00a0\u00bbwithout_pattern\u00a0\u00bb background_color=\u00a0\u00bb#f8f8f8&Prime; border_color=\u00a0\u00bb#eeeeee\u00a0\u00bb padding_top=\u00a0\u00bb80&Prime; padding_bottom=\u00a0\u00bb0&Prime;][vc_column][vc_row_inner row_type=\u00a0\u00bbrow\u00a0\u00bb type=\u00a0\u00bbfull_width\u00a0\u00bb text_align=\u00a0\u00bbleft\u00a0\u00bb css_animation=\u00a0\u00bb\u00a0\u00bb][vc_column_inner width=\u00a0\u00bb1\/2&Prime;][vc_column_text]<\/p>\n<h2>PORTAILS SECTIONN\u00c9S MANUELS ET AUTOMATIQUES (\u00c9LECTRIQUES)<\/h2>\n<p>[\/vc_column_text][vc_separator type=\u00a0\u00bbsmall\u00a0\u00bb position=\u00a0\u00bbleft\u00a0\u00bb color=\u00a0\u00bb#818181&Prime; up=\u00a0\u00bb13&Prime; down=\u00a0\u00bb33&Prime;][vc_column_text]Les portails de garage sectionn\u00e9s peuvent \u00eatre manuels ou <u>automatiques<\/u> (avec moteur et accessoires de la prestigi\u00e9e marque italienne TAU), selon le type de besoin du client et les valeurs d&rsquo;investissement pr\u00e9tendus.<\/p>\n<p>C&rsquo;est \u00e0 r\u00e9f\u00e9rer que tous les \u00e9quipements sont toujours construits avec des mat\u00e9riaux haut de gamme et en accomplissement rigoureux des normes de l&rsquo;Union Europ\u00e9enne pour le secteur, en assurant, donc, totale s\u00e9curit\u00e9 aux utilisateurs.<\/p>\n<p>Demandez tout de suite un budget 100% gratuit et sans aucun type d&rsquo;engagement associ\u00e9 pour des portails de garage sectionn\u00e9s et profitez de prix hautement comp\u00e9titifs et d&rsquo;un service personnalis\u00e9.[\/vc_column_text][vc_separator type=\u00a0\u00bbtransparent\u00a0\u00bb up=\u00a0\u00bb79&Prime; down=\u00a0\u00bb0&Prime;][\/vc_column_inner][vc_column_inner width=\u00a0\u00bb1\/2&Prime;][vc_column_text]<img decoding=\"async\" src=\"https:\/\/www.sisporta.com\/wp-content\/uploads\/2018\/11\/portoes_seccionados_01.jpg\" alt=\"PORTAILS SECTIONN\u00c9S MANUELS ET AUTOMATIQUES (\u00c9LECTRIQUES)\" \/>[\/vc_column_text][vc_separator type=\u00a0\u00bbtransparent\u00a0\u00bb up=\u00a0\u00bb79&Prime; down=\u00a0\u00bb0&Prime;][\/vc_column_inner][\/vc_row_inner][\/vc_column][\/vc_row][vc_row css_animation=\u00a0\u00bb\u00a0\u00bb row_type=\u00a0\u00bbrow\u00a0\u00bb use_row_as_full_screen_section=\u00a0\u00bbno\u00a0\u00bb type=\u00a0\u00bbgrid\u00a0\u00bb anchor=\u00a0\u00bbportfolio\u00a0\u00bb angled_section=\u00a0\u00bbno\u00a0\u00bb text_align=\u00a0\u00bbleft\u00a0\u00bb background_image_as_pattern=\u00a0\u00bbwithout_pattern\u00a0\u00bb background_color=\u00a0\u00bb#ffffff\u00a0\u00bb border_color=\u00a0\u00bb#eeeeee\u00a0\u00bb padding_top=\u00a0\u00bb80&Prime; padding_bottom=\u00a0\u00bb0&Prime;][vc_column][vc_row_inner row_type=\u00a0\u00bbrow\u00a0\u00bb type=\u00a0\u00bbfull_width\u00a0\u00bb text_align=\u00a0\u00bbleft\u00a0\u00bb css_animation=\u00a0\u00bb\u00a0\u00bb][vc_column_inner width=\u00a0\u00bb1\/2&Prime;][vc_column_text]<img decoding=\"async\" src=\"https:\/\/www.sisporta.com\/wp-content\/uploads\/2018\/12\/portoes_seccionados_08.jpg\" alt=\"PORTAILS SECTIONN\u00c9S AVEC PORTES DE SERVICE\" \/>[\/vc_column_text][vc_separator type=\u00a0\u00bbtransparent\u00a0\u00bb up=\u00a0\u00bb79&Prime; down=\u00a0\u00bb0&Prime;][\/vc_column_inner][vc_column_inner width=\u00a0\u00bb1\/2&Prime;][vc_column_text]<\/p>\n<h2 class=\"p1\"><span class=\"s1\">PORTAILS SECTIONN\u00c9S AVEC PORTES DE SERVICE<\/span><\/h2>\n<p>[\/vc_column_text][vc_separator type=\u00a0\u00bbsmall\u00a0\u00bb position=\u00a0\u00bbleft\u00a0\u00bb color=\u00a0\u00bb#818181&Prime; up=\u00a0\u00bb13&Prime; down=\u00a0\u00bb33&Prime;][vc_column_text]Les portails sectionn\u00e9s avec portes de service sont extr\u00eamement utiles, parce qu&rsquo;il n&rsquo;est pas n\u00e9cessaire de tout ouvrir pour une personne passer, donc nous recommandons ce mod\u00e8le pour des locaux o\u00f9 on v\u00e9rifie beaucoup d&rsquo;entr\u00e9es et sorties de pi\u00e9tons.<\/p>\n<p>Au del\u00e0 de cette option, nous disposons encore d&rsquo;autres extras comme: hublots d&rsquo;observation avec ou sans effet de soleil en plusieurs mod\u00e8les (losange, de quadrillage, simples, cath\u00e9drale et arcade) et de syst\u00e8mes de ventilation (grilles petites et grandes) extr\u00eamement efficaces.<\/p>\n<p>Commandez tout de suite vos portails sectionn\u00e9s avec portes de service et profitez d&rsquo;un \u00e9quipement tr\u00e8s pratique et fonctionnel pendant votre quotidien, soit en ce qui concerne la vie laboralle soit \u00e0 la maison. Investissez en qualit\u00e9, innovation, prestige, vitesse et prix r\u00e9duits.[\/vc_column_text][vc_separator type=\u00a0\u00bbtransparent\u00a0\u00bb up=\u00a0\u00bb79&Prime; down=\u00a0\u00bb0&Prime;][\/vc_column_inner][\/vc_row_inner][\/vc_column][\/vc_row][vc_row css_animation=\u00a0\u00bb\u00a0\u00bb row_type=\u00a0\u00bbrow\u00a0\u00bb use_row_as_full_screen_section=\u00a0\u00bbno\u00a0\u00bb type=\u00a0\u00bbgrid\u00a0\u00bb anchor=\u00a0\u00bbportfolio\u00a0\u00bb angled_section=\u00a0\u00bbno\u00a0\u00bb text_align=\u00a0\u00bbleft\u00a0\u00bb background_image_as_pattern=\u00a0\u00bbwithout_pattern\u00a0\u00bb background_color=\u00a0\u00bb#f8f8f8&Prime; border_color=\u00a0\u00bb#eeeeee\u00a0\u00bb padding_top=\u00a0\u00bb80&Prime; padding_bottom=\u00a0\u00bb0&Prime;][vc_column][vc_row_inner row_type=\u00a0\u00bbrow\u00a0\u00bb type=\u00a0\u00bbfull_width\u00a0\u00bb text_align=\u00a0\u00bbleft\u00a0\u00bb css_animation=\u00a0\u00bb\u00a0\u00bb][vc_column_inner width=\u00a0\u00bb1\/2&Prime;][vc_column_text]<\/p>\n<h2 class=\"p1\"><span class=\"s1\">PORTAILS SECTIONN\u00c9S R\u00c9SIDENTIELS (POUR MAISONS ET BAT\u00ceMENTS)<\/span><\/h2>\n<p>[\/vc_column_text][vc_separator type=\u00a0\u00bbsmall\u00a0\u00bb position=\u00a0\u00bbleft\u00a0\u00bb color=\u00a0\u00bb#818181&Prime; up=\u00a0\u00bb13&Prime; down=\u00a0\u00bb33&Prime;][vc_column_text]Notre entreprise fabrique de fa\u00e7on personnalis\u00e9e des portails sectionn\u00e9s r\u00e9sidentiels (pour maisons et bat\u00eements), lesquels peuvent \u00eatre totalement personnalis\u00e9s au niveau des couleurs, des formes et aussi des tailles.<\/p>\n<p>Ces \u00e9quipements assurent une totale protection de votre maison (biens et gens), surtout pendant la nuit ou quand vous \u00eates en vacances, pu\u00edsque, comme ils sont en acier avec poliuretane \u00e0 l&rsquo;int\u00e9rieur, ils ne sont pas faciles \u00e0 d\u00e9truir.<\/p>\n<p>Choisissez d\u00e9j\u00e0 vos portails sectionn\u00e9s r\u00e9sidentiels (pour maisons et bat\u00eements) et b\u00e9neficiez du maximum de s\u00e9curit\u00e9. Investissez \u00e0 une entreprise consid\u00e9r\u00e9e comme une r\u00e9f\u00e9rence dans ce secteur d&rsquo;activit\u00e9 et qui a comme mission de faire toujours plus et mieux.[\/vc_column_text][vc_separator type=\u00a0\u00bbtransparent\u00a0\u00bb up=\u00a0\u00bb79&Prime; down=\u00a0\u00bb0&Prime;][\/vc_column_inner][vc_column_inner width=\u00a0\u00bb1\/2&Prime;][vc_column_text]<img decoding=\"async\" src=\"https:\/\/www.sisporta.com\/wp-content\/uploads\/2018\/11\/portoes_seccionados_02.jpg\" alt=\"PORTAILS SECTIONN\u00c9S R\u00c9SIDENTIELS (POUR MAISONS ET BAT\u00ceMENTS)\" \/>[\/vc_column_text][vc_separator type=\u00a0\u00bbtransparent\u00a0\u00bb up=\u00a0\u00bb79&Prime; down=\u00a0\u00bb0&Prime;][\/vc_column_inner][\/vc_row_inner][\/vc_column][\/vc_row][vc_row css_animation=\u00a0\u00bb\u00a0\u00bb row_type=\u00a0\u00bbrow\u00a0\u00bb use_row_as_full_screen_section=\u00a0\u00bbno\u00a0\u00bb type=\u00a0\u00bbgrid\u00a0\u00bb anchor=\u00a0\u00bbportfolio\u00a0\u00bb angled_section=\u00a0\u00bbno\u00a0\u00bb text_align=\u00a0\u00bbleft\u00a0\u00bb background_image_as_pattern=\u00a0\u00bbwithout_pattern\u00a0\u00bb background_color=\u00a0\u00bb#ffffff\u00a0\u00bb padding_top=\u00a0\u00bb80&Prime; padding_bottom=\u00a0\u00bb0&Prime;][vc_column][vc_row_inner row_type=\u00a0\u00bbrow\u00a0\u00bb type=\u00a0\u00bbfull_width\u00a0\u00bb text_align=\u00a0\u00bbleft\u00a0\u00bb css_animation=\u00a0\u00bb\u00a0\u00bb][vc_column_inner width=\u00a0\u00bb1\/2&Prime;][vc_column_text]<img decoding=\"async\" src=\"https:\/\/www.sisporta.com\/wp-content\/uploads\/2018\/11\/portoes_seccionados_07.jpg\" alt=\"PORTAILS SECTIONN\u00c9S INDUSTRIELS\" \/>[\/vc_column_text][vc_separator type=\u00a0\u00bbtransparent\u00a0\u00bb up=\u00a0\u00bb79&Prime; down=\u00a0\u00bb0&Prime;][\/vc_column_inner][vc_column_inner width=\u00a0\u00bb1\/2&Prime;][vc_column_text]<\/p>\n<h2 class=\"p1\"><span class=\"s1\">PORTAILS SECTIONN\u00c9S INDUSTRIELS<\/span><\/h2>\n<p>[\/vc_column_text][vc_separator type=\u00a0\u00bbsmall\u00a0\u00bb position=\u00a0\u00bbleft\u00a0\u00bb color=\u00a0\u00bb#818181&Prime; up=\u00a0\u00bb13&Prime; down=\u00a0\u00bb33&Prime;][vc_column_text]Les portails sectionn\u00e9s industriels sont tr\u00e8s utilis\u00e9s, surtout en entreprises, fabriques et garages\/entrep\u00f4ts de bureaux, <em>shoppings<\/em>, gymnases, magasins, restaurants, caf\u00e9s, et autres espaces d&rsquo;usage colectif et massif.<\/p>\n<p>Ces solutions innovatrices, manuelles ou avec moteur de la marque TAU (les plus solicit\u00e9es) sont extr\u00eamement efficientes, en ce qui concerne la protection des locaux, des marchandises et des gens face aux possibles tentatives d&rsquo;assauts.<\/p>\n<p>En cas de question par rapport aux portails sectionn\u00e9es industriels, appellez imm\u00e9diatement Sisporta et informez-vous avec notre \u00e9quipe. Nous assurons un service personnalis\u00e9 et que vous avez toujours des produits premium.[\/vc_column_text][vc_separator type=\u00a0\u00bbtransparent\u00a0\u00bb up=\u00a0\u00bb79&Prime; down=\u00a0\u00bb0&Prime;][\/vc_column_inner][\/vc_row_inner][\/vc_column][\/vc_row][vc_row css_animation=\u00a0\u00bb\u00a0\u00bb row_type=\u00a0\u00bbrow\u00a0\u00bb use_row_as_full_screen_section=\u00a0\u00bbno\u00a0\u00bb type=\u00a0\u00bbgrid\u00a0\u00bb anchor=\u00a0\u00bbportfolio\u00a0\u00bb angled_section=\u00a0\u00bbno\u00a0\u00bb text_align=\u00a0\u00bbleft\u00a0\u00bb background_image_as_pattern=\u00a0\u00bbwithout_pattern\u00a0\u00bb background_color=\u00a0\u00bb#f8f8f8&Prime; border_color=\u00a0\u00bb#eeeeee\u00a0\u00bb padding_top=\u00a0\u00bb80&Prime; padding_bottom=\u00a0\u00bb0&Prime;][vc_column][vc_row_inner row_type=\u00a0\u00bbrow\u00a0\u00bb type=\u00a0\u00bbfull_width\u00a0\u00bb text_align=\u00a0\u00bbleft\u00a0\u00bb css_animation=\u00a0\u00bb\u00a0\u00bb][vc_column_inner width=\u00a0\u00bb1\/2&Prime;][vc_column_text]<\/p>\n<h2 class=\"p1\"><span class=\"s1\">AVANTAGES DES PORTAILS SECTIONN\u00c9S<\/span><\/h2>\n<p>[\/vc_column_text][vc_separator type=\u00a0\u00bbsmall\u00a0\u00bb position=\u00a0\u00bbleft\u00a0\u00bb color=\u00a0\u00bb#818181&Prime; up=\u00a0\u00bb13&Prime; down=\u00a0\u00bb33&Prime;][vc_column_text]Il y a de nombreux avantages en acqu\u00e9rir des portails sectionn\u00e9s, notamment:<\/p>\n<ul>\n<li>Rapides et s\u00fbrs<\/li>\n<li>Fonctionnement silencieux<\/li>\n<li>Avec Certification Europ\u00e9enne CE<\/li>\n<li>Mat\u00e9riaux de qualit\u00e9, durables et r\u00e9sistants<\/li>\n<li>Imperm\u00e9abilit\u00e9 et isolation termique et acoustique<\/li>\n<li>Maintenance r\u00e9duite, simples et tr\u00e8s \u00e9conomique<\/li>\n<li>Quand il s&rsquo;agit d&rsquo;un portail \u00e9lectrique, on utilise des automatismes (moteur et commande) de la prestigi\u00e9e marque italienne TAU<\/li>\n<\/ul>\n<p>[\/vc_column_text][vc_separator type=\u00a0\u00bbtransparent\u00a0\u00bb up=\u00a0\u00bb79&Prime; down=\u00a0\u00bb0&Prime;][\/vc_column_inner][vc_column_inner width=\u00a0\u00bb1\/2&Prime;][vc_column_text]<img decoding=\"async\" src=\"https:\/\/www.sisporta.com\/wp-content\/uploads\/2018\/11\/portoes_seccionados_06.jpg\" alt=\"AVANTAGES DES PORTAILS SECTIONN\u00c9S\" \/>[\/vc_column_text][vc_separator type=\u00a0\u00bbtransparent\u00a0\u00bb up=\u00a0\u00bb79&Prime; down=\u00a0\u00bb0&Prime;][\/vc_column_inner][\/vc_row_inner][\/vc_column][\/vc_row][vc_row css_animation=\u00a0\u00bb\u00a0\u00bb row_type=\u00a0\u00bbrow\u00a0\u00bb use_row_as_full_screen_section=\u00a0\u00bbno\u00a0\u00bb type=\u00a0\u00bbgrid\u00a0\u00bb anchor=\u00a0\u00bbportfolio\u00a0\u00bb angled_section=\u00a0\u00bbno\u00a0\u00bb text_align=\u00a0\u00bbleft\u00a0\u00bb background_image_as_pattern=\u00a0\u00bbwithout_pattern\u00a0\u00bb background_color=\u00a0\u00bb#ffffff\u00a0\u00bb padding_top=\u00a0\u00bb80&Prime; padding_bottom=\u00a0\u00bb0&Prime;][vc_column][vc_row_inner row_type=\u00a0\u00bbrow\u00a0\u00bb type=\u00a0\u00bbfull_width\u00a0\u00bb text_align=\u00a0\u00bbleft\u00a0\u00bb css_animation=\u00a0\u00bb\u00a0\u00bb][vc_column_inner width=\u00a0\u00bb1\/2&Prime;][vc_column_text]<img decoding=\"async\" src=\"https:\/\/www.sisporta.com\/wp-content\/uploads\/2018\/11\/portoes_seccionados_05.jpg\" alt=\"PORTAILS SECTIONN\u00c9S: COULEURS ET ACCESSOIRES\" \/>[\/vc_column_text][vc_separator type=\u00a0\u00bbtransparent\u00a0\u00bb up=\u00a0\u00bb79&Prime; down=\u00a0\u00bb0&Prime;][\/vc_column_inner][vc_column_inner width=\u00a0\u00bb1\/2&Prime;][vc_column_text]<\/p>\n<h2 class=\"p1\"><span class=\"s1\">PORTAILS SECTIONN\u00c9S: COULEURS ET ACCESSOIRES<\/span><\/h2>\n<p>[\/vc_column_text][vc_separator type=\u00a0\u00bbsmall\u00a0\u00bb position=\u00a0\u00bbleft\u00a0\u00bb color=\u00a0\u00bb#818181&Prime; up=\u00a0\u00bb13&Prime; down=\u00a0\u00bb33&Prime;][vc_column_text]Les portails sectionn\u00e9s sont disponibles en plusieures couleurs et poss\u00e8dent nombreux accessoires:<\/p>\n<ul>\n<li>Ressorts<\/li>\n<li>Commandes<\/li>\n<li>Cables en acier<\/li>\n<li>Portes de service<\/li>\n<li>Canons (portails sectionn\u00e9s manuels et portes de service)<\/li>\n<li>Cylindres (portails sectionn\u00e9s manuels et portes de service)<\/li>\n<li>Boutons (portails sectionn\u00e9s manuels et portes de service)<\/li>\n<li>Hublots d&rsquo;observation avec ou sans effet solaire (simples, de quadrillage, losanges, cath\u00e9drale et arcade)<\/li>\n<li>Sommiers (o\u00f9 les ressorts sont fix\u00e9s): normaux, anglaires, r\u00e9duits, bas, verticaux ou s\u00e9miverticaux.<\/li>\n<\/ul>\n<p>[\/vc_column_text][vc_separator type=\u00a0\u00bbtransparent\u00a0\u00bb up=\u00a0\u00bb79&Prime; down=\u00a0\u00bb0&Prime;][\/vc_column_inner][\/vc_row_inner][vc_row_inner row_type=\u00a0\u00bbrow\u00a0\u00bb type=\u00a0\u00bbfull_width\u00a0\u00bb text_align=\u00a0\u00bbleft\u00a0\u00bb css_animation=\u00a0\u00bb\u00a0\u00bb][vc_column_inner][vc_column_text el_class=\u00a0\u00bblocalidades\u00a0\u00bb]<strong>Fabricant de portes de garage sectionnelles automatiques (\u00e9lectriques, \u00e0 moteur) ou manuelles (porte) sur mesure pour la maison ou le commerce<\/strong><br \/>\nLISBOA Ajuda| Alc\u00e2ntara| Alvalade| Areeiro| Arroios | Avenidas Novas | Beato |Bel\u00e9m | Benfica | Campo de Ourique | Campolide | Carnide | Estrela | Lumiar | Marvila | Miseric\u00f3rdia | Olivais | Parque das Na\u00e7\u00f5es | Penha de Fran\u00e7a | Santa Clara | Santa Maria Maior |Santo Ant\u00f3nio | S\u00e3o Domingos de Benfica | S\u00e3o Vicente Cascais Alcabideche | Carcavelos | Estoril | Parede | S\u00e3o Domingos de Rana OEIRAS Alg\u00e9s | Carnaxide | Pa\u00e7o de Arcos | Porto Salvo | S\u00e3o Marcos AMADORA Alfragide | Brandoa | Buraca | Damaia | Reboleira | Venda Nova\u2028ALMADA Caparica | Costa da Caparica | Feij\u00f3 | Pragal | Trafaria | Cacilhas | Charneca de Caparica | Cova da Piedade | Laranjeiro | Sobreda SINTRA Algueir\u00e3o | Belas | Cac\u00e9m | Massam\u00e1 | Queluz | Rio de Mouro | Terrugem[\/vc_column_text][vc_separator type=\u00a0\u00bbtransparent\u00a0\u00bb up=\u00a0\u00bb79&Prime; down=\u00a0\u00bb0&Prime;][\/vc_column_inner][\/vc_row_inner][\/vc_column][\/vc_row]<\/p>\n<\/div>","protected":false},"excerpt":{"rendered":"<p>[vc_row css_animation=\u00a0\u00bb\u00a0\u00bb row_type=\u00a0\u00bbrow\u00a0\u00bb use_row_as_full_screen_section=\u00a0\u00bbno\u00a0\u00bb type=\u00a0\u00bbgrid\u00a0\u00bb anchor=\u00a0\u00bbportfolio\u00a0\u00bb angled_section=\u00a0\u00bbno\u00a0\u00bb text_align=\u00a0\u00bbleft\u00a0\u00bb background_image_as_pattern=\u00a0\u00bbwithout_pattern\u00a0\u00bb background_color=\u00a0\u00bb#ffffff\u00a0\u00bb border_color=\u00a0\u00bb#eeeeee\u00a0\u00bb padding_top=\u00a0\u00bb80&Prime; padding_bottom=\u00a0\u00bb0&Prime;][vc_column][vc_row_inner row_type=\u00a0\u00bbrow\u00a0\u00bb type=\u00a0\u00bbfull_width\u00a0\u00bb text_align=\u00a0\u00bbleft\u00a0\u00bb css_animation=\u00a0\u00bb\u00a0\u00bb][vc_column_inner width=\u00a0\u00bb1\/2&Prime;][vc_column_text][\/vc_column_text][vc_separator type=\u00a0\u00bbtransparent\u00a0\u00bb up=\u00a0\u00bb79&Prime; down=\u00a0\u00bb0&Prime;][\/vc_column_inner][vc_column_inner width=\u00a0\u00bb1\/2&Prime;][vc_column_text]Sisporta est une entreprise d\u00e9di\u00e9e \u00e0 la production de portails de garage sectionn\u00e9s (qui glissent vers le haut ou la lat\u00e9rale), lesquels sont faits&#8230;<\/p>\n","protected":false},"author":1,"featured_media":0,"parent":0,"menu_order":0,"comment_status":"closed","ping_status":"closed","template":"full_width.php","meta":{"footnotes":""},"class_list":["post-16719","page","type-page","status-publish","hentry"],"_links":{"self":[{"href":"https:\/\/www.sisporta.com\/fr\/wp-json\/wp\/v2\/pages\/16719","targetHints":{"allow":["GET"]}}],"collection":[{"href":"https:\/\/www.sisporta.com\/fr\/wp-json\/wp\/v2\/pages"}],"about":[{"href":"https:\/\/www.sisporta.com\/fr\/wp-json\/wp\/v2\/types\/page"}],"author":[{"embeddable":true,"href":"https:\/\/www.sisporta.com\/fr\/wp-json\/wp\/v2\/users\/1"}],"replies":[{"embeddable":true,"href":"https:\/\/www.sisporta.com\/fr\/wp-json\/wp\/v2\/comments?post=16719"}],"version-history":[{"count":2,"href":"https:\/\/www.sisporta.com\/fr\/wp-json\/wp\/v2\/pages\/16719\/revisions"}],"predecessor-version":[{"id":16721,"href":"https:\/\/www.sisporta.com\/fr\/wp-json\/wp\/v2\/pages\/16719\/revisions\/16721"}],"wp:attachment":[{"href":"https:\/\/www.sisporta.com\/fr\/wp-json\/wp\/v2\/media?parent=16719"}],"curies":[{"name":"wp","href":"https:\/\/api.w.org\/{rel}","templated":true}]}}