{"id":16716,"date":"2018-11-12T16:40:58","date_gmt":"2018-11-12T16:40:58","guid":{"rendered":"https:\/\/www.sisporta.com\/portas-rapidas\/"},"modified":"2019-02-14T11:37:49","modified_gmt":"2019-02-14T11:37:49","slug":"portas-rapidas","status":"publish","type":"page","link":"https:\/\/www.sisporta.com\/fr\/portas-rapidas\/","title":{"rendered":"Portes rapides"},"content":{"rendered":"<div class=\"wpb-content-wrapper\"><p>[vc_row css_animation=\u00a0\u00bb\u00a0\u00bb row_type=\u00a0\u00bbrow\u00a0\u00bb use_row_as_full_screen_section=\u00a0\u00bbno\u00a0\u00bb type=\u00a0\u00bbgrid\u00a0\u00bb anchor=\u00a0\u00bbportfolio\u00a0\u00bb angled_section=\u00a0\u00bbno\u00a0\u00bb text_align=\u00a0\u00bbleft\u00a0\u00bb background_image_as_pattern=\u00a0\u00bbwithout_pattern\u00a0\u00bb background_color=\u00a0\u00bb#ffffff\u00a0\u00bb border_color=\u00a0\u00bb#eeeeee\u00a0\u00bb padding_top=\u00a0\u00bb80&Prime; padding_bottom=\u00a0\u00bb0&Prime;][vc_column][vc_row_inner row_type=\u00a0\u00bbrow\u00a0\u00bb type=\u00a0\u00bbfull_width\u00a0\u00bb text_align=\u00a0\u00bbleft\u00a0\u00bb css_animation=\u00a0\u00bb\u00a0\u00bb][vc_column_inner width=\u00a0\u00bb1\/2&Prime;][vc_column_text]<img decoding=\"async\" src=\"https:\/\/www.sisporta.com\/wp-content\/uploads\/2018\/11\/portas_rapida_01.jpg\" alt=\"portes rapides\" \/>[\/vc_column_text][vc_separator type=\u00a0\u00bbtransparent\u00a0\u00bb up=\u00a0\u00bb79&Prime; down=\u00a0\u00bb0&Prime;][\/vc_column_inner][vc_column_inner width=\u00a0\u00bb1\/2&Prime;][vc_column_text]Sisporta commercialise et donne de l&rsquo;assistance technique \u00e0 des portes rapides de la marque GLG (nous sommes r\u00e9presentants exclusifs), disponibles en six mod\u00e8les diff\u00e9rents: Rollizip BT, Aluminia, Vertigo Digit, Rolligo Digit et Rollizip Atex.<\/p>\n<p>Ces \u00e9quipements d&rsquo;usage industriel, en b\u00e2che avec structure en acier ou en aluminium, sont toujours automatiques (avec moteur) et peuvent \u00eatre personnalis\u00e9s en termes de couleurs et de taille, en assurant une excellente isolation.<\/p>\n<p>Pour plus d&rsquo;informations par rapport aux portes rapides, contactez notre \u00e9quipe. Nous avons totale disponibilit\u00e9 pour \u00e9claircir vos doutes et pour assurer en toutes situations un conseil selon vos besoins r\u00e9els.[\/vc_column_text][vc_separator type=\u00a0\u00bbtransparent\u00a0\u00bb up=\u00a0\u00bb79&Prime; down=\u00a0\u00bb0&Prime;][\/vc_column_inner][\/vc_row_inner][\/vc_column][\/vc_row][vc_row css_animation=\u00a0\u00bb\u00a0\u00bb row_type=\u00a0\u00bbrow\u00a0\u00bb use_row_as_full_screen_section=\u00a0\u00bbno\u00a0\u00bb type=\u00a0\u00bbgrid\u00a0\u00bb anchor=\u00a0\u00bbportfolio\u00a0\u00bb angled_section=\u00a0\u00bbno\u00a0\u00bb text_align=\u00a0\u00bbleft\u00a0\u00bb background_image_as_pattern=\u00a0\u00bbwithout_pattern\u00a0\u00bb background_color=\u00a0\u00bb#f8f8f8&Prime; border_color=\u00a0\u00bb#eeeeee\u00a0\u00bb padding_top=\u00a0\u00bb80&Prime; padding_bottom=\u00a0\u00bb0&Prime;][vc_column][vc_row_inner row_type=\u00a0\u00bbrow\u00a0\u00bb type=\u00a0\u00bbfull_width\u00a0\u00bb text_align=\u00a0\u00bbleft\u00a0\u00bb css_animation=\u00a0\u00bb\u00a0\u00bb][vc_column_inner width=\u00a0\u00bb1\/2&Prime;][vc_column_text]<\/p>\n<h2 class=\"p1\"><span class=\"s1\">MOD\u00c8LES DES PORTES RAPIDES<\/span><\/h2>\n<p>[\/vc_column_text][vc_separator type=\u00a0\u00bbsmall\u00a0\u00bb position=\u00a0\u00bbleft\u00a0\u00bb color=\u00a0\u00bb#818181&Prime; up=\u00a0\u00bb13&Prime; down=\u00a0\u00bb33&Prime;][vc_column_text]\u00c0 Sisporta nous disposons des suivants mod\u00e8les de portes rapides (usage industriel), pour int\u00e9rieur et ext\u00e9rieur, lesquelles sont extr\u00eamement s\u00fbres, durables et faciles d&rsquo;installer, en assurant une excellente isolation termique et acoustique des espaces en question:<\/p>\n<p><strong>Rollizip:<\/strong> \u00c7a poss\u00e9de une structure en acier, int\u00e9gre un syst\u00e8me d&rsquo;enrouler et est r\u00e9sistante aux dommages (la toile ne s&rsquo;endommage pas en cas d&rsquo;agression).<\/p>\n<p><strong>Aluminia:<\/strong> \u00c7a poss\u00e9de une structure en aluminium, int\u00e9gre un syst\u00e8me d&rsquo;enrouler et est r\u00e9sistante aux dommages (la toile ne s&rsquo;endommage pas en cas d&rsquo;agression).<\/p>\n<p><strong>Vertigo Digit:<\/strong> \u00c7a poss\u00e9de un syst\u00e8me de couplage et ses portes sont id\u00e9ales pour des ext\u00e9rieurs, en \u00e9tant donn\u00e9 l&rsquo;excellente performance en termes de r\u00e9sistance au vent.<\/p>\n<p><strong>Rolligo Digit:<\/strong> Avec structure en plaque, \u00e7a poss\u00e9de un syst\u00e8me d&rsquo;enrouler; pas de possibilit\u00e9 d&rsquo;autor\u00e9paration et c&rsquo;est indiqu\u00e9 pour des usages internes.<\/p>\n<p><strong>Rollizip BT:<\/strong> Cette porte, en tenant compte que ses caract\u00e9ristiques de protection sont excellentes, est surtout utilis\u00e9e pour isoler des locaux avec des baisses temp\u00e9ratures.<\/p>\n<p><strong>Rollizio Alex:<\/strong> Cette porte est tr\u00e8s sp\u00e9cifique, normalement utilis\u00e9e en ambiances o\u00f9 il faut ne pas avoir des \u00e9tincelles de moteurs.[\/vc_column_text][vc_separator type=\u00a0\u00bbtransparent\u00a0\u00bb up=\u00a0\u00bb79&Prime; down=\u00a0\u00bb0&Prime;][\/vc_column_inner][vc_column_inner width=\u00a0\u00bb1\/2&Prime;][vc_column_text]<img decoding=\"async\" src=\"https:\/\/www.sisporta.com\/wp-content\/uploads\/2018\/11\/portas_rapidas_02.jpg\" alt=\"MOD\u00c8LES DES PORTES RAPIDES\" \/>[\/vc_column_text][vc_separator type=\u00a0\u00bbtransparent\u00a0\u00bb up=\u00a0\u00bb79&Prime; down=\u00a0\u00bb0&Prime;][\/vc_column_inner][\/vc_row_inner][\/vc_column][\/vc_row][vc_row css_animation=\u00a0\u00bb\u00a0\u00bb row_type=\u00a0\u00bbrow\u00a0\u00bb use_row_as_full_screen_section=\u00a0\u00bbno\u00a0\u00bb type=\u00a0\u00bbgrid\u00a0\u00bb anchor=\u00a0\u00bbportfolio\u00a0\u00bb angled_section=\u00a0\u00bbno\u00a0\u00bb text_align=\u00a0\u00bbleft\u00a0\u00bb background_image_as_pattern=\u00a0\u00bbwithout_pattern\u00a0\u00bb background_color=\u00a0\u00bb#ffffff\u00a0\u00bb border_color=\u00a0\u00bb#eeeeee\u00a0\u00bb padding_top=\u00a0\u00bb80&Prime; padding_bottom=\u00a0\u00bb0&Prime;][vc_column][vc_row_inner row_type=\u00a0\u00bbrow\u00a0\u00bb type=\u00a0\u00bbfull_width\u00a0\u00bb text_align=\u00a0\u00bbleft\u00a0\u00bb css_animation=\u00a0\u00bb\u00a0\u00bb][vc_column_inner width=\u00a0\u00bb1\/2&Prime;][vc_column_text]<img decoding=\"async\" src=\"https:\/\/www.sisporta.com\/wp-content\/uploads\/2018\/11\/portas_rapidas_03.jpg\" alt=\"KIT DES PORTES RAPIDES\" \/>[\/vc_column_text][vc_separator type=\u00a0\u00bbtransparent\u00a0\u00bb up=\u00a0\u00bb79&Prime; down=\u00a0\u00bb0&Prime;][\/vc_column_inner][vc_column_inner width=\u00a0\u00bb1\/2&Prime;][vc_column_text]<\/p>\n<h2 class=\"p1\"><span class=\"s1\">KIT DES PORTES RAPIDES<\/span><\/h2>\n<p>[\/vc_column_text][vc_separator type=\u00a0\u00bbsmall\u00a0\u00bb position=\u00a0\u00bbleft\u00a0\u00bb color=\u00a0\u00bb#818181&Prime; up=\u00a0\u00bb13&Prime; down=\u00a0\u00bb33&Prime;][vc_column_text]Les portes rapides int\u00e9grent le kit suivant:<\/p>\n<ul>\n<li>Cellules (s\u00e9curit\u00e9)<\/li>\n<li>Moteur d&rsquo;haute v\u00e9locit\u00e9<\/li>\n<li>Barri\u00e8re de photocellules (s\u00e9curit\u00e9)<\/li>\n<li>Tableau de manoeuvres (commande le moteur)<\/li>\n<li>Lumi\u00e8res clignotantes (pour informer que la porte est en mouvement)<\/li>\n<li>Clavier \u00e0 l&rsquo;ext\u00e9rieur (pour que l&rsquo;op\u00e9rateur peut ouvrir la porte).<\/li>\n<\/ul>\n<p>[\/vc_column_text][vc_separator type=\u00a0\u00bbtransparent\u00a0\u00bb up=\u00a0\u00bb79&Prime; down=\u00a0\u00bb0&Prime;][\/vc_column_inner][\/vc_row_inner][\/vc_column][\/vc_row][vc_row css_animation=\u00a0\u00bb\u00a0\u00bb row_type=\u00a0\u00bbrow\u00a0\u00bb use_row_as_full_screen_section=\u00a0\u00bbno\u00a0\u00bb type=\u00a0\u00bbgrid\u00a0\u00bb anchor=\u00a0\u00bbportfolio\u00a0\u00bb angled_section=\u00a0\u00bbno\u00a0\u00bb text_align=\u00a0\u00bbleft\u00a0\u00bb background_image_as_pattern=\u00a0\u00bbwithout_pattern\u00a0\u00bb background_color=\u00a0\u00bb#f8f8f8&Prime; border_color=\u00a0\u00bb#eeeeee\u00a0\u00bb padding_top=\u00a0\u00bb80&Prime; padding_bottom=\u00a0\u00bb0&Prime;][vc_column][vc_row_inner row_type=\u00a0\u00bbrow\u00a0\u00bb type=\u00a0\u00bbfull_width\u00a0\u00bb text_align=\u00a0\u00bbleft\u00a0\u00bb css_animation=\u00a0\u00bb\u00a0\u00bb][vc_column_inner width=\u00a0\u00bb1\/2&Prime;][vc_column_text]<\/p>\n<h2 class=\"p1\"><span class=\"s1\">MOTEURS POUR DES PORTES RAPIDES<\/span><\/h2>\n<p>[\/vc_column_text][vc_separator type=\u00a0\u00bbsmall\u00a0\u00bb position=\u00a0\u00bbleft\u00a0\u00bb color=\u00a0\u00bb#818181&Prime; up=\u00a0\u00bb13&Prime; down=\u00a0\u00bb33&Prime;][vc_column_text]Les moteurs pour des portes rapides d\u00e9pendent toujours du mod\u00e8le en question. Donc, nous disposons des \u00e9quipements suivants:<\/p>\n<p>&nbsp;<\/p>\n<ul>\n<li>Moteur Digit Trifase: pour le Rolligo et le Vertigo<\/li>\n<li>Moteur Digit Inverter: pour le Rollizip Atex et pour l&rsquo;Aluminia<\/li>\n<li>Moteur Digit Inverter BT: pour le Rollizip et pour le Rollizip BT<\/li>\n<\/ul>\n<p>[\/vc_column_text][vc_separator type=\u00a0\u00bbtransparent\u00a0\u00bb up=\u00a0\u00bb79&Prime; down=\u00a0\u00bb0&Prime;][\/vc_column_inner][vc_column_inner width=\u00a0\u00bb1\/2&Prime;][vc_column_text]<img decoding=\"async\" src=\"https:\/\/www.sisporta.com\/wp-content\/uploads\/2018\/11\/portas_rapidas_04.jpg\" alt=\"MOTEURS POUR DES PORTES RAPIDES\" \/>[\/vc_column_text][vc_separator type=\u00a0\u00bbtransparent\u00a0\u00bb up=\u00a0\u00bb79&Prime; down=\u00a0\u00bb0&Prime;][\/vc_column_inner][\/vc_row_inner][\/vc_column][\/vc_row][vc_row css_animation=\u00a0\u00bb\u00a0\u00bb row_type=\u00a0\u00bbrow\u00a0\u00bb use_row_as_full_screen_section=\u00a0\u00bbno\u00a0\u00bb type=\u00a0\u00bbgrid\u00a0\u00bb anchor=\u00a0\u00bbportfolio\u00a0\u00bb angled_section=\u00a0\u00bbno\u00a0\u00bb text_align=\u00a0\u00bbleft\u00a0\u00bb background_image_as_pattern=\u00a0\u00bbwithout_pattern\u00a0\u00bb background_color=\u00a0\u00bb#ffffff\u00a0\u00bb padding_top=\u00a0\u00bb80&Prime; padding_bottom=\u00a0\u00bb0&Prime;][vc_column][vc_row_inner row_type=\u00a0\u00bbrow\u00a0\u00bb type=\u00a0\u00bbfull_width\u00a0\u00bb text_align=\u00a0\u00bbleft\u00a0\u00bb css_animation=\u00a0\u00bb\u00a0\u00bb][vc_column_inner width=\u00a0\u00bb1\/2&Prime;][vc_column_text]<img decoding=\"async\" src=\"https:\/\/www.sisporta.com\/wp-content\/uploads\/2018\/11\/portas_rapidas_05.jpg\" alt=\"SYST\u00c8MES D'OUVERTURE ET DE S\u00c9CURIT\u00c9 DES PORTES RAPIDES\" \/>[\/vc_column_text][vc_separator type=\u00a0\u00bbtransparent\u00a0\u00bb up=\u00a0\u00bb79&Prime; down=\u00a0\u00bb0&Prime;][\/vc_column_inner][vc_column_inner width=\u00a0\u00bb1\/2&Prime;][vc_column_text]<\/p>\n<h2>SYST\u00c8MES D&rsquo;OUVERTURE ET DE S\u00c9CURIT\u00c9 DES PORTES RAPIDES<\/h2>\n<p>[\/vc_column_text][vc_separator type=\u00a0\u00bbsmall\u00a0\u00bb position=\u00a0\u00bbleft\u00a0\u00bb color=\u00a0\u00bb#818181&Prime; up=\u00a0\u00bb13&Prime; down=\u00a0\u00bb33&Prime;][vc_column_text]Les syst\u00e8mes d&rsquo;ouverture et de s\u00e9curit\u00e9 des portes rapides int\u00e9grent:<\/p>\n<ul>\n<li>Clavier (ouverture)<\/li>\n<li>Interrupteur tirant (ouverture)<\/li>\n<li>Radar mouvement (ouverture)<\/li>\n<li>R\u00e9cepteur avec caisse\/\u00e9misseur (pour programmer des commandes d&rsquo;ouverture)<\/li>\n<li>Boucle magn\u00e9tique (option d&rsquo;ouverture qui donne de l&rsquo;impulsion \u00e0 la barri\u00e8re ou porte)<\/li>\n<li>S\u00e9maphore LED (s\u00e9curit\u00e9)<\/li>\n<li>Barri\u00e8re de photocellules (barre d&rsquo;infrarouges qui fonctionne comme syst\u00e8me de s\u00e9curit\u00e9)<\/li>\n<\/ul>\n<p>[\/vc_column_text][vc_separator type=\u00a0\u00bbtransparent\u00a0\u00bb up=\u00a0\u00bb79&Prime; down=\u00a0\u00bb0&Prime;][\/vc_column_inner][\/vc_row_inner][\/vc_column][\/vc_row][vc_row css_animation=\u00a0\u00bb\u00a0\u00bb row_type=\u00a0\u00bbrow\u00a0\u00bb use_row_as_full_screen_section=\u00a0\u00bbno\u00a0\u00bb type=\u00a0\u00bbgrid\u00a0\u00bb anchor=\u00a0\u00bbportfolio\u00a0\u00bb angled_section=\u00a0\u00bbno\u00a0\u00bb text_align=\u00a0\u00bbleft\u00a0\u00bb background_image_as_pattern=\u00a0\u00bbwithout_pattern\u00a0\u00bb background_color=\u00a0\u00bb#f8f8f8&Prime; border_color=\u00a0\u00bb#eeeeee\u00a0\u00bb padding_top=\u00a0\u00bb80&Prime; padding_bottom=\u00a0\u00bb0&Prime;][vc_column][vc_row_inner row_type=\u00a0\u00bbrow\u00a0\u00bb type=\u00a0\u00bbfull_width\u00a0\u00bb text_align=\u00a0\u00bbleft\u00a0\u00bb css_animation=\u00a0\u00bb\u00a0\u00bb][vc_column_inner width=\u00a0\u00bb1\/2&Prime;][vc_column_text]<\/p>\n<h2 class=\"p1\"><span class=\"s1\">COULEURS ET FORMES DE LA B\u00c2CHE DISPONIBLES POUR DES PORTES RAPIDES<\/span><\/h2>\n<p>[\/vc_column_text][vc_separator type=\u00a0\u00bbsmall\u00a0\u00bb position=\u00a0\u00bbleft\u00a0\u00bb color=\u00a0\u00bb#818181&Prime; up=\u00a0\u00bb13&Prime; down=\u00a0\u00bb33&Prime;][vc_column_text]La b\u00e2che des portes rapides peut \u00eatre fabriqu\u00e9e enti\u00e8re ou avec des formes transparentes qui imitent des fen\u00eatres (2, 4 ou 6\u00a0 petites, ou 2 moyennes ou 2 grandes) en ayant pour base les couleurs suivantes:[\/vc_column_text][vc_separator type=\u00a0\u00bbtransparent\u00a0\u00bb up=\u00a0\u00bb79&Prime; down=\u00a0\u00bb0&Prime;][\/vc_column_inner][vc_column_inner width=\u00a0\u00bb1\/2&Prime;][vc_column_text]<img decoding=\"async\" src=\"https:\/\/www.sisporta.com\/wp-content\/uploads\/2018\/11\/personalizacao_lona1-2.jpg\" alt=\" Cores e feitios dispon\u00edveis da lona para portas r\u00e1pidas\" \/>[\/vc_column_text][vc_column_text]<img decoding=\"async\" src=\"https:\/\/www.sisporta.com\/wp-content\/uploads\/2018\/11\/cores_opcoes_1.jpg\" alt=\"COULEURS ET FORMES DE LA B\u00c2CHE DISPONIBLES POUR DES PORTES RAPIDES\" \/>[\/vc_column_text][vc_separator type=\u00a0\u00bbtransparent\u00a0\u00bb up=\u00a0\u00bb79&Prime; down=\u00a0\u00bb0&Prime;][\/vc_column_inner][\/vc_row_inner][\/vc_column][\/vc_row][vc_row css_animation=\u00a0\u00bb\u00a0\u00bb row_type=\u00a0\u00bbrow\u00a0\u00bb use_row_as_full_screen_section=\u00a0\u00bbno\u00a0\u00bb type=\u00a0\u00bbgrid\u00a0\u00bb anchor=\u00a0\u00bbportfolio\u00a0\u00bb angled_section=\u00a0\u00bbno\u00a0\u00bb text_align=\u00a0\u00bbleft\u00a0\u00bb background_image_as_pattern=\u00a0\u00bbwithout_pattern\u00a0\u00bb background_color=\u00a0\u00bb#ffffff\u00a0\u00bb padding_top=\u00a0\u00bb80&Prime; padding_bottom=\u00a0\u00bb0&Prime;][vc_column][vc_row_inner row_type=\u00a0\u00bbrow\u00a0\u00bb type=\u00a0\u00bbfull_width\u00a0\u00bb text_align=\u00a0\u00bbleft\u00a0\u00bb css_animation=\u00a0\u00bb\u00a0\u00bb][vc_column_inner][vc_column_text el_class=\u00a0\u00bblocalidades\u00a0\u00bb]<\/p>\n<p class=\"p1\"><span class=\"s1\"><b>Portes rapides mod\u00e8les Rollizip, Aluminia, Vertigo Digit, Rolligo Digit, Rollizip Atex<\/b>LISBOA Ajuda| Alc\u00e2ntara| Alvalade| Areeiro| Arroios | Avenidas Novas | Beato |Bel\u00e9m | Benfica | Campo de Ourique | Campolide | Carnide | Estrela | Lumiar | Marvila | Miseric\u00f3rdia | Olivais | Parque das Na\u00e7\u00f5es | Penha de Fran\u00e7a | Santa Clara | Santa Maria Maior |Santo Ant\u00f3nio | S\u00e3o Domingos de Benfica | S\u00e3o Vicente\u00a0<\/span><span class=\"s1\">Cascais Alcabideche | Carcavelos | Estoril | Parede | S\u00e3o Domingos de Rana\u00a0<\/span><span class=\"s1\">OEIRAS Alg\u00e9s | Carnaxide | Pa\u00e7o de Arcos | Porto Salvo | S\u00e3o Marcos\u00a0<\/span><span class=\"s1\">AMADORA Alfragide | Brandoa | Buraca | Damaia | Reboleira | Venda Nova\u00a0<\/span><span class=\"s1\">ALMADA Caparica | Costa da Caparica | Feij\u00f3 | Pragal | Trafaria | Cacilhas | Charneca de Caparica | Cova da Piedade | Laranjeiro | Sobreda\u00a0<\/span><span class=\"s1\">SINTRA Algueir\u00e3o | Belas | Cac\u00e9m | Massam\u00e1 | Queluz | Rio de Mouro | Terrugem<\/span><\/p>\n<p>[\/vc_column_text][vc_separator type=\u00a0\u00bbtransparent\u00a0\u00bb up=\u00a0\u00bb79&Prime; down=\u00a0\u00bb0&Prime;][\/vc_column_inner][\/vc_row_inner][\/vc_column][\/vc_row]<\/p>\n<\/div>","protected":false},"excerpt":{"rendered":"<p>[vc_row css_animation=\u00a0\u00bb\u00a0\u00bb row_type=\u00a0\u00bbrow\u00a0\u00bb use_row_as_full_screen_section=\u00a0\u00bbno\u00a0\u00bb type=\u00a0\u00bbgrid\u00a0\u00bb anchor=\u00a0\u00bbportfolio\u00a0\u00bb angled_section=\u00a0\u00bbno\u00a0\u00bb text_align=\u00a0\u00bbleft\u00a0\u00bb background_image_as_pattern=\u00a0\u00bbwithout_pattern\u00a0\u00bb background_color=\u00a0\u00bb#ffffff\u00a0\u00bb border_color=\u00a0\u00bb#eeeeee\u00a0\u00bb padding_top=\u00a0\u00bb80&Prime; padding_bottom=\u00a0\u00bb0&Prime;][vc_column][vc_row_inner row_type=\u00a0\u00bbrow\u00a0\u00bb type=\u00a0\u00bbfull_width\u00a0\u00bb text_align=\u00a0\u00bbleft\u00a0\u00bb css_animation=\u00a0\u00bb\u00a0\u00bb][vc_column_inner width=\u00a0\u00bb1\/2&Prime;][vc_column_text][\/vc_column_text][vc_separator type=\u00a0\u00bbtransparent\u00a0\u00bb up=\u00a0\u00bb79&Prime; down=\u00a0\u00bb0&Prime;][\/vc_column_inner][vc_column_inner width=\u00a0\u00bb1\/2&Prime;][vc_column_text]Sisporta commercialise et donne de l&rsquo;assistance technique \u00e0 des portes rapides de la marque GLG (nous sommes r\u00e9presentants exclusifs), disponibles en six mod\u00e8les diff\u00e9rents:&#8230;<\/p>\n","protected":false},"author":1,"featured_media":0,"parent":0,"menu_order":0,"comment_status":"closed","ping_status":"closed","template":"full_width.php","meta":{"footnotes":""},"class_list":["post-16716","page","type-page","status-publish","hentry"],"_links":{"self":[{"href":"https:\/\/www.sisporta.com\/fr\/wp-json\/wp\/v2\/pages\/16716","targetHints":{"allow":["GET"]}}],"collection":[{"href":"https:\/\/www.sisporta.com\/fr\/wp-json\/wp\/v2\/pages"}],"about":[{"href":"https:\/\/www.sisporta.com\/fr\/wp-json\/wp\/v2\/types\/page"}],"author":[{"embeddable":true,"href":"https:\/\/www.sisporta.com\/fr\/wp-json\/wp\/v2\/users\/1"}],"replies":[{"embeddable":true,"href":"https:\/\/www.sisporta.com\/fr\/wp-json\/wp\/v2\/comments?post=16716"}],"version-history":[{"count":2,"href":"https:\/\/www.sisporta.com\/fr\/wp-json\/wp\/v2\/pages\/16716\/revisions"}],"predecessor-version":[{"id":16718,"href":"https:\/\/www.sisporta.com\/fr\/wp-json\/wp\/v2\/pages\/16716\/revisions\/16718"}],"wp:attachment":[{"href":"https:\/\/www.sisporta.com\/fr\/wp-json\/wp\/v2\/media?parent=16716"}],"curies":[{"name":"wp","href":"https:\/\/api.w.org\/{rel}","templated":true}]}}