{"id":16713,"date":"2018-11-12T15:43:03","date_gmt":"2018-11-12T15:43:03","guid":{"rendered":"https:\/\/www.sisporta.com\/portas-de-vidro-automaticas\/"},"modified":"2019-02-14T10:57:34","modified_gmt":"2019-02-14T10:57:34","slug":"portas-de-vidro-automaticas","status":"publish","type":"page","link":"https:\/\/www.sisporta.com\/fr\/portas-de-vidro-automaticas\/","title":{"rendered":"Portes en verre automatiques"},"content":{"rendered":"<div class=\"wpb-content-wrapper\"><p>[vc_row css_animation=\u00a0\u00bb\u00a0\u00bb row_type=\u00a0\u00bbrow\u00a0\u00bb use_row_as_full_screen_section=\u00a0\u00bbno\u00a0\u00bb type=\u00a0\u00bbgrid\u00a0\u00bb anchor=\u00a0\u00bbportfolio\u00a0\u00bb angled_section=\u00a0\u00bbno\u00a0\u00bb text_align=\u00a0\u00bbleft\u00a0\u00bb background_image_as_pattern=\u00a0\u00bbwithout_pattern\u00a0\u00bb background_color=\u00a0\u00bb#ffffff\u00a0\u00bb border_color=\u00a0\u00bb#eeeeee\u00a0\u00bb padding_top=\u00a0\u00bb80&Prime; padding_bottom=\u00a0\u00bb0&Prime;][vc_column][vc_row_inner row_type=\u00a0\u00bbrow\u00a0\u00bb type=\u00a0\u00bbfull_width\u00a0\u00bb text_align=\u00a0\u00bbleft\u00a0\u00bb css_animation=\u00a0\u00bb\u00a0\u00bb][vc_column_inner width=\u00a0\u00bb1\/2&Prime;][vc_column_text]<img decoding=\"async\" src=\"https:\/\/www.sisporta.com\/wp-content\/uploads\/2018\/11\/portas_automaticas_vidro_01.jpg\" alt=\"Portes en verre automatiques\" \/>[\/vc_column_text][vc_separator type=\u00a0\u00bbtransparent\u00a0\u00bb up=\u00a0\u00bb79&Prime; down=\u00a0\u00bb0&Prime;][\/vc_column_inner][vc_column_inner width=\u00a0\u00bb1\/2&Prime;][vc_column_text]Sisporta est une entreprise qui commercialise des portes automatiques en verre, coulissantes et battantes, avec des mod\u00e8les d&rsquo;une ou deux feuilles, en ayant la possibilit\u00e9 d&rsquo;int\u00e9grer ou non un encadrement en aluminium (laqu\u00e9 avec la couleur voulue ou en version naturelle).<\/p>\n<p>Utilis\u00e9s dans des locaux d&rsquo;usage massif, comme des <em>shoppings<\/em> et des entreprises, ces \u00e9quipements peuvent comprendre des profils antipanique, qui fonctionnent comme une sortie d&rsquo;\u00e9mergence, puisque les gens poussent les feuilles et elles pivotent \u00e0 90\u00ba.<\/p>\n<p>C&rsquo;est \u00e0 souligner que tous ces produits de la prestigi\u00e9e marque TAU sont fabriqu\u00e9s selon les normes de l&rsquo;Union Europ\u00e9enne, qui poss\u00e9dent 2 ans de garantie et que toute l&rsquo;assistance est assur\u00e9e par nos professionnels.<\/p>\n<p>Pour plus d&rsquo;informations par rapport aux portes automatiques, n&rsquo;h\u00e9sitez pas \u00e0 entrer en contact avec notre \u00e9quipe multidisciplinaire. Nous avons totale disponibilit\u00e9 pour \u00e9claircir vos doutes. Investissez en rigueur, qualit\u00e9 et au s\u00e9rieux.[\/vc_column_text][vc_separator type=\u00a0\u00bbtransparent\u00a0\u00bb up=\u00a0\u00bb79&Prime; down=\u00a0\u00bb0&Prime;][\/vc_column_inner][\/vc_row_inner][\/vc_column][\/vc_row][vc_row css_animation=\u00a0\u00bb\u00a0\u00bb row_type=\u00a0\u00bbrow\u00a0\u00bb use_row_as_full_screen_section=\u00a0\u00bbno\u00a0\u00bb type=\u00a0\u00bbgrid\u00a0\u00bb anchor=\u00a0\u00bbportfolio\u00a0\u00bb angled_section=\u00a0\u00bbno\u00a0\u00bb text_align=\u00a0\u00bbleft\u00a0\u00bb background_image_as_pattern=\u00a0\u00bbwithout_pattern\u00a0\u00bb background_color=\u00a0\u00bb#f8f8f8&Prime; border_color=\u00a0\u00bb#eeeeee\u00a0\u00bb padding_top=\u00a0\u00bb80&Prime; padding_bottom=\u00a0\u00bb0&Prime;][vc_column][vc_row_inner row_type=\u00a0\u00bbrow\u00a0\u00bb type=\u00a0\u00bbfull_width\u00a0\u00bb text_align=\u00a0\u00bbleft\u00a0\u00bb css_animation=\u00a0\u00bb\u00a0\u00bb][vc_column_inner width=\u00a0\u00bb1\/2&Prime;][vc_column_text]<\/p>\n<h2 class=\"p1\"><span class=\"s1\">PORTES AUTOMATIQUES EN VERRE COULISSANTES<\/span><\/h2>\n<p>[\/vc_column_text][vc_separator type=\u00a0\u00bbsmall\u00a0\u00bb position=\u00a0\u00bbleft\u00a0\u00bb color=\u00a0\u00bb#818181&Prime; up=\u00a0\u00bb13&Prime; down=\u00a0\u00bb33&Prime;][vc_column_text]Les portes automatiques en verre coulissantes (qui glissent vers les c\u00f4t\u00e9s), avec ou sans encadrement int\u00e9gr\u00e9, fonctionnent avec un moteur qui est actionn\u00e9 avec le passage des gens, en facilitant donc les entr\u00e9es et les sorties.<\/p>\n<p>Ces \u00e9quipements sont tr\u00e8s discrets, peuvent \u00eatre utilis\u00e9s dans tout type d&rsquo;espaces (modernes ou anciens), et en \u00e9tant donn\u00e9 qu&rsquo;ils ouvrent et ferment tout de suite, proportionnent des ambiances acueillantes (contr\u00f4le de la climatisation).<\/p>\n<p>Solicitez un budget 100% gratuit et sans engagement associ\u00e9 pour des portes automatiques en verre coulissantes et sachez tout de suite combien vous pouvez \u00e9conomiser si vous investissez \u00e0 notre connaissance diff\u00e9renci\u00e9e et diff\u00e9renciatrice.[\/vc_column_text][vc_separator type=\u00a0\u00bbtransparent\u00a0\u00bb up=\u00a0\u00bb79&Prime; down=\u00a0\u00bb0&Prime;][\/vc_column_inner][vc_column_inner width=\u00a0\u00bb1\/2&Prime;][vc_column_text]<img decoding=\"async\" src=\"https:\/\/www.sisporta.com\/wp-content\/uploads\/2018\/11\/portas_automaticas_correr.jpg\" alt=\"PORTES AUTOMATIQUES EN VERRE COULISSANTES\" \/>[\/vc_column_text][vc_separator type=\u00a0\u00bbtransparent\u00a0\u00bb up=\u00a0\u00bb79&Prime; down=\u00a0\u00bb0&Prime;][\/vc_column_inner][\/vc_row_inner][\/vc_column][\/vc_row][vc_row css_animation=\u00a0\u00bb\u00a0\u00bb row_type=\u00a0\u00bbrow\u00a0\u00bb use_row_as_full_screen_section=\u00a0\u00bbno\u00a0\u00bb type=\u00a0\u00bbgrid\u00a0\u00bb anchor=\u00a0\u00bbportfolio\u00a0\u00bb angled_section=\u00a0\u00bbno\u00a0\u00bb text_align=\u00a0\u00bbleft\u00a0\u00bb background_image_as_pattern=\u00a0\u00bbwithout_pattern\u00a0\u00bb background_color=\u00a0\u00bb#ffffff\u00a0\u00bb border_color=\u00a0\u00bb#eeeeee\u00a0\u00bb padding_top=\u00a0\u00bb80&Prime; padding_bottom=\u00a0\u00bb0&Prime;][vc_column][vc_row_inner row_type=\u00a0\u00bbrow\u00a0\u00bb type=\u00a0\u00bbfull_width\u00a0\u00bb text_align=\u00a0\u00bbleft\u00a0\u00bb css_animation=\u00a0\u00bb\u00a0\u00bb][vc_column_inner width=\u00a0\u00bb1\/2&Prime;][vc_column_text]<img decoding=\"async\" src=\"https:\/\/www.sisporta.com\/wp-content\/uploads\/2018\/11\/porta_automatica_batente.jpg\" alt=\"PORTES AUTOMATIQUES EN VERRE BATTANTES\" \/>[\/vc_column_text][vc_separator type=\u00a0\u00bbtransparent\u00a0\u00bb up=\u00a0\u00bb79&Prime; down=\u00a0\u00bb0&Prime;][\/vc_column_inner][vc_column_inner width=\u00a0\u00bb1\/2&Prime;][vc_column_text]<\/p>\n<h2 class=\"p1\"><span class=\"s1\">PORTES AUTOMATIQUES EN VERRE BATTANTES<\/span><\/h2>\n<p>[\/vc_column_text][vc_separator type=\u00a0\u00bbsmall\u00a0\u00bb position=\u00a0\u00bbleft\u00a0\u00bb color=\u00a0\u00bb#818181&Prime; up=\u00a0\u00bb13&Prime; down=\u00a0\u00bb33&Prime;][vc_column_text]Nous vendons des automatismes (moteurs) pour portes en verre, en bois et en aluminium battantes (celles qui ouvrent et ferment de fa\u00e7on traditionnelle), dont le syst\u00e8me est int\u00e9gr\u00e9 dans la partie sup\u00e9rieure, en facilitant les acc\u00e8s aux gens, surtout ceux qui ont de la mobilit\u00e9 r\u00e9duite.<\/p>\n<p>Ces \u00e9quipements d&rsquo;haut de gamme sont extr\u00eamement r\u00e9sistants et s\u00fbrs (verres tr\u00e8s difficiles \u00e0 briser et qui ne coincent pas les doigts), et peuvent \u00eatre command\u00e9s en plusieures tailles, avec ou sans syst\u00e8me antipanique compris (sortie d&rsquo;\u00e9mergence).<\/p>\n<p>Pour quelque information additionnelle par rapport aux portes automatiques en verre battantes, demandez une opinion sp\u00e9cialis\u00e9e \u00e0 nos techniciens, lesquels vous indiquent quelle est la solution la plus avantageuse (\u00e9conomique et efficace) pour votre cas en concret.[\/vc_column_text][vc_separator type=\u00a0\u00bbtransparent\u00a0\u00bb up=\u00a0\u00bb79&Prime; down=\u00a0\u00bb0&Prime;][\/vc_column_inner][\/vc_row_inner][\/vc_column][\/vc_row][vc_row css_animation=\u00a0\u00bb\u00a0\u00bb row_type=\u00a0\u00bbrow\u00a0\u00bb use_row_as_full_screen_section=\u00a0\u00bbno\u00a0\u00bb type=\u00a0\u00bbgrid\u00a0\u00bb anchor=\u00a0\u00bbportfolio\u00a0\u00bb angled_section=\u00a0\u00bbno\u00a0\u00bb text_align=\u00a0\u00bbleft\u00a0\u00bb background_image_as_pattern=\u00a0\u00bbwithout_pattern\u00a0\u00bb background_color=\u00a0\u00bb#f8f8f8&Prime; border_color=\u00a0\u00bb#eeeeee\u00a0\u00bb padding_top=\u00a0\u00bb80&Prime; padding_bottom=\u00a0\u00bb0&Prime;][vc_column][vc_row_inner row_type=\u00a0\u00bbrow\u00a0\u00bb type=\u00a0\u00bbfull_width\u00a0\u00bb text_align=\u00a0\u00bbleft\u00a0\u00bb css_animation=\u00a0\u00bb\u00a0\u00bb][vc_column_inner width=\u00a0\u00bb1\/2&Prime;][vc_column_text]<\/p>\n<h2 class=\"p1\"><span class=\"s1\">AVANTAGES DES PORTES AUTOMATIQUES EN VERRE<\/span><\/h2>\n<p>[\/vc_column_text][vc_separator type=\u00a0\u00bbsmall\u00a0\u00bb position=\u00a0\u00bbleft\u00a0\u00bb color=\u00a0\u00bb#818181&Prime; up=\u00a0\u00bb13&Prime; down=\u00a0\u00bb33&Prime;][vc_column_text]Il y a des nombreux avantages pour qui opte par les portes automatiques en verre de la marque italienne de r\u00e9ference TAU, notamment:<\/p>\n<ul>\n<li>Visuellement tr\u00e8s \u00e9legantes et discr\u00e8tes<\/li>\n<li>Moteur silencieux et sans aucun type de vibrations<\/li>\n<li>Diversit\u00e9 de mod\u00e8les et large gamme de finissages<\/li>\n<li>Facilitent le passage surtout aux gens avec de la mobilit\u00e9 r\u00e9duite<\/li>\n<li>Optimisent la consommation d&rsquo;\u00e9nergie (maintiennent les ambiances chaudes ou froides)<\/li>\n<li>Sont extr\u00eamement s\u00fbres (ne coincent pas) et r\u00e9sistantes (difficiles \u00e0 briser)<\/li>\n<li>Sont faites avec des mat\u00e9riaux d&rsquo;exc\u00e9llence, d\u00fbment test\u00e9s par des entit\u00e9s du secteur<\/li>\n<li>Au cas o\u00f9 il y a l&rsquo;int\u00e9gration d&rsquo;encadrements en aluminium, ceux peuvent \u00eatre laqu\u00e9s \u00e0 la couleur pr\u00e9tendue ou vendus au naturel<\/li>\n<li>Peuvent avoir une barre antipanique (fonctionne comme sortie d&rsquo;\u00e9mergence d&rsquo;ouverture manuelle, tr\u00e8s utile en cas d&rsquo;urgence).<\/li>\n<\/ul>\n<p>[\/vc_column_text][vc_separator type=\u00a0\u00bbtransparent\u00a0\u00bb up=\u00a0\u00bb79&Prime; down=\u00a0\u00bb0&Prime;][\/vc_column_inner][vc_column_inner width=\u00a0\u00bb1\/2&Prime;][vc_column_text]<img decoding=\"async\" src=\"https:\/\/www.sisporta.com\/wp-content\/uploads\/2018\/11\/porta_automatica_batente_01.jpg\" alt=\"AVANTAGES DES PORTES AUTOMATIQUES EN VERRE\" \/>[\/vc_column_text][vc_separator type=\u00a0\u00bbtransparent\u00a0\u00bb up=\u00a0\u00bb79&Prime; down=\u00a0\u00bb0&Prime;][\/vc_column_inner][\/vc_row_inner][\/vc_column][\/vc_row][vc_row css_animation=\u00a0\u00bb\u00a0\u00bb row_type=\u00a0\u00bbrow\u00a0\u00bb use_row_as_full_screen_section=\u00a0\u00bbno\u00a0\u00bb type=\u00a0\u00bbgrid\u00a0\u00bb anchor=\u00a0\u00bbportfolio\u00a0\u00bb angled_section=\u00a0\u00bbno\u00a0\u00bb text_align=\u00a0\u00bbleft\u00a0\u00bb background_image_as_pattern=\u00a0\u00bbwithout_pattern\u00a0\u00bb background_color=\u00a0\u00bb#ffffff\u00a0\u00bb padding_top=\u00a0\u00bb80&Prime; padding_bottom=\u00a0\u00bb0&Prime;][vc_column][vc_row_inner row_type=\u00a0\u00bbrow\u00a0\u00bb type=\u00a0\u00bbfull_width\u00a0\u00bb text_align=\u00a0\u00bbleft\u00a0\u00bb css_animation=\u00a0\u00bb\u00a0\u00bb][vc_column_inner width=\u00a0\u00bb1\/2&Prime;][vc_column_text]<img decoding=\"async\" src=\"https:\/\/www.sisporta.com\/wp-content\/uploads\/2018\/11\/portas_automaticas_modelos.jpg\" alt=\"MOD\u00c8LES DE PORTES AUTOMATIQUES EN VERRE\" \/>[\/vc_column_text][vc_separator type=\u00a0\u00bbtransparent\u00a0\u00bb up=\u00a0\u00bb79&Prime; down=\u00a0\u00bb0&Prime;][\/vc_column_inner][vc_column_inner width=\u00a0\u00bb1\/2&Prime;][vc_column_text]<\/p>\n<h2 class=\"p1\"><span class=\"s1\">MOD\u00c8LES DE PORTES AUTOMATIQUES EN VERRE<\/span><\/h2>\n<p>[\/vc_column_text][vc_separator type=\u00a0\u00bbsmall\u00a0\u00bb position=\u00a0\u00bbleft\u00a0\u00bb color=\u00a0\u00bb#818181&Prime; up=\u00a0\u00bb13&Prime; down=\u00a0\u00bb33&Prime;][vc_column_text]Nous disposons des suivants mod\u00e8les de portes automatiques en verre:<\/p>\n<ul>\n<li>Pivotantes<\/li>\n<li>D&rsquo;une feuille<\/li>\n<li>De deux feuilles<\/li>\n<\/ul>\n<p>[\/vc_column_text][vc_separator type=\u00a0\u00bbtransparent\u00a0\u00bb up=\u00a0\u00bb79&Prime; down=\u00a0\u00bb0&Prime;][\/vc_column_inner][\/vc_row_inner][\/vc_column][\/vc_row][vc_row css_animation=\u00a0\u00bb\u00a0\u00bb row_type=\u00a0\u00bbrow\u00a0\u00bb use_row_as_full_screen_section=\u00a0\u00bbno\u00a0\u00bb type=\u00a0\u00bbgrid\u00a0\u00bb anchor=\u00a0\u00bbportfolio\u00a0\u00bb angled_section=\u00a0\u00bbno\u00a0\u00bb text_align=\u00a0\u00bbleft\u00a0\u00bb background_image_as_pattern=\u00a0\u00bbwithout_pattern\u00a0\u00bb background_color=\u00a0\u00bb#f8f8f8&Prime; border_color=\u00a0\u00bb#eeeeee\u00a0\u00bb padding_top=\u00a0\u00bb80&Prime; padding_bottom=\u00a0\u00bb0&Prime;][vc_column][vc_row_inner row_type=\u00a0\u00bbrow\u00a0\u00bb type=\u00a0\u00bbfull_width\u00a0\u00bb text_align=\u00a0\u00bbleft\u00a0\u00bb css_animation=\u00a0\u00bb\u00a0\u00bb][vc_column_inner width=\u00a0\u00bb1\/2&Prime;][vc_column_text]<\/p>\n<h2 class=\"p1\"><span class=\"s1\">PROFILS\/ENCADREMENTS DES PORTES AUTOMATIQUES EN VERRE<\/span><\/h2>\n<p>[\/vc_column_text][vc_separator type=\u00a0\u00bbsmall\u00a0\u00bb position=\u00a0\u00bbleft\u00a0\u00bb color=\u00a0\u00bb#818181&Prime; up=\u00a0\u00bb13&Prime; down=\u00a0\u00bb33&Prime;][vc_column_text]Nous disposons des suivants profils\/encadrements pour des portes automatiques en verre:<\/p>\n<ul>\n<li>Profil antipanique<\/li>\n<li>Profil en aluminium laqu\u00e9<\/li>\n<\/ul>\n<p>[\/vc_column_text][vc_separator type=\u00a0\u00bbtransparent\u00a0\u00bb up=\u00a0\u00bb79&Prime; down=\u00a0\u00bb0&Prime;][\/vc_column_inner][vc_column_inner width=\u00a0\u00bb1\/2&Prime;][vc_column_text]<img decoding=\"async\" src=\"https:\/\/www.sisporta.com\/wp-content\/uploads\/2018\/11\/portas_automaticas_perfis.jpg\" alt=\"PROFILS\/ENCADREMENTS DES PORTES AUTOMATIQUES EN VERRE\" \/>[\/vc_column_text][vc_separator type=\u00a0\u00bbtransparent\u00a0\u00bb up=\u00a0\u00bb79&Prime; down=\u00a0\u00bb0&Prime;][\/vc_column_inner][\/vc_row_inner][\/vc_column][\/vc_row][vc_row css_animation=\u00a0\u00bb\u00a0\u00bb row_type=\u00a0\u00bbrow\u00a0\u00bb use_row_as_full_screen_section=\u00a0\u00bbno\u00a0\u00bb type=\u00a0\u00bbgrid\u00a0\u00bb anchor=\u00a0\u00bbportfolio\u00a0\u00bb angled_section=\u00a0\u00bbno\u00a0\u00bb text_align=\u00a0\u00bbleft\u00a0\u00bb background_image_as_pattern=\u00a0\u00bbwithout_pattern\u00a0\u00bb background_color=\u00a0\u00bb#ffffff\u00a0\u00bb padding_top=\u00a0\u00bb80&Prime; padding_bottom=\u00a0\u00bb0&Prime;][vc_column][vc_row_inner row_type=\u00a0\u00bbrow\u00a0\u00bb type=\u00a0\u00bbfull_width\u00a0\u00bb text_align=\u00a0\u00bbleft\u00a0\u00bb css_animation=\u00a0\u00bb\u00a0\u00bb][vc_column_inner width=\u00a0\u00bb1\/2&Prime;][vc_column_text]<img decoding=\"async\" src=\"https:\/\/www.sisporta.com\/wp-content\/uploads\/2018\/11\/portas_automaticas_mecanismos.jpg\" alt=\"MECANISMES DES PORTES AUTOMATIQUES EN VERRE\" \/>[\/vc_column_text][vc_separator type=\u00a0\u00bbtransparent\u00a0\u00bb up=\u00a0\u00bb79&Prime; down=\u00a0\u00bb0&Prime;][\/vc_column_inner][vc_column_inner width=\u00a0\u00bb1\/2&Prime;][vc_column_text]<\/p>\n<h2 class=\"p1\"><span class=\"s1\">MECANISMES DES PORTES AUTOMATIQUES EN VERRE<\/span><\/h2>\n<p>[\/vc_column_text][vc_separator type=\u00a0\u00bbsmall\u00a0\u00bb position=\u00a0\u00bbleft\u00a0\u00bb color=\u00a0\u00bb#818181&Prime; up=\u00a0\u00bb13&Prime; down=\u00a0\u00bb33&Prime;][vc_column_text]Les portes automatiques en verre sont constitu\u00e9es par les m\u00e9canismes suivants:<\/p>\n<ul>\n<li>Moteur<\/li>\n<li>Batterie<\/li>\n<li>Tableau \u00e9lectrique<\/li>\n<li>Pinces de compression pour verre (10 mm)<\/li>\n<li>S\u00e9lecteur de manoeuvres digital\/analogique<\/li>\n<li>Verrou \u00e9lectrom\u00e9canique avec d\u00e9bloquages<\/li>\n<li>Radar de mouvement-pr\u00e9sence (EN16003).<\/li>\n<\/ul>\n<p>[\/vc_column_text][vc_separator type=\u00a0\u00bbtransparent\u00a0\u00bb up=\u00a0\u00bb79&Prime; down=\u00a0\u00bb0&Prime;][\/vc_column_inner][\/vc_row_inner][vc_row_inner row_type=\u00a0\u00bbrow\u00a0\u00bb type=\u00a0\u00bbfull_width\u00a0\u00bb text_align=\u00a0\u00bbleft\u00a0\u00bb css_animation=\u00a0\u00bb\u00a0\u00bb][vc_column_inner][vc_column_text el_class=\u00a0\u00bblocalidades\u00a0\u00bb]<\/p>\n<p class=\"p1\"><strong><span class=\"s1\">Vente de portes automatiques en verre avec ou sans syst\u00e8me antipanique, avec ou sans profil (cadres en aluminium)<\/span><\/strong><\/p>\n<p class=\"p2\"><span class=\"s1\">LISBOA Ajuda| Alc\u00e2ntara| Alvalade| Areeiro| Arroios | Avenidas Novas | Beato |Bel\u00e9m | Benfica | Campo de Ourique | Campolide | Carnide | Estrela | Lumiar | Marvila | Miseric\u00f3rdia | Olivais | Parque das Na\u00e7\u00f5es | Penha de Fran\u00e7a | Santa Clara | Santa Maria Maior |Santo Ant\u00f3nio | S\u00e3o Domingos de Benfica | S\u00e3o Vicente\u00a0<\/span><span class=\"s1\">Cascais Alcabideche | Carcavelos | Estoril | Parede | S\u00e3o Domingos de Rana\u00a0<\/span><span class=\"s1\">OEIRAS Alg\u00e9s | Carnaxide | Pa\u00e7o de Arcos | Porto Salvo | S\u00e3o Marcos\u00a0<\/span><span class=\"s1\">AMADORA Alfragide | Brandoa | Buraca | Damaia | Reboleira | Venda Nova\u00a0\u00a0<\/span><span class=\"s1\">ALMADA Caparica | Costa da Caparica | Feij\u00f3 | Pragal | Trafaria | Cacilhas | Charneca de Caparica | Cova da Piedade | Laranjeiro | Sobreda\u00a0<\/span><span class=\"s1\">SINTRA Algueir\u00e3o | Belas | Cac\u00e9m | Massam\u00e1 | Queluz | Rio de Mouro | Terrugem <\/span><\/p>\n<p>[\/vc_column_text][vc_separator type=\u00a0\u00bbtransparent\u00a0\u00bb up=\u00a0\u00bb79&Prime; down=\u00a0\u00bb0&Prime;][\/vc_column_inner][\/vc_row_inner][\/vc_column][\/vc_row]<\/p>\n<\/div>","protected":false},"excerpt":{"rendered":"<p>[vc_row css_animation=\u00a0\u00bb\u00a0\u00bb row_type=\u00a0\u00bbrow\u00a0\u00bb use_row_as_full_screen_section=\u00a0\u00bbno\u00a0\u00bb type=\u00a0\u00bbgrid\u00a0\u00bb anchor=\u00a0\u00bbportfolio\u00a0\u00bb angled_section=\u00a0\u00bbno\u00a0\u00bb text_align=\u00a0\u00bbleft\u00a0\u00bb background_image_as_pattern=\u00a0\u00bbwithout_pattern\u00a0\u00bb background_color=\u00a0\u00bb#ffffff\u00a0\u00bb border_color=\u00a0\u00bb#eeeeee\u00a0\u00bb padding_top=\u00a0\u00bb80&Prime; padding_bottom=\u00a0\u00bb0&Prime;][vc_column][vc_row_inner row_type=\u00a0\u00bbrow\u00a0\u00bb type=\u00a0\u00bbfull_width\u00a0\u00bb text_align=\u00a0\u00bbleft\u00a0\u00bb css_animation=\u00a0\u00bb\u00a0\u00bb][vc_column_inner width=\u00a0\u00bb1\/2&Prime;][vc_column_text][\/vc_column_text][vc_separator type=\u00a0\u00bbtransparent\u00a0\u00bb up=\u00a0\u00bb79&Prime; down=\u00a0\u00bb0&Prime;][\/vc_column_inner][vc_column_inner width=\u00a0\u00bb1\/2&Prime;][vc_column_text]Sisporta est une entreprise qui commercialise des portes automatiques en verre, coulissantes et battantes, avec des mod\u00e8les d&rsquo;une ou deux feuilles, en ayant la&#8230;<\/p>\n","protected":false},"author":1,"featured_media":0,"parent":0,"menu_order":0,"comment_status":"closed","ping_status":"closed","template":"full_width.php","meta":{"footnotes":""},"class_list":["post-16713","page","type-page","status-publish","hentry"],"_links":{"self":[{"href":"https:\/\/www.sisporta.com\/fr\/wp-json\/wp\/v2\/pages\/16713","targetHints":{"allow":["GET"]}}],"collection":[{"href":"https:\/\/www.sisporta.com\/fr\/wp-json\/wp\/v2\/pages"}],"about":[{"href":"https:\/\/www.sisporta.com\/fr\/wp-json\/wp\/v2\/types\/page"}],"author":[{"embeddable":true,"href":"https:\/\/www.sisporta.com\/fr\/wp-json\/wp\/v2\/users\/1"}],"replies":[{"embeddable":true,"href":"https:\/\/www.sisporta.com\/fr\/wp-json\/wp\/v2\/comments?post=16713"}],"version-history":[{"count":2,"href":"https:\/\/www.sisporta.com\/fr\/wp-json\/wp\/v2\/pages\/16713\/revisions"}],"predecessor-version":[{"id":16715,"href":"https:\/\/www.sisporta.com\/fr\/wp-json\/wp\/v2\/pages\/16713\/revisions\/16715"}],"wp:attachment":[{"href":"https:\/\/www.sisporta.com\/fr\/wp-json\/wp\/v2\/media?parent=16713"}],"curies":[{"name":"wp","href":"https:\/\/api.w.org\/{rel}","templated":true}]}}