{"id":16710,"date":"2018-11-12T16:55:51","date_gmt":"2018-11-12T16:55:51","guid":{"rendered":"https:\/\/www.sisporta.com\/grades-de-seguranca\/"},"modified":"2019-02-14T10:28:32","modified_gmt":"2019-02-14T10:28:32","slug":"grades-de-seguranca","status":"publish","type":"page","link":"https:\/\/www.sisporta.com\/fr\/grades-de-seguranca\/","title":{"rendered":"Grilles de s\u00e9curit\u00e9"},"content":{"rendered":"<div class=\"wpb-content-wrapper\"><p>[vc_row css_animation=\u00a0\u00bb\u00a0\u00bb row_type=\u00a0\u00bbrow\u00a0\u00bb use_row_as_full_screen_section=\u00a0\u00bbno\u00a0\u00bb type=\u00a0\u00bbgrid\u00a0\u00bb anchor=\u00a0\u00bbportfolio\u00a0\u00bb angled_section=\u00a0\u00bbno\u00a0\u00bb text_align=\u00a0\u00bbleft\u00a0\u00bb background_image_as_pattern=\u00a0\u00bbwithout_pattern\u00a0\u00bb background_color=\u00a0\u00bb#ffffff\u00a0\u00bb border_color=\u00a0\u00bb#eeeeee\u00a0\u00bb padding_top=\u00a0\u00bb80&Prime; padding_bottom=\u00a0\u00bb0&Prime;][vc_column][vc_row_inner row_type=\u00a0\u00bbrow\u00a0\u00bb type=\u00a0\u00bbfull_width\u00a0\u00bb text_align=\u00a0\u00bbleft\u00a0\u00bb css_animation=\u00a0\u00bb\u00a0\u00bb][vc_column_inner width=\u00a0\u00bb1\/2&Prime;][vc_column_text]<img decoding=\"async\" src=\"https:\/\/www.sisporta.com\/wp-content\/uploads\/2018\/11\/grades_seguranca_01.jpg\" alt=\"Grilles de s\u00e9curit\u00e9\" \/>[\/vc_column_text][vc_separator type=\u00a0\u00bbtransparent\u00a0\u00bb up=\u00a0\u00bb79&Prime; down=\u00a0\u00bb0&Prime;][\/vc_column_inner][vc_column_inner width=\u00a0\u00bb1\/2&Prime;][vc_column_text]Sisporta commercialise des grilles de s\u00e9curit\u00e9, soit d&rsquo;enrouller (syst\u00e8me de rouleau), soit \u00a0\u00e0 chenilles (r\u00e9cueillent vers le c\u00f4t\u00e9), en plusieures couleurs et qui s&rsquo;appliquent aux r\u00e9sidences, entreprises et commerce \u00e0 prix tr\u00e8s comp\u00e9titifs.<\/p>\n<p>Ce type d&rsquo;\u00e9quipements est extr\u00eamement utile pour assurer une excellente protection \u00e0 votre maison ou affair, puisque les mat\u00e9riaux utilis\u00e9s (acier ou aluminium) sont hautement r\u00e9sistants \u00e0 n&rsquo;importe quel type d&rsquo;assauts.<\/p>\n<p>Pour plus d&rsquo;informations par rapport aux grilles de s\u00e9curit\u00e9, n&rsquo;h\u00e9sitez pas \u00e0 entrer en contact avec notre \u00e9quipe multidisciplinaire. Garantie de 2 ans pour tous les produits, lesquels sont produits selon les normes de l&rsquo;Union Europ\u00e9enne.[\/vc_column_text][vc_separator type=\u00a0\u00bbtransparent\u00a0\u00bb up=\u00a0\u00bb79&Prime; down=\u00a0\u00bb0&Prime;][\/vc_column_inner][\/vc_row_inner][\/vc_column][\/vc_row][vc_row css_animation=\u00a0\u00bb\u00a0\u00bb row_type=\u00a0\u00bbrow\u00a0\u00bb use_row_as_full_screen_section=\u00a0\u00bbno\u00a0\u00bb type=\u00a0\u00bbgrid\u00a0\u00bb anchor=\u00a0\u00bbportfolio\u00a0\u00bb angled_section=\u00a0\u00bbno\u00a0\u00bb text_align=\u00a0\u00bbleft\u00a0\u00bb background_image_as_pattern=\u00a0\u00bbwithout_pattern\u00a0\u00bb background_color=\u00a0\u00bb#f8f8f8&Prime; border_color=\u00a0\u00bb#eeeeee\u00a0\u00bb padding_top=\u00a0\u00bb80&Prime; padding_bottom=\u00a0\u00bb0&Prime;][vc_column][vc_row_inner row_type=\u00a0\u00bbrow\u00a0\u00bb type=\u00a0\u00bbfull_width\u00a0\u00bb text_align=\u00a0\u00bbleft\u00a0\u00bb css_animation=\u00a0\u00bb\u00a0\u00bb][vc_column_inner width=\u00a0\u00bb1\/2&Prime;][vc_column_text]<\/p>\n<h2 class=\"p1\"><span class=\"s1\"> GRILLES DE S\u00c9CURIT\u00c9 D&rsquo;ENROULER<\/span><\/h2>\n<p>[\/vc_column_text][vc_separator type=\u00a0\u00bbsmall\u00a0\u00bb position=\u00a0\u00bbleft\u00a0\u00bb color=\u00a0\u00bb#818181&Prime; up=\u00a0\u00bb13&Prime; down=\u00a0\u00bb33&Prime;][vc_column_text]Les grilles de s\u00e9curit\u00e9 d&rsquo;enrouler sont fabriqu\u00e9es en aluminium ou acier, peuvent \u00eatre \u00e9lectriques (avec commande et moteur) ouu manuelles (serrures traditionnelles) et peuvent encore \u00eatre ou non termiques (qui isolent vos biens des diff\u00e9rences de temp\u00e9rature et des bruits).<\/p>\n<p>Ces solutions innovateures et ultrar\u00e9sistantes sont disponibles sous les fa\u00e7ons suivantes (design tr\u00e8s agr\u00e9able): opaques (ferm\u00e9es), perc\u00e9es (barres, hexagonale, brique, anneau, losange et tubes) et encore microperc\u00e9es (briquetage, volet et hexagonale).<\/p>\n<p>Demandez tout de suite un budget 100% gratuit et sans aucun type d&rsquo;engagement associ\u00e9 pour des\u00a0 grilles d&rsquo;enrouler et \u00e9conomisez consid\u00e9rablement gr\u00e2ce \u00e0 notre fa\u00e7on de travailler diff\u00e9rente et meilleure. Accomplissement rigoureux de dates limite et maximum de qualit\u00e9 de mat\u00e9riaux.[\/vc_column_text][vc_separator type=\u00a0\u00bbtransparent\u00a0\u00bb up=\u00a0\u00bb79&Prime; down=\u00a0\u00bb0&Prime;][\/vc_column_inner][vc_column_inner width=\u00a0\u00bb1\/2&Prime;][vc_column_text]<img decoding=\"async\" src=\"https:\/\/www.sisporta.com\/wp-content\/uploads\/2018\/11\/grades_seguranca_02b.jpg\" alt=\"GRILLES DE S\u00c9CURIT\u00c9 D'ENROULER\" \/>[\/vc_column_text][vc_separator type=\u00a0\u00bbtransparent\u00a0\u00bb up=\u00a0\u00bb79&Prime; down=\u00a0\u00bb0&Prime;][\/vc_column_inner][\/vc_row_inner][\/vc_column][\/vc_row][vc_row css_animation=\u00a0\u00bb\u00a0\u00bb row_type=\u00a0\u00bbrow\u00a0\u00bb use_row_as_full_screen_section=\u00a0\u00bbno\u00a0\u00bb type=\u00a0\u00bbgrid\u00a0\u00bb anchor=\u00a0\u00bbportfolio\u00a0\u00bb angled_section=\u00a0\u00bbno\u00a0\u00bb text_align=\u00a0\u00bbleft\u00a0\u00bb background_image_as_pattern=\u00a0\u00bbwithout_pattern\u00a0\u00bb background_color=\u00a0\u00bb#ffffff\u00a0\u00bb border_color=\u00a0\u00bb#eeeeee\u00a0\u00bb padding_top=\u00a0\u00bb80&Prime; padding_bottom=\u00a0\u00bb0&Prime;][vc_column][vc_row_inner row_type=\u00a0\u00bbrow\u00a0\u00bb type=\u00a0\u00bbfull_width\u00a0\u00bb text_align=\u00a0\u00bbleft\u00a0\u00bb css_animation=\u00a0\u00bb\u00a0\u00bb][vc_column_inner width=\u00a0\u00bb1\/2&Prime;][vc_column_text]<img decoding=\"async\" src=\"https:\/\/www.sisporta.com\/wp-content\/uploads\/2018\/11\/grades_seguranca_03.jpg\" alt=\"GRILLES DE S\u00c9CURIT\u00c9 \u00c0 CHENILLES\" \/>[\/vc_column_text][vc_separator type=\u00a0\u00bbtransparent\u00a0\u00bb up=\u00a0\u00bb79&Prime; down=\u00a0\u00bb0&Prime;][\/vc_column_inner][vc_column_inner width=\u00a0\u00bb1\/2&Prime;][vc_column_text]<\/p>\n<h2 class=\"p1\"><span class=\"s1\">GRILLES DE S\u00c9CURIT\u00c9 \u00c0 CHENILLES<\/span><\/h2>\n<p>[\/vc_column_text][vc_separator type=\u00a0\u00bbsmall\u00a0\u00bb position=\u00a0\u00bbleft\u00a0\u00bb color=\u00a0\u00bb#818181&Prime; up=\u00a0\u00bb13&Prime; down=\u00a0\u00bb33&Prime;][vc_column_text]Les grilles de s\u00e9curit\u00e9 \u00e0 chenilles sont toujours produites en acier, poss\u00e9dent un syst\u00e8me d&rsquo;ouverture\/fermeture qui r\u00e9cueille vers le c\u00f4t\u00e9 et n&rsquo;int\u00e9grent jamais des components termiques (n&rsquo;isolent pas les espaces au niveau acoustique et \u00e9nerg\u00e9tique).<\/p>\n<p>Ces \u00e9quipements sont tr\u00e8s utilis\u00e9s dans des espaces r\u00e9sidentiels (villas et appartements), puisque en \u00e9tant donn\u00e9 qu&rsquo;elles ne sont pas fixes, permettent d&rsquo;ouvrir fen\u00eatres, portes et balcons, en diminuant un peu la sensation d&rsquo;\u00eatre en \u00ab\u00a0prison\u00a0\u00bb.<\/p>\n<p>Afin d&rsquo;obtenir quelque information aditionnelle par rapport aux grilles de s\u00e9curit\u00e9 \u00e0 chenilles, entrez en contact avec nos professionnels. Nous avons totale disponibilit\u00e9 pour donner un excellent avis technique pour chaque cas.[\/vc_column_text][vc_separator type=\u00a0\u00bbtransparent\u00a0\u00bb up=\u00a0\u00bb79&Prime; down=\u00a0\u00bb0&Prime;][\/vc_column_inner][\/vc_row_inner][\/vc_column][\/vc_row][vc_row css_animation=\u00a0\u00bb\u00a0\u00bb row_type=\u00a0\u00bbrow\u00a0\u00bb use_row_as_full_screen_section=\u00a0\u00bbno\u00a0\u00bb type=\u00a0\u00bbgrid\u00a0\u00bb anchor=\u00a0\u00bbportfolio\u00a0\u00bb angled_section=\u00a0\u00bbno\u00a0\u00bb text_align=\u00a0\u00bbleft\u00a0\u00bb background_image_as_pattern=\u00a0\u00bbwithout_pattern\u00a0\u00bb background_color=\u00a0\u00bb#f8f8f8&Prime; border_color=\u00a0\u00bb#eeeeee\u00a0\u00bb padding_top=\u00a0\u00bb80&Prime; padding_bottom=\u00a0\u00bb0&Prime;][vc_column][vc_row_inner row_type=\u00a0\u00bbrow\u00a0\u00bb type=\u00a0\u00bbfull_width\u00a0\u00bb text_align=\u00a0\u00bbleft\u00a0\u00bb css_animation=\u00a0\u00bb\u00a0\u00bb][vc_column_inner width=\u00a0\u00bb1\/2&Prime;][vc_column_text]<\/p>\n<h2>GRILLES DE S\u00c9CURIT\u00c9 T\u00c9RMIQUES<\/h2>\n<p>[\/vc_column_text][vc_separator type=\u00a0\u00bbsmall\u00a0\u00bb position=\u00a0\u00bbleft\u00a0\u00bb color=\u00a0\u00bb#818181&Prime; up=\u00a0\u00bb13&Prime; down=\u00a0\u00bb33&Prime;][vc_column_text]Les grilles de s\u00e9curit\u00e9 t\u00e9rmiques peuvent seulement \u00eatre fabriqu\u00e9es sous le syst\u00e8me d&rsquo;enrouler, soit en acier soit en aluminium, en existant plusieures options au niveau de couleur pour appliquer aux m\u00eames.<\/p>\n<p>Ces solutions (n\u00e9cessairement ferm\u00e9es), manuelles ou \u00e9lectriques (avec moteur) sont id\u00e9ales pour maintenir la temp\u00e9rature des espaces (froid et chaleur) intacte et isoler les m\u00eames de bruits ind\u00e9sir\u00e9s.<\/p>\n<p>Pour plus de d\u00e9tails par rapport aux grilles de s\u00e9curit\u00e9 t\u00e9rmiques, consultez nos catalogues et demandez une opinion sp\u00e9cialis\u00e9e \u00e0 nos techniciens avec formation, certification et exp\u00e9rience d\u00e9montr\u00e9e dans cet aire d&rsquo;activit\u00e9.[\/vc_column_text][vc_separator type=\u00a0\u00bbtransparent\u00a0\u00bb up=\u00a0\u00bb79&Prime; down=\u00a0\u00bb0&Prime;][\/vc_column_inner][vc_column_inner width=\u00a0\u00bb1\/2&Prime;][vc_column_text]<img decoding=\"async\" src=\"https:\/\/www.sisporta.com\/wp-content\/uploads\/2018\/11\/grades_seguranca_04.jpg\" alt=\"GRILLES DE S\u00c9CURIT\u00c9 T\u00c9RMIQUES\" \/>[\/vc_column_text][vc_separator type=\u00a0\u00bbtransparent\u00a0\u00bb up=\u00a0\u00bb79&Prime; down=\u00a0\u00bb0&Prime;][\/vc_column_inner][\/vc_row_inner][\/vc_column][\/vc_row][vc_row css_animation=\u00a0\u00bb\u00a0\u00bb row_type=\u00a0\u00bbrow\u00a0\u00bb use_row_as_full_screen_section=\u00a0\u00bbno\u00a0\u00bb type=\u00a0\u00bbgrid\u00a0\u00bb anchor=\u00a0\u00bbportfolio\u00a0\u00bb angled_section=\u00a0\u00bbno\u00a0\u00bb text_align=\u00a0\u00bbleft\u00a0\u00bb background_image_as_pattern=\u00a0\u00bbwithout_pattern\u00a0\u00bb background_color=\u00a0\u00bb#ffffff\u00a0\u00bb padding_top=\u00a0\u00bb80&Prime; padding_bottom=\u00a0\u00bb0&Prime;][vc_column][vc_row_inner row_type=\u00a0\u00bbrow\u00a0\u00bb type=\u00a0\u00bbfull_width\u00a0\u00bb text_align=\u00a0\u00bbleft\u00a0\u00bb css_animation=\u00a0\u00bb\u00a0\u00bb][vc_column_inner width=\u00a0\u00bb1\/2&Prime;][vc_column_text]<img decoding=\"async\" src=\"https:\/\/www.sisporta.com\/wp-content\/uploads\/2018\/11\/grades_seguranca_enrolar_05.jpg\" alt=\"GRILLES DE S\u00c9CURIT\u00c9 MANUELLES ET AUTOMATIQUES\" \/>[\/vc_column_text][vc_separator type=\u00a0\u00bbtransparent\u00a0\u00bb up=\u00a0\u00bb79&Prime; down=\u00a0\u00bb0&Prime;][\/vc_column_inner][vc_column_inner width=\u00a0\u00bb1\/2&Prime;][vc_column_text]<\/p>\n<h2 class=\"p1\"><span class=\"s1\"><b>GRILLES DE S\u00c9CURIT\u00c9 MANUELLES ET AUTOMATIQUES<\/b><\/span><\/h2>\n<p>[\/vc_column_text][vc_separator type=\u00a0\u00bbsmall\u00a0\u00bb position=\u00a0\u00bbleft\u00a0\u00bb color=\u00a0\u00bb#818181&Prime; up=\u00a0\u00bb13&Prime; down=\u00a0\u00bb33&Prime;][vc_column_text]Les grilles de s\u00e9curit\u00e9 peuvent \u00eatre automatiques (d&rsquo;enrouler) et manuelles (\u00e0 chenilles et d&rsquo;enrouler), en tenant compte que les premi\u00e8res poss\u00e9dent un syst\u00e8me d&rsquo;ouverture qui fonctionne avec un moteur et les deuxi\u00e8mes avec une serrure normale.<\/p>\n<p>Les grilles \u00e9lectriques sont sp\u00e9cialement indiqu\u00e9es pour des cas d&rsquo;usage massif (fabriques, magasins, entreprises, bureaux, bat\u00eements&#8230;), au sens o\u00f9 elles sont tr\u00e8s pratiques, commodes et s\u00fbres pour les respectifs utilisateurs.<\/p>\n<p>Commandez tout de suite les grilles manuelles ou automatiques et b\u00e9n\u00e9ficiez de qualit\u00e9 maximale \u00e0 prix extr\u00eamement r\u00e9duits. Faisez confiance \u00e0 une entreprise de r\u00e9ference et d&rsquo;efficace d\u00e9montr\u00e9e.[\/vc_column_text][vc_separator type=\u00a0\u00bbtransparent\u00a0\u00bb up=\u00a0\u00bb79&Prime; down=\u00a0\u00bb0&Prime;][\/vc_column_inner][\/vc_row_inner][vc_row_inner row_type=\u00a0\u00bbrow\u00a0\u00bb type=\u00a0\u00bbfull_width\u00a0\u00bb text_align=\u00a0\u00bbleft\u00a0\u00bb css_animation=\u00a0\u00bb\u00a0\u00bb][vc_column_inner][vc_column_text el_class=\u00a0\u00bblocalidades\u00a0\u00bb]<\/p>\n<p class=\"p1\"><span class=\"s1\"><b>Grilles de s\u00e9curit\u00e9<\/b><\/span><\/p>\n<p class=\"p1\"><span class=\"s1\">LISBOA Ajuda| Alc\u00e2ntara| Alvalade| Areeiro| Arroios | Avenidas Novas | Beato |Bel\u00e9m | Benfica | Campo de Ourique | Campolide | Carnide | Estrela | Lumiar | Marvila | Miseric\u00f3rdia | Olivais | Parque das Na\u00e7\u00f5es | Penha de Fran\u00e7a | Santa Clara | Santa Maria Maior |Santo Ant\u00f3nio | S\u00e3o Domingos de Benfica | S\u00e3o Vicente\u00a0<\/span><span class=\"s1\">Cascais Alcabideche | Carcavelos | Estoril | Parede | S\u00e3o Domingos de Rana\u00a0<\/span><span class=\"s1\">OEIRAS Alg\u00e9s | Carnaxide | Pa\u00e7o de Arcos | Porto Salvo | S\u00e3o Marcos\u00a0<\/span><span class=\"s1\">AMADORA Alfragide | Brandoa | Buraca | Damaia | Reboleira | Venda Nova\u00a0<\/span><span class=\"s1\">ALMADA Caparica | Costa da Caparica | Feij\u00f3 | Pragal | Trafaria | Cacilhas | Charneca de Caparica | Cova da Piedade | Laranjeiro | Sobreda\u00a0<\/span><span class=\"s1\">SINTRA Algueir\u00e3o | Belas | Cac\u00e9m | Massam\u00e1 | Queluz | Rio de Mouro | Terrugem <\/span><\/p>\n<p>[\/vc_column_text][vc_separator type=\u00a0\u00bbtransparent\u00a0\u00bb up=\u00a0\u00bb79&Prime; down=\u00a0\u00bb0&Prime;][\/vc_column_inner][\/vc_row_inner][\/vc_column][\/vc_row]<\/p>\n<\/div>","protected":false},"excerpt":{"rendered":"<p>[vc_row css_animation=\u00a0\u00bb\u00a0\u00bb row_type=\u00a0\u00bbrow\u00a0\u00bb use_row_as_full_screen_section=\u00a0\u00bbno\u00a0\u00bb type=\u00a0\u00bbgrid\u00a0\u00bb anchor=\u00a0\u00bbportfolio\u00a0\u00bb angled_section=\u00a0\u00bbno\u00a0\u00bb text_align=\u00a0\u00bbleft\u00a0\u00bb background_image_as_pattern=\u00a0\u00bbwithout_pattern\u00a0\u00bb background_color=\u00a0\u00bb#ffffff\u00a0\u00bb border_color=\u00a0\u00bb#eeeeee\u00a0\u00bb padding_top=\u00a0\u00bb80&Prime; padding_bottom=\u00a0\u00bb0&Prime;][vc_column][vc_row_inner row_type=\u00a0\u00bbrow\u00a0\u00bb type=\u00a0\u00bbfull_width\u00a0\u00bb text_align=\u00a0\u00bbleft\u00a0\u00bb css_animation=\u00a0\u00bb\u00a0\u00bb][vc_column_inner width=\u00a0\u00bb1\/2&Prime;][vc_column_text][\/vc_column_text][vc_separator type=\u00a0\u00bbtransparent\u00a0\u00bb up=\u00a0\u00bb79&Prime; down=\u00a0\u00bb0&Prime;][\/vc_column_inner][vc_column_inner width=\u00a0\u00bb1\/2&Prime;][vc_column_text]Sisporta commercialise des grilles de s\u00e9curit\u00e9, soit d&rsquo;enrouller (syst\u00e8me de rouleau), soit \u00a0\u00e0 chenilles (r\u00e9cueillent vers le c\u00f4t\u00e9), en plusieures couleurs et qui s&rsquo;appliquent&#8230;<\/p>\n","protected":false},"author":1,"featured_media":0,"parent":0,"menu_order":0,"comment_status":"closed","ping_status":"closed","template":"full_width.php","meta":{"footnotes":""},"class_list":["post-16710","page","type-page","status-publish","hentry"],"_links":{"self":[{"href":"https:\/\/www.sisporta.com\/fr\/wp-json\/wp\/v2\/pages\/16710","targetHints":{"allow":["GET"]}}],"collection":[{"href":"https:\/\/www.sisporta.com\/fr\/wp-json\/wp\/v2\/pages"}],"about":[{"href":"https:\/\/www.sisporta.com\/fr\/wp-json\/wp\/v2\/types\/page"}],"author":[{"embeddable":true,"href":"https:\/\/www.sisporta.com\/fr\/wp-json\/wp\/v2\/users\/1"}],"replies":[{"embeddable":true,"href":"https:\/\/www.sisporta.com\/fr\/wp-json\/wp\/v2\/comments?post=16710"}],"version-history":[{"count":2,"href":"https:\/\/www.sisporta.com\/fr\/wp-json\/wp\/v2\/pages\/16710\/revisions"}],"predecessor-version":[{"id":16712,"href":"https:\/\/www.sisporta.com\/fr\/wp-json\/wp\/v2\/pages\/16710\/revisions\/16712"}],"wp:attachment":[{"href":"https:\/\/www.sisporta.com\/fr\/wp-json\/wp\/v2\/media?parent=16710"}],"curies":[{"name":"wp","href":"https:\/\/api.w.org\/{rel}","templated":true}]}}