{"id":16702,"date":"2018-11-12T17:03:30","date_gmt":"2018-11-12T17:03:30","guid":{"rendered":"https:\/\/www.sisporta.com\/cais-e-abrigo-de-cais\/"},"modified":"2024-05-20T17:56:07","modified_gmt":"2024-05-20T16:56:07","slug":"cais-e-abrigo-de-cais","status":"publish","type":"page","link":"https:\/\/www.sisporta.com\/fr\/cais-e-abrigo-de-cais\/","title":{"rendered":"Quai et abri de quai"},"content":{"rendered":"<div class=\"wpb-content-wrapper\"><p>[vc_row css_animation=\u00a0\u00bb\u00a0\u00bb row_type=\u00a0\u00bbrow\u00a0\u00bb use_row_as_full_screen_section=\u00a0\u00bbno\u00a0\u00bb type=\u00a0\u00bbgrid\u00a0\u00bb anchor=\u00a0\u00bbportfolio\u00a0\u00bb angled_section=\u00a0\u00bbno\u00a0\u00bb text_align=\u00a0\u00bbleft\u00a0\u00bb background_image_as_pattern=\u00a0\u00bbwithout_pattern\u00a0\u00bb background_color=\u00a0\u00bb#ffffff\u00a0\u00bb border_color=\u00a0\u00bb#eeeeee\u00a0\u00bb padding_top=\u00a0\u00bb80&Prime; padding_bottom=\u00a0\u00bb0&Prime;][vc_column][vc_row_inner row_type=\u00a0\u00bbrow\u00a0\u00bb type=\u00a0\u00bbfull_width\u00a0\u00bb text_align=\u00a0\u00bbleft\u00a0\u00bb css_animation=\u00a0\u00bb\u00a0\u00bb][vc_column_inner width=\u00a0\u00bb1\/2&Prime;][vc_column_text]<img decoding=\"async\" src=\"https:\/\/www.sisporta.com\/wp-content\/uploads\/2018\/11\/cais_descarga_01.jpg\" alt=\"Quai et abri de quai\" \/>[\/vc_column_text][vc_separator type=\u00a0\u00bbtransparent\u00a0\u00bb up=\u00a0\u00bb79&Prime; down=\u00a0\u00bb0&Prime;][\/vc_column_inner][vc_column_inner width=\u00a0\u00bb1\/2&Prime;][vc_column_text]Sisporta est une entreprise qui commercialise du quai et de l&rsquo;abri de quai, deux produits qui sont utilis\u00e9s toujours dans des espaces d&rsquo;usage massif, notamment dans des fabriques, entreprises, <em>shoppings<\/em>, hypermarch\u00e9s, parmi d&rsquo;autres locaux.<\/p>\n<p>Au niveau des quais, nos \u00e9quipements, faits en acier et toujours fixes, sont disponibles en deux mod\u00e8les diff\u00e9rents: l\u00e8vre t\u00e9lescopique (monte et descend vers le front) et l\u00e8vre basculante (monte et descend).<\/p>\n<p>&nbsp;<\/p>\n<p>De l&rsquo;autre c\u00f4t\u00e9, les abris, qui permettent d&rsquo;agiliser et flexibiliser les op\u00e9rations de charges et d\u00e9charges, sont disponibles sous le mod\u00e8le r\u00e9tractile, lequel, en cas de manoeuvre incorrecte, absorbe l&rsquo;impact et retourne imm\u00e9diatement \u00e0 la position initialle.<\/p>\n<p>Pour plus d&rsquo;informations par rapport aux quais et abris de quais, n&rsquo;h\u00e9sitez pas \u00e0 entrer en contact avec notre \u00e9quipe. Nous assurons la garantie de 2 ans pour tous les produits, lesquels suivent les normes de production de l&rsquo;Union Europ\u00e9enne pour le secteur.[\/vc_column_text][vc_separator type=\u00a0\u00bbtransparent\u00a0\u00bb up=\u00a0\u00bb79&Prime; down=\u00a0\u00bb0&Prime;][\/vc_column_inner][\/vc_row_inner][\/vc_column][\/vc_row][vc_row css_animation=\u00a0\u00bb\u00a0\u00bb row_type=\u00a0\u00bbrow\u00a0\u00bb use_row_as_full_screen_section=\u00a0\u00bbno\u00a0\u00bb type=\u00a0\u00bbgrid\u00a0\u00bb anchor=\u00a0\u00bbportfolio\u00a0\u00bb angled_section=\u00a0\u00bbno\u00a0\u00bb text_align=\u00a0\u00bbleft\u00a0\u00bb background_image_as_pattern=\u00a0\u00bbwithout_pattern\u00a0\u00bb background_color=\u00a0\u00bb#f8f8f8&Prime; border_color=\u00a0\u00bb#eeeeee\u00a0\u00bb padding_top=\u00a0\u00bb80&Prime; padding_bottom=\u00a0\u00bb0&Prime;][vc_column][vc_row_inner row_type=\u00a0\u00bbrow\u00a0\u00bb type=\u00a0\u00bbfull_width\u00a0\u00bb text_align=\u00a0\u00bbleft\u00a0\u00bb css_animation=\u00a0\u00bb\u00a0\u00bb][vc_column_inner width=\u00a0\u00bb1\/2&Prime;][vc_column_text]<\/p>\n<h2 class=\"p1\"><span class=\"s1\">QUAI: L\u00c8VRE BASCULANTE ET L\u00c8VRE T\u00c9LESCOPIQUE<\/span><\/h2>\n<p>[\/vc_column_text][vc_separator type=\u00a0\u00bbsmall\u00a0\u00bb position=\u00a0\u00bbleft\u00a0\u00bb color=\u00a0\u00bb#818181&Prime; up=\u00a0\u00bb13&Prime; down=\u00a0\u00bb33&Prime;][vc_column_text]\u00c0 Sisporta nous disposons de quais sous les mod\u00e8les l\u00e8vre basculante (monte et descend) et l\u00e8vre t\u00e9lescopique (monte et descend vers le front), lesquels permettent de compenser la distance et l&rsquo;hauteur entre les points de charge et les caisses des voitures.<\/p>\n<p>Ces \u00e9quipements de qualit\u00e9 haut de gamme et avec un <em>design<\/em> \u00e9legant sont silencieux, tr\u00e8s s\u00fbrs et fonctionnels, en assurant que tout le proc\u00e8s de charge\/d\u00e9charge soit agilis\u00e9, en \u00e9vitant encore que les\u00a0 biens souffrent quelque type de dommage.<\/p>\n<p>Au cas o\u00f9 vous voulez plus de d\u00e9tails par rapport aux quais (de l\u00e8vre basculante ou de l\u00e8vre t\u00e9lescopique), contactez nos professionnels et connaissez l&rsquo;offre disponible. Garantie de maximum de qualit\u00e9 et d&rsquo;accomplissement rigoureux de dates limite.[\/vc_column_text][vc_separator type=\u00a0\u00bbtransparent\u00a0\u00bb up=\u00a0\u00bb79&Prime; down=\u00a0\u00bb0&Prime;][\/vc_column_inner][vc_column_inner width=\u00a0\u00bb1\/2&Prime;][vc_column_text]<img decoding=\"async\" src=\"https:\/\/www.sisporta.com\/wp-content\/uploads\/2018\/11\/cais_descarga_03.jpg\" alt=\"QUAI: L\u00c8VRE BASCULANTE ET L\u00c8VRE T\u00c9LESCOPIQUE\" \/>[\/vc_column_text][vc_separator type=\u00a0\u00bbtransparent\u00a0\u00bb up=\u00a0\u00bb79&Prime; down=\u00a0\u00bb0&Prime;][\/vc_column_inner][\/vc_row_inner][\/vc_column][\/vc_row][vc_row css_animation=\u00a0\u00bb\u00a0\u00bb row_type=\u00a0\u00bbrow\u00a0\u00bb use_row_as_full_screen_section=\u00a0\u00bbno\u00a0\u00bb type=\u00a0\u00bbgrid\u00a0\u00bb anchor=\u00a0\u00bbportfolio\u00a0\u00bb angled_section=\u00a0\u00bbno\u00a0\u00bb text_align=\u00a0\u00bbleft\u00a0\u00bb background_image_as_pattern=\u00a0\u00bbwithout_pattern\u00a0\u00bb background_color=\u00a0\u00bb#ffffff\u00a0\u00bb border_color=\u00a0\u00bb#eeeeee\u00a0\u00bb padding_top=\u00a0\u00bb80&Prime; padding_bottom=\u00a0\u00bb0&Prime;][vc_column][vc_row_inner row_type=\u00a0\u00bbrow\u00a0\u00bb type=\u00a0\u00bbfull_width\u00a0\u00bb text_align=\u00a0\u00bbleft\u00a0\u00bb css_animation=\u00a0\u00bb\u00a0\u00bb][vc_column_inner width=\u00a0\u00bb1\/2&Prime;][vc_column_text]<img decoding=\"async\" src=\"https:\/\/www.sisporta.com\/wp-content\/uploads\/2018\/11\/cais_descarga_02.jpg\" alt=\"ABRIS DE QUAIS MOD\u00c8LE R\u00c9TRACTILE\" \/>[\/vc_column_text][vc_separator type=\u00a0\u00bbtransparent\u00a0\u00bb up=\u00a0\u00bb79&Prime; down=\u00a0\u00bb0&Prime;][\/vc_column_inner][vc_column_inner width=\u00a0\u00bb1\/2&Prime;][vc_column_text]<\/p>\n<h2 class=\"p1\"><span class=\"s1\">ABRIS DE QUAIS MOD\u00c8LE R\u00c9TRACTILE<\/span><\/h2>\n<p>[\/vc_column_text][vc_separator type=\u00a0\u00bbsmall\u00a0\u00bb position=\u00a0\u00bbleft\u00a0\u00bb color=\u00a0\u00bb#818181&Prime; up=\u00a0\u00bb13&Prime; down=\u00a0\u00bb33&Prime;][vc_column_text]Les abris de quais mod\u00e8le r\u00e9tractile sont excelents, au sens o\u00f9, dans des situations de charge et d\u00e9charge, permettent que les voitures, m\u00eame si les m\u00eames battent contre les abris, ne souffrent aucun type de dommage.<\/p>\n<p>\u00c7a se v\u00e9rifie parce que le mat\u00e9riel de ce syst\u00e8me (tr\u00e8s r\u00e9sistant et s\u00fbr) absorbe tous les impacts soufferts et retourne facilement \u00e0 la position normale sans risquer des voitures ni constituer du danger pour des \u00e9ventuels pi\u00e9tons.<\/p>\n<p>Demandez tout de suite un budget 100% gratuit et sans aucun type d&rsquo;engagement pour des abris mod\u00e8le r\u00e9tractile et sachez imm\u00e9diatement combien vous pouvez \u00e9conomiser si vous optez par nos solutions premium en question.[\/vc_column_text][vc_separator type=\u00a0\u00bbtransparent\u00a0\u00bb up=\u00a0\u00bb79&Prime; down=\u00a0\u00bb0&Prime;][\/vc_column_inner][\/vc_row_inner][\/vc_column][\/vc_row][vc_row css_animation=\u00a0\u00bb\u00a0\u00bb row_type=\u00a0\u00bbrow\u00a0\u00bb use_row_as_full_screen_section=\u00a0\u00bbno\u00a0\u00bb type=\u00a0\u00bbgrid\u00a0\u00bb anchor=\u00a0\u00bbportfolio\u00a0\u00bb angled_section=\u00a0\u00bbno\u00a0\u00bb text_align=\u00a0\u00bbleft\u00a0\u00bb background_image_as_pattern=\u00a0\u00bbwithout_pattern\u00a0\u00bb background_color=\u00a0\u00bb#f8f8f8&Prime; border_color=\u00a0\u00bb#eeeeee\u00a0\u00bb padding_top=\u00a0\u00bb80&Prime; padding_bottom=\u00a0\u00bb0&Prime;][vc_column][vc_row_inner row_type=\u00a0\u00bbrow\u00a0\u00bb type=\u00a0\u00bbfull_width\u00a0\u00bb text_align=\u00a0\u00bbleft\u00a0\u00bb css_animation=\u00a0\u00bb\u00a0\u00bb][vc_column_inner width=\u00a0\u00bb1\/2&Prime;][vc_column_text]<\/p>\n<h2 class=\"p1\"><span class=\"s1\">AVANTAGES DES QUAIS ET DES ABRIS DES QUAIS<\/span><\/h2>\n<p>[\/vc_column_text][vc_separator type=\u00a0\u00bbsmall\u00a0\u00bb position=\u00a0\u00bbleft\u00a0\u00bb color=\u00a0\u00bb#818181&Prime; up=\u00a0\u00bb13&Prime; down=\u00a0\u00bb33&Prime;][vc_column_text]Les quais et les abris des quais ont les avantages suivants:<\/p>\n<ul>\n<li>Syst\u00e8mes visuellement discrets et \u00e9legants<\/li>\n<li>Extr\u00eamement pratiques, s\u00fbrs, r\u00e9sistants et durables<\/li>\n<li>Ils prot\u00e8gent l&rsquo;installation des agressions d&rsquo;\u00e9lements externes (climat, bruits&#8230;)<\/li>\n<li>Haute \u00e9conomie d&rsquo;\u00e9nergie (sans aucun gaspillage de froid-chaleur)<\/li>\n<li>Ils assurent une tr\u00e8s bonne imperm\u00e9abilit\u00e9 (plus grande isolation termique et acoustique et plus de propret\u00e9)<\/li>\n<\/ul>\n<p>[\/vc_column_text][vc_separator type=\u00a0\u00bbtransparent\u00a0\u00bb up=\u00a0\u00bb79&Prime; down=\u00a0\u00bb0&Prime;][\/vc_column_inner][vc_column_inner width=\u00a0\u00bb1\/2&Prime;][vc_column_text]<img decoding=\"async\" src=\"https:\/\/www.sisporta.com\/wp-content\/uploads\/2018\/11\/cais_descarga_04.jpg\" alt=\"AVANTAGES DES QUAIS ET DES ABRIS DES QUAIS\" \/>[\/vc_column_text][vc_separator type=\u00a0\u00bbtransparent\u00a0\u00bb up=\u00a0\u00bb79&Prime; down=\u00a0\u00bb0&Prime;][\/vc_column_inner][\/vc_row_inner][\/vc_column][\/vc_row][vc_row css_animation=\u00a0\u00bb\u00a0\u00bb row_type=\u00a0\u00bbrow\u00a0\u00bb use_row_as_full_screen_section=\u00a0\u00bbno\u00a0\u00bb type=\u00a0\u00bbgrid\u00a0\u00bb anchor=\u00a0\u00bbportfolio\u00a0\u00bb angled_section=\u00a0\u00bbno\u00a0\u00bb text_align=\u00a0\u00bbleft\u00a0\u00bb background_image_as_pattern=\u00a0\u00bbwithout_pattern\u00a0\u00bb background_color=\u00a0\u00bb#ffffff\u00a0\u00bb padding_top=\u00a0\u00bb80&Prime; padding_bottom=\u00a0\u00bb0&Prime;][vc_column][vc_row_inner row_type=\u00a0\u00bbrow\u00a0\u00bb type=\u00a0\u00bbfull_width\u00a0\u00bb text_align=\u00a0\u00bbleft\u00a0\u00bb css_animation=\u00a0\u00bb\u00a0\u00bb][vc_column_inner][vc_column_text el_class=\u00a0\u00bblocalidades\u00a0\u00bb]<\/p>\n<p class=\"p1\"><span class=\"s1\"><b>Quai et abri de quai<\/b><\/span><\/p>\n<p class=\"p2\"><span class=\"s1\">LISBOA Ajuda| Alc\u00e2ntara| Alvalade| Areeiro| Arroios | Avenidas Novas | Beato |Bel\u00e9m | Benfica | Campo de Ourique | Campolide | Carnide | Estrela | Lumiar | Marvila | Miseric\u00f3rdia | Olivais | Parque das Na\u00e7\u00f5es | Penha de Fran\u00e7a | Santa Clara | Santa Maria Maior |Santo Ant\u00f3nio | S\u00e3o Domingos de Benfica | S\u00e3o Vicente\u00a0<\/span><span class=\"s1\">Cascais Alcabideche | Carcavelos | Estoril | Parede | S\u00e3o Domingos de Rana\u00a0<\/span><span class=\"s1\">OEIRAS Alg\u00e9s | Carnaxide | Pa\u00e7o de Arcos | Porto Salvo | S\u00e3o Marcos\u00a0<\/span><span class=\"s1\">AMADORA Alfragide | Brandoa | Buraca | Damaia | Reboleira | Venda Nova\u00a0<\/span><span class=\"s1\">ALMADA Caparica | Costa da Caparica | Feij\u00f3 | Pragal | Trafaria | Cacilhas | Charneca de Caparica | Cova da Piedade | Laranjeiro | Sobreda\u00a0<\/span><span class=\"s1\">SINTRA Algueir\u00e3o | Belas | Cac\u00e9m | Massam\u00e1 | Queluz | Rio de Mouro | Terrugem <\/span><\/p>\n<p>[\/vc_column_text][vc_separator type=\u00a0\u00bbtransparent\u00a0\u00bb up=\u00a0\u00bb79&Prime; down=\u00a0\u00bb0&Prime;][\/vc_column_inner][\/vc_row_inner][\/vc_column][\/vc_row]<\/p>\n<\/div>","protected":false},"excerpt":{"rendered":"<p>[vc_row css_animation=\u00a0\u00bb\u00a0\u00bb row_type=\u00a0\u00bbrow\u00a0\u00bb use_row_as_full_screen_section=\u00a0\u00bbno\u00a0\u00bb type=\u00a0\u00bbgrid\u00a0\u00bb anchor=\u00a0\u00bbportfolio\u00a0\u00bb angled_section=\u00a0\u00bbno\u00a0\u00bb text_align=\u00a0\u00bbleft\u00a0\u00bb background_image_as_pattern=\u00a0\u00bbwithout_pattern\u00a0\u00bb background_color=\u00a0\u00bb#ffffff\u00a0\u00bb border_color=\u00a0\u00bb#eeeeee\u00a0\u00bb padding_top=\u00a0\u00bb80&Prime; padding_bottom=\u00a0\u00bb0&Prime;][vc_column][vc_row_inner row_type=\u00a0\u00bbrow\u00a0\u00bb type=\u00a0\u00bbfull_width\u00a0\u00bb text_align=\u00a0\u00bbleft\u00a0\u00bb css_animation=\u00a0\u00bb\u00a0\u00bb][vc_column_inner width=\u00a0\u00bb1\/2&Prime;][vc_column_text][\/vc_column_text][vc_separator type=\u00a0\u00bbtransparent\u00a0\u00bb up=\u00a0\u00bb79&Prime; down=\u00a0\u00bb0&Prime;][\/vc_column_inner][vc_column_inner width=\u00a0\u00bb1\/2&Prime;][vc_column_text]Sisporta est une entreprise qui commercialise du quai et de l&rsquo;abri de quai, deux produits qui sont utilis\u00e9s toujours dans des espaces d&rsquo;usage massif,&#8230;<\/p>\n","protected":false},"author":1,"featured_media":0,"parent":0,"menu_order":0,"comment_status":"closed","ping_status":"closed","template":"full_width.php","meta":{"footnotes":""},"class_list":["post-16702","page","type-page","status-publish","hentry"],"_links":{"self":[{"href":"https:\/\/www.sisporta.com\/fr\/wp-json\/wp\/v2\/pages\/16702","targetHints":{"allow":["GET"]}}],"collection":[{"href":"https:\/\/www.sisporta.com\/fr\/wp-json\/wp\/v2\/pages"}],"about":[{"href":"https:\/\/www.sisporta.com\/fr\/wp-json\/wp\/v2\/types\/page"}],"author":[{"embeddable":true,"href":"https:\/\/www.sisporta.com\/fr\/wp-json\/wp\/v2\/users\/1"}],"replies":[{"embeddable":true,"href":"https:\/\/www.sisporta.com\/fr\/wp-json\/wp\/v2\/comments?post=16702"}],"version-history":[{"count":2,"href":"https:\/\/www.sisporta.com\/fr\/wp-json\/wp\/v2\/pages\/16702\/revisions"}],"predecessor-version":[{"id":16704,"href":"https:\/\/www.sisporta.com\/fr\/wp-json\/wp\/v2\/pages\/16702\/revisions\/16704"}],"wp:attachment":[{"href":"https:\/\/www.sisporta.com\/fr\/wp-json\/wp\/v2\/media?parent=16702"}],"curies":[{"name":"wp","href":"https:\/\/api.w.org\/{rel}","templated":true}]}}