{"id":16699,"date":"2018-11-12T17:18:35","date_gmt":"2018-11-12T17:18:35","guid":{"rendered":"https:\/\/www.sisporta.com\/automatismos-para-portoes-e-grades\/"},"modified":"2019-02-14T10:00:57","modified_gmt":"2019-02-14T10:00:57","slug":"automatismos-para-portoes-e-grades","status":"publish","type":"page","link":"https:\/\/www.sisporta.com\/fr\/automatismos-para-portoes-e-grades\/","title":{"rendered":"Automatismes pour portails et grilles"},"content":{"rendered":"<div class=\"wpb-content-wrapper\"><p>[vc_row css_animation=\u00a0\u00bb\u00a0\u00bb row_type=\u00a0\u00bbrow\u00a0\u00bb use_row_as_full_screen_section=\u00a0\u00bbno\u00a0\u00bb type=\u00a0\u00bbgrid\u00a0\u00bb anchor=\u00a0\u00bbportfolio\u00a0\u00bb angled_section=\u00a0\u00bbno\u00a0\u00bb text_align=\u00a0\u00bbleft\u00a0\u00bb background_image_as_pattern=\u00a0\u00bbwithout_pattern\u00a0\u00bb background_color=\u00a0\u00bb#ffffff\u00a0\u00bb border_color=\u00a0\u00bb#eeeeee\u00a0\u00bb padding_top=\u00a0\u00bb80&Prime; padding_bottom=\u00a0\u00bb0&Prime;][vc_column][vc_row_inner row_type=\u00a0\u00bbrow\u00a0\u00bb type=\u00a0\u00bbfull_width\u00a0\u00bb text_align=\u00a0\u00bbleft\u00a0\u00bb css_animation=\u00a0\u00bb\u00a0\u00bb][vc_column_inner width=\u00a0\u00bb1\/2&Prime;][vc_column_text]<img decoding=\"async\" src=\"https:\/\/www.sisporta.com\/wp-content\/uploads\/2018\/11\/automatismos.jpg\" alt=\"Automatismes pour portails et grilles\" \/>[\/vc_column_text][vc_separator type=\u00a0\u00bbtransparent\u00a0\u00bb up=\u00a0\u00bb79&Prime; down=\u00a0\u00bb0&Prime;][\/vc_column_inner][vc_column_inner width=\u00a0\u00bb1\/2&Prime;][vc_column_text]Sisporta est une entreprise qui commercialise des automatismes, notamment moteurs et commandes pour portails (sectionn\u00e9s, coulissants et battants) et aussi pour grilles d&rsquo;enrouller \u00e9lectriques.<\/p>\n<p>Ces syst\u00e8mes innovateurs permettent \u00e0 l&rsquo;utilisateur de disposer d&rsquo;un proc\u00e8s d&rsquo;ouverture\/fermeture plus rapide, agile, confortable et s\u00fbr qu&rsquo;en comparaison avec un format manuel traditionnel.<\/p>\n<p>Si vous voulez plus d&rsquo;informations par rapport \u00e0 des automatismes pour portails et grilles entrez en contact avec notre \u00e9quipe. Nous assurons 2 ans de garantie pour tous les produits, lesquels sont fabriqu\u00e9s selon les normes de l&rsquo;Union Europ\u00e9enne.[\/vc_column_text][vc_separator type=\u00a0\u00bbtransparent\u00a0\u00bb up=\u00a0\u00bb79&Prime; down=\u00a0\u00bb0&Prime;][\/vc_column_inner][\/vc_row_inner][\/vc_column][\/vc_row][vc_row css_animation=\u00a0\u00bb\u00a0\u00bb row_type=\u00a0\u00bbrow\u00a0\u00bb use_row_as_full_screen_section=\u00a0\u00bbno\u00a0\u00bb type=\u00a0\u00bbgrid\u00a0\u00bb anchor=\u00a0\u00bbportfolio\u00a0\u00bb angled_section=\u00a0\u00bbno\u00a0\u00bb text_align=\u00a0\u00bbleft\u00a0\u00bb background_image_as_pattern=\u00a0\u00bbwithout_pattern\u00a0\u00bb background_color=\u00a0\u00bb#f8f8f8&Prime; border_color=\u00a0\u00bb#eeeeee\u00a0\u00bb padding_top=\u00a0\u00bb80&Prime; padding_bottom=\u00a0\u00bb0&Prime;][vc_column][vc_row_inner row_type=\u00a0\u00bbrow\u00a0\u00bb type=\u00a0\u00bbfull_width\u00a0\u00bb text_align=\u00a0\u00bbleft\u00a0\u00bb css_animation=\u00a0\u00bb\u00a0\u00bb][vc_column_inner width=\u00a0\u00bb1\/2&Prime;][vc_column_text]<\/p>\n<h2 class=\"p1\"><span class=\"s1\">AUTOMATISMES POUR PORTAILS SECTIONN\u00c9S<\/span><\/h2>\n<p>[\/vc_column_text][vc_separator type=\u00a0\u00bbsmall\u00a0\u00bb position=\u00a0\u00bbleft\u00a0\u00bb color=\u00a0\u00bb#818181&Prime; up=\u00a0\u00bb13&Prime; down=\u00a0\u00bb33&Prime;][vc_column_text]Nous disposons de nombreux automatismes pour des portails sectionn\u00e9s (qui glissent vers le haut ou vers le c\u00f4t\u00e9), qui ont substitu\u00e9 les portails de soufflet et les basculants, en assurant toujours une protection extr\u00eame aux espaces en question.<\/p>\n<p>Ce type de portails (mod\u00e8les plains, en relief, unicanal et coussin), en \u00e9tant donn\u00e9 l&rsquo;efficace de leurs moteurs, sont tr\u00e8s utilis\u00e9s en situations industrielles, puisqu&rsquo;ils facilitent beaucoup le proc\u00e8s d&rsquo;entr\u00e9e et de sortie massive de voitures.<\/p>\n<p>Commandez tout de suite vos automatismes pour portails sectionn\u00e9s et b\u00e9n\u00e9ficiez du meilleur rapport qualit\u00e9 prix du march\u00e9. Investissez en professionalisme, efficace, rigueur et accomplissement rigureux de dates limite.[\/vc_column_text][vc_separator type=\u00a0\u00bbtransparent\u00a0\u00bb up=\u00a0\u00bb79&Prime; down=\u00a0\u00bb0&Prime;][\/vc_column_inner][vc_column_inner width=\u00a0\u00bb1\/2&Prime;][vc_column_text]<img decoding=\"async\" src=\"https:\/\/www.sisporta.com\/wp-content\/uploads\/2018\/11\/automatismos_portoes_seccionados_01b.jpg\" alt=\"AUTOMATISMES POUR PORTAILS SECTIONN\u00c9S\" \/>[\/vc_column_text][vc_separator type=\u00a0\u00bbtransparent\u00a0\u00bb up=\u00a0\u00bb79&Prime; down=\u00a0\u00bb0&Prime;][\/vc_column_inner][\/vc_row_inner][\/vc_column][\/vc_row][vc_row css_animation=\u00a0\u00bb\u00a0\u00bb row_type=\u00a0\u00bbrow\u00a0\u00bb use_row_as_full_screen_section=\u00a0\u00bbno\u00a0\u00bb type=\u00a0\u00bbgrid\u00a0\u00bb anchor=\u00a0\u00bbportfolio\u00a0\u00bb angled_section=\u00a0\u00bbno\u00a0\u00bb text_align=\u00a0\u00bbleft\u00a0\u00bb background_image_as_pattern=\u00a0\u00bbwithout_pattern\u00a0\u00bb background_color=\u00a0\u00bb#ffffff\u00a0\u00bb padding_top=\u00a0\u00bb80&Prime; padding_bottom=\u00a0\u00bb0&Prime;][vc_column][vc_row_inner row_type=\u00a0\u00bbrow\u00a0\u00bb type=\u00a0\u00bbfull_width\u00a0\u00bb text_align=\u00a0\u00bbleft\u00a0\u00bb css_animation=\u00a0\u00bb\u00a0\u00bb][vc_column_inner width=\u00a0\u00bb1\/2&Prime;][vc_column_text]<img decoding=\"async\" src=\"https:\/\/www.sisporta.com\/wp-content\/uploads\/2018\/11\/automatismos_portoes_batente_01b.jpg\" alt=\"AUTOMATISMES POUR PORTAILS COULISSANTS ET BATTANTS\" \/>[\/vc_column_text][vc_separator type=\u00a0\u00bbtransparent\u00a0\u00bb up=\u00a0\u00bb79&Prime; down=\u00a0\u00bb0&Prime;][\/vc_column_inner][vc_column_inner width=\u00a0\u00bb1\/2&Prime;][vc_column_text]<\/p>\n<h2 class=\"p1\"><span class=\"s1\">AUTOMATISMES POUR PORTAILS COULISSANTS ET BATTANTS<\/span><\/h2>\n<p>[\/vc_column_text][vc_separator type=\u00a0\u00bbsmall\u00a0\u00bb position=\u00a0\u00bbleft\u00a0\u00bb color=\u00a0\u00bb#818181&Prime; up=\u00a0\u00bb13&Prime; down=\u00a0\u00bb33&Prime;][vc_column_text]\u00c0 Sisporta nous vendons des automatismes (moteurs et commandes) pour des portails coulissants (toujours vers la lat\u00e9rale) et battants (qui ouvrent de fa\u00e7on traditionnelle), les deux produits en bois, fer (acier) ou aluminium.<\/p>\n<p>Ces \u00e9quipements \u00e9lectriques attribuent en fait une plus grande protection \u00e0 votre maison ou lieu de travail, surtout pendant la nuit ou en situations de mauvais temps (il ne faut pas que la personne sorte de la voiture pour le froid, vent, chaleur ou neige).<\/p>\n<p>Afin d&rsquo;obtenir une opinion sp\u00e9cialis\u00e9e par rapport aux automatismes pour portails coulissants et battants, parlez avec nos techiciens et sachez quelle est la meilleure solution pour votre cas en concret. Nous vous assurons le maximum de qualit\u00e9 et \u00e0 prix r\u00e9duits.[\/vc_column_text][vc_separator type=\u00a0\u00bbtransparent\u00a0\u00bb up=\u00a0\u00bb79&Prime; down=\u00a0\u00bb0&Prime;][\/vc_column_inner][\/vc_row_inner][vc_row_inner row_type=\u00a0\u00bbrow\u00a0\u00bb type=\u00a0\u00bbfull_width\u00a0\u00bb text_align=\u00a0\u00bbleft\u00a0\u00bb css_animation=\u00a0\u00bb\u00a0\u00bb][vc_column_inner][vc_column_text el_class=\u00a0\u00bblocalidades\u00a0\u00bb]<\/p>\n<p class=\"p1\"><span class=\"s1\"><b>Automatismes pour portails et grilles<\/b><\/span><\/p>\n<p class=\"p1\"><span class=\"s1\">LISBOA Ajuda| Alc\u00e2ntara| Alvalade| Areeiro| Arroios | Avenidas Novas | Beato |Bel\u00e9m | Benfica | Campo de Ourique | Campolide | Carnide | Estrela | Lumiar | Marvila | Miseric\u00f3rdia | Olivais | Parque das Na\u00e7\u00f5es | Penha de Fran\u00e7a | Santa Clara | Santa Maria Maior |Santo Ant\u00f3nio | S\u00e3o Domingos de Benfica | S\u00e3o Vicente\u00a0<\/span><span class=\"s1\">Cascais Alcabideche | Carcavelos | Estoril | Parede | S\u00e3o Domingos de Rana\u00a0<\/span><span class=\"s1\">OEIRAS Alg\u00e9s | Carnaxide | Pa\u00e7o de Arcos | Porto Salvo | S\u00e3o Marcos\u00a0<\/span><span class=\"s1\">AMADORA Alfragide | Brandoa | Buraca | Damaia | Reboleira | Venda Nova\u00a0<\/span><span class=\"s1\">ALMADA Caparica | Costa da Caparica | Feij\u00f3 | Pragal | Trafaria | Cacilhas | Charneca de Caparica | Cova da Piedade | Laranjeiro | Sobreda\u00a0<\/span><span class=\"s1\">SINTRA Algueir\u00e3o | Belas | Cac\u00e9m | Massam\u00e1 | Queluz | Rio de Mouro | Terrugem <\/span><\/p>\n<p>[\/vc_column_text][vc_separator type=\u00a0\u00bbtransparent\u00a0\u00bb up=\u00a0\u00bb79&Prime; down=\u00a0\u00bb0&Prime;][\/vc_column_inner][\/vc_row_inner][\/vc_column][\/vc_row]<\/p>\n<\/div>","protected":false},"excerpt":{"rendered":"<p>[vc_row css_animation=\u00a0\u00bb\u00a0\u00bb row_type=\u00a0\u00bbrow\u00a0\u00bb use_row_as_full_screen_section=\u00a0\u00bbno\u00a0\u00bb type=\u00a0\u00bbgrid\u00a0\u00bb anchor=\u00a0\u00bbportfolio\u00a0\u00bb angled_section=\u00a0\u00bbno\u00a0\u00bb text_align=\u00a0\u00bbleft\u00a0\u00bb background_image_as_pattern=\u00a0\u00bbwithout_pattern\u00a0\u00bb background_color=\u00a0\u00bb#ffffff\u00a0\u00bb border_color=\u00a0\u00bb#eeeeee\u00a0\u00bb padding_top=\u00a0\u00bb80&Prime; padding_bottom=\u00a0\u00bb0&Prime;][vc_column][vc_row_inner row_type=\u00a0\u00bbrow\u00a0\u00bb type=\u00a0\u00bbfull_width\u00a0\u00bb text_align=\u00a0\u00bbleft\u00a0\u00bb css_animation=\u00a0\u00bb\u00a0\u00bb][vc_column_inner width=\u00a0\u00bb1\/2&Prime;][vc_column_text][\/vc_column_text][vc_separator type=\u00a0\u00bbtransparent\u00a0\u00bb up=\u00a0\u00bb79&Prime; down=\u00a0\u00bb0&Prime;][\/vc_column_inner][vc_column_inner width=\u00a0\u00bb1\/2&Prime;][vc_column_text]Sisporta est une entreprise qui commercialise des automatismes, notamment moteurs et commandes pour portails (sectionn\u00e9s, coulissants et battants) et aussi pour grilles d&rsquo;enrouller \u00e9lectriques&#8230;.<\/p>\n","protected":false},"author":1,"featured_media":0,"parent":0,"menu_order":0,"comment_status":"closed","ping_status":"closed","template":"full_width.php","meta":{"footnotes":""},"class_list":["post-16699","page","type-page","status-publish","hentry"],"_links":{"self":[{"href":"https:\/\/www.sisporta.com\/fr\/wp-json\/wp\/v2\/pages\/16699","targetHints":{"allow":["GET"]}}],"collection":[{"href":"https:\/\/www.sisporta.com\/fr\/wp-json\/wp\/v2\/pages"}],"about":[{"href":"https:\/\/www.sisporta.com\/fr\/wp-json\/wp\/v2\/types\/page"}],"author":[{"embeddable":true,"href":"https:\/\/www.sisporta.com\/fr\/wp-json\/wp\/v2\/users\/1"}],"replies":[{"embeddable":true,"href":"https:\/\/www.sisporta.com\/fr\/wp-json\/wp\/v2\/comments?post=16699"}],"version-history":[{"count":2,"href":"https:\/\/www.sisporta.com\/fr\/wp-json\/wp\/v2\/pages\/16699\/revisions"}],"predecessor-version":[{"id":16701,"href":"https:\/\/www.sisporta.com\/fr\/wp-json\/wp\/v2\/pages\/16699\/revisions\/16701"}],"wp:attachment":[{"href":"https:\/\/www.sisporta.com\/fr\/wp-json\/wp\/v2\/media?parent=16699"}],"curies":[{"name":"wp","href":"https:\/\/api.w.org\/{rel}","templated":true}]}}