{"id":16669,"date":"2014-04-30T15:47:48","date_gmt":"2014-04-30T15:47:48","guid":{"rendered":"https:\/\/www.sisporta.com\/home\/"},"modified":"2019-02-08T15:24:19","modified_gmt":"2019-02-08T15:24:19","slug":"home","status":"publish","type":"page","link":"https:\/\/www.sisporta.com\/es\/","title":{"rendered":"Home"},"content":{"rendered":"<div class=\"wpb-content-wrapper\"><p>[vc_row css_animation=\u00bb\u00bb row_type=\u00bbrow\u00bb use_row_as_full_screen_section=\u00bbno\u00bb type=\u00bbfull_width\u00bb angled_section=\u00bbno\u00bb text_align=\u00bbleft\u00bb background_image_as_pattern=\u00bbwithout_pattern\u00bb][vc_column][rev_slider_vc alias=\u00bbhome\u00bb][\/vc_column][\/vc_row][vc_row css_animation=\u00bb\u00bb row_type=\u00bbrow\u00bb use_row_as_full_screen_section=\u00bbno\u00bb type=\u00bbgrid\u00bb anchor=\u00bbportfolio\u00bb angled_section=\u00bbno\u00bb text_align=\u00bbleft\u00bb background_image_as_pattern=\u00bbwithout_pattern\u00bb background_color=\u00bb#ffffff\u00bb border_color=\u00bb#eeeeee\u00bb padding_top=\u00bb73&#8243; padding_bottom=\u00bb0&#8243; el_id=\u00bbprodutos\u00bb z_index=\u00bb\u00bb][vc_column][vc_column_text]<\/p>\n<h1 class=\"p2\" style=\"text-align: center;\">Sisporta<br \/>\n<span style=\"font-size: 16px;\">Fabricante de referencia de puertas seccionales residenciales e industriales y representante de automatismos de la prestigiosa marca TAU<\/span><\/h1>\n<p>[\/vc_column_text][vc_separator type=\u00bbsmall\u00bb position=\u00bbcenter\u00bb color=\u00bb#818181&#8243; up=\u00bb20&#8243; down=\u00bb20&#8243;][vc_row_inner row_type=\u00bbrow\u00bb type=\u00bbfull_width\u00bb text_align=\u00bbleft\u00bb css_animation=\u00bb\u00bb css=\u00bb.vc_custom_1544803724554{padding-top: 80px !important;}\u00bb][vc_column_inner width=\u00bb1\/3&#8243;][vc_column_text]<img decoding=\"async\" src=\"https:\/\/www.sisporta.com\/wp-content\/uploads\/2018\/11\/portoes_seccionados_04.jpg\" alt=\"PUERTAS SECCIONALES\" \/>[\/vc_column_text][vc_separator type=\u00bbtransparent\u00bb up=\u00bb25&#8243; down=\u00bb0&#8243;][vc_column_text]<\/p>\n<h5 class=\"p1\"><a href=\"https:\/\/www.sisporta.com\/es\/portoes-de-garagem-seccionados\/\"><span class=\"s1\">PUERTAS SECCIONALES<\/span><\/a><\/h5>\n<p>[\/vc_column_text][vc_separator type=\u00bbtransparent\u00bb up=\u00bb6&#8243; down=\u00bb0&#8243;][vc_column_text]<\/p>\n<p class=\"p1\"><span class=\"s1\">Fabricamos a medida puertas seccionales, manuales o autom\u00e1ticas, residenciales o industriales, correderas para el techo o para los lados y con o sin puerta de servicio incluida.<\/span><\/p>\n<p><a href=\"https:\/\/www.sisporta.com\/es\/portoes-de-garagem-seccionados\/\">SABER M\u00c1S<\/a>[\/vc_column_text][vc_separator type=\u00bbtransparent\u00bb up=\u00bb76&#8243; down=\u00bb0&#8243;][\/vc_column_inner][vc_column_inner width=\u00bb1\/3&#8243;][vc_column_text]<img decoding=\"async\" src=\"https:\/\/www.sisporta.com\/wp-content\/uploads\/2018\/11\/portas_rapida_01.jpg\" alt=\"PUERTAS R\u00c1PIDAS\" \/>[\/vc_column_text][vc_separator type=\u00bbtransparent\u00bb up=\u00bb25&#8243; down=\u00bb0&#8243;][vc_column_text]<\/p>\n<h5 class=\"p1\"><a href=\"https:\/\/www.sisporta.com\/portas-rapidas\/\"><span class=\"s1\">PUERTAS R\u00c1PIDAS<\/span><\/a><b> <\/b><\/h5>\n<p>[\/vc_column_text][vc_separator type=\u00bbtransparent\u00bb up=\u00bb6&#8243; down=\u00bb0&#8243;][vc_column_text]<\/p>\n<p class=\"p1\"><span class=\"s1\">Los seis modelos de las puertas r\u00e1pidas de la conceptuada marca GLG, para ambientes interiores y exteriores, son totalmente personalizables a nivel de colores de lona y de medidas.<\/span><\/p>\n<p><a href=\"https:\/\/www.sisporta.com\/es\/portas-rapidas\/\">SABER M\u00c1S<\/a>[\/vc_column_text][vc_separator type=\u00bbtransparent\u00bb up=\u00bb76&#8243; down=\u00bb0&#8243;][\/vc_column_inner][vc_column_inner width=\u00bb1\/3&#8243;][vc_column_text]<img decoding=\"async\" src=\"https:\/\/www.sisporta.com\/wp-content\/uploads\/2018\/11\/portas_automaticas_vidro_01.jpg\" alt=\"PUERTAS AUTOM\u00c1TICAS DE CRISTAL\" \/>[\/vc_column_text][vc_separator type=\u00bbtransparent\u00bb up=\u00bb25&#8243; down=\u00bb0&#8243;][vc_column_text]<\/p>\n<h5 class=\"p1\"><a href=\"https:\/\/www.sisporta.com\/portas-de-vidro-automaticas\/\"><span class=\"s1\">PUERTAS AUTOM\u00c1TICAS DE CRISTAL<\/span><\/a><\/h5>\n<p>[\/vc_column_text][vc_separator type=\u00bbtransparent\u00bb up=\u00bb6&#8243; down=\u00bb0&#8243;][vc_column_text]<\/p>\n<p class=\"p1\"><span class=\"s1\">Comercializamos puertas autom\u00e1ticas de cristal (correderas o batientes), de una o dos hojas, pudiendo o no incluir marco de alum\u00ednio, lacado o natural, y sistema antip\u00e1nico.<\/span><\/p>\n<p><a href=\"https:\/\/www.sisporta.com\/es\/portas-de-vidro-automaticas\/\">SABER M\u00c1S<\/a>[\/vc_column_text][vc_separator type=\u00bbtransparent\u00bb up=\u00bb76&#8243; down=\u00bb0&#8243;][\/vc_column_inner][\/vc_row_inner][vc_row_inner row_type=\u00bbrow\u00bb type=\u00bbfull_width\u00bb text_align=\u00bbleft\u00bb css_animation=\u00bb\u00bb][vc_column_inner width=\u00bb1\/3&#8243;][vc_column_text]<img decoding=\"async\" src=\"https:\/\/www.sisporta.com\/wp-content\/uploads\/2018\/11\/grades_seguranca_03.jpg\" alt=\"REJAS DE SEGURIDAD\" \/>[\/vc_column_text][vc_separator type=\u00bbtransparent\u00bb up=\u00bb25&#8243; down=\u00bb0&#8243;][vc_column_text]<\/p>\n<h5 class=\"p1\"><a href=\"https:\/\/www.sisporta.com\/es\/grades-de-seguranca\/\"><span class=\"s1\">REJAS DE SEGURIDAD<\/span><\/a><\/h5>\n<p>[\/vc_column_text][vc_separator type=\u00bbtransparent\u00bb up=\u00bb6&#8243; down=\u00bb0&#8243;][vc_column_text]<\/p>\n<p class=\"p1\"><span class=\"s1\">En nuestra tienda es posible pedir rejas de seguridad enrollables (sistema rollo, y pueden o no ser t\u00e9rmicas) y ballestas (se recogen de lado) en diversas formas y colores.<\/span><\/p>\n<p><a href=\"https:\/\/www.sisporta.com\/es\/grades-de-seguranca\/\">SABER M\u00c1S<\/a>[\/vc_column_text][vc_separator type=\u00bbtransparent\u00bb up=\u00bb76&#8243; down=\u00bb0&#8243;][\/vc_column_inner][vc_column_inner width=\u00bb1\/3&#8243;][vc_column_text]<img decoding=\"async\" src=\"https:\/\/www.sisporta.com\/wp-content\/uploads\/2018\/11\/cais_descarga_03.jpg\" alt=\"MUELLES Y ABRIGOS PARA MUELLES \" \/>[\/vc_column_text][vc_separator type=\u00bbtransparent\u00bb up=\u00bb25&#8243; down=\u00bb0&#8243;][vc_column_text]<\/p>\n<h5 class=\"p1\"><a href=\"https:\/\/www.sisporta.com\/es\/cais-e-abrigo-de-cais\/\"><span class=\"s1\">MUELLES Y ABRIGOS PARA MUELLES<\/span><\/a><\/h5>\n<p>[\/vc_column_text][vc_separator type=\u00bbtransparent\u00bb up=\u00bb6&#8243; down=\u00bb0&#8243;][vc_column_text]<\/p>\n<p class=\"p1\"><span class=\"s1\">Disponemos de muelles hechos en acero en los modelos de labio basculante y labio telescopio y, adem\u00e1s, de abrigos retractables (caso el veh\u00edculo choque, el material se adapta y no raya el mismo).<\/span><\/p>\n<p><a href=\"https:\/\/www.sisporta.com\/es\/cais-e-abrigo-de-cais\/\">SABER M\u00c1S<\/a>[\/vc_column_text][vc_separator type=\u00bbtransparent\u00bb up=\u00bb76&#8243; down=\u00bb0&#8243;][\/vc_column_inner][vc_column_inner width=\u00bb1\/3&#8243;][vc_column_text]<img decoding=\"async\" src=\"https:\/\/www.sisporta.com\/wp-content\/uploads\/2018\/11\/automatismos.jpg\" alt=\"AUTOMATISMOS (PUERTAS Y REJAS)\" \/>[\/vc_column_text][vc_separator type=\u00bbtransparent\u00bb up=\u00bb25&#8243; down=\u00bb0&#8243;][vc_column_text]<\/p>\n<h5 class=\"p1\"><a href=\"https:\/\/www.sisporta.com\/es\/automatismos-para-portoes-e-grades\/\"><span class=\"s1\">AUTOMATISMOS (PUERTAS Y REJAS)<\/span><\/a><\/h5>\n<p>[\/vc_column_text][vc_separator type=\u00bbtransparent\u00bb up=\u00bb6&#8243; down=\u00bb0&#8243;][vc_column_text]<\/p>\n<p class=\"p1\"><span class=\"s1\">Nuestros automatismos incluyen accesorios variados y motores que son v\u00e1lidos para rejas enrollables y para puertas seccionales (de techo), correderas y tambi\u00e9n de batiente.<\/span><\/p>\n<p><a href=\"https:\/\/www.sisporta.com\/es\/automatismos-para-portoes-e-grades\/\">SABER M\u00c1S<\/a>[\/vc_column_text][vc_separator type=\u00bbtransparent\u00bb up=\u00bb76&#8243; down=\u00bb0&#8243;][\/vc_column_inner][\/vc_row_inner][\/vc_column][\/vc_row][vc_row row_type=\u00bbparallax\u00bb parallax_content_width=\u00bbfull_width\u00bb text_align=\u00bbleft\u00bb full_screen_section_height=\u00bbno\u00bb][vc_column]<div class=\"call_to_action normal\" style=\"\"><div class=\"container_inner\"><div class=\"two_columns_75_25 clearfix\"><div class=\"text_wrapper column1\"><div class=\"call_to_action_text \" style=\"\">\n<p style=\"text-transform: uppercase; color: #303030;\"><strong>SERVICIO POSVENTA DIFERENCIADO<\/strong><\/p>\n<p style=\"color: #303030;\">Nuestro equipo garantiza soluciones r\u00e1pidas y eficaces a nuestros clientes<\/p>\n<\/div><\/div><div class=\"button_wrapper column2\"><a itemprop=\"url\" href=\"https:\/\/www.sisporta.com\/es\/pos-venda\/\" class=\"qbutton white \" target=\"\" style=\"background-color: #303030;\" >SABER M\u00c1S<\/a><\/div><\/div><\/div><\/div>[\/vc_column][\/vc_row][vc_row css_animation=\u00bb\u00bb row_type=\u00bbrow\u00bb use_row_as_full_screen_section=\u00bbno\u00bb type=\u00bbgrid\u00bb angled_section=\u00bbno\u00bb text_align=\u00bbleft\u00bb background_image=\u00bb16366&#8243; background_image_as_pattern=\u00bbwithout_pattern\u00bb background_color=\u00bb#f8f8f8&#8243; border_color=\u00bb#e4e4e4&#8243; padding_top=\u00bb88&#8243; z_index=\u00bb\u00bb][vc_column][vc_separator type=\u00bbtransparent\u00bb up=\u00bb50&#8243; down=\u00bb0&#8243;][vc_column_text]<\/p>\n<h2 class=\"p1\" style=\"text-align: center; color: #ffffff;\"><span class=\"s1\">VENTAJAS DE OPTAR POR SISPORTA<\/span><\/h2>\n<p style=\"text-align: center; color: #ffffff;\"><span class=\"s1\">Hay inn\u00fameras ventajas en optar por Sisporta, principalmente las siguientes:<\/span><\/p>\n<p>[\/vc_column_text][vc_separator type=\u00bbtransparent\u00bb up=\u00bb50&#8243; down=\u00bb0&#8243;][vc_row_inner row_type=\u00bbrow\u00bb type=\u00bbfull_width\u00bb text_align=\u00bbleft\u00bb css_animation=\u00bb\u00bb][vc_column_inner width=\u00bb1\/2&#8243;][vc_column_text]<\/p>\n<ul style=\"color: #ffffff;\">\n<li>Precios muy competitivos<\/li>\n<li>Innovaci\u00f3n, calidad y prest\u00edgio<\/li>\n<li>Servicio r\u00e1pido, eficiente y vers\u00e1til<\/li>\n<li>Presupuestos gratis y sin compromiso<\/li>\n<\/ul>\n<p>[\/vc_column_text][\/vc_column_inner][vc_column_inner width=\u00bb1\/2&#8243;][vc_column_text]<\/p>\n<ul style=\"color: #ffffff;\">\n<li>Materiales de primera categor\u00eda, resistentes y visualmente elegantes<\/li>\n<li>Profesionales con formaci\u00f3n, certificaci\u00f3n y experiencia comprobada<\/li>\n<li>Soluciones que combinan con todos los ambientes: antiguos y modernos<\/li>\n<li>Equipos 100% personalizables a nivel de colores, dimensiones y formas.<\/li>\n<\/ul>\n<p>[\/vc_column_text][\/vc_column_inner][\/vc_row_inner][vc_separator type=\u00bbtransparent\u00bb up=\u00bb100&#8243; down=\u00bb0&#8243;][vc_row_inner row_type=\u00bbrow\u00bb type=\u00bbfull_width\u00bb text_align=\u00bbcenter\u00bb css_animation=\u00bb\u00bb][vc_column_inner][\/vc_column_inner][\/vc_row_inner][vc_separator type=\u00bbtransparent\u00bb up=\u00bb100&#8243; down=\u00bb0&#8243;][\/vc_column][\/vc_row]<\/p>\n<\/div>","protected":false},"excerpt":{"rendered":"<p>[vc_row css_animation=\u00bb\u00bb row_type=\u00bbrow\u00bb use_row_as_full_screen_section=\u00bbno\u00bb type=\u00bbfull_width\u00bb angled_section=\u00bbno\u00bb text_align=\u00bbleft\u00bb background_image_as_pattern=\u00bbwithout_pattern\u00bb][vc_column][rev_slider_vc alias=\u00bbhome\u00bb][\/vc_column][\/vc_row][vc_row css_animation=\u00bb\u00bb row_type=\u00bbrow\u00bb use_row_as_full_screen_section=\u00bbno\u00bb type=\u00bbgrid\u00bb anchor=\u00bbportfolio\u00bb angled_section=\u00bbno\u00bb text_align=\u00bbleft\u00bb background_image_as_pattern=\u00bbwithout_pattern\u00bb background_color=\u00bb#ffffff\u00bb border_color=\u00bb#eeeeee\u00bb padding_top=\u00bb73&#8243; padding_bottom=\u00bb0&#8243; el_id=\u00bbprodutos\u00bb z_index=\u00bb\u00bb][vc_column][vc_column_text] Sisporta Fabricante de referencia de puertas seccionales residenciales e industriales y representante de automatismos de la prestigiosa marca TAU [\/vc_column_text][vc_separator type=\u00bbsmall\u00bb position=\u00bbcenter\u00bb&#8230;<\/p>\n","protected":false},"author":1,"featured_media":0,"parent":0,"menu_order":0,"comment_status":"open","ping_status":"open","template":"full_width.php","meta":{"footnotes":""},"class_list":["post-16669","page","type-page","status-publish","hentry"],"_links":{"self":[{"href":"https:\/\/www.sisporta.com\/es\/wp-json\/wp\/v2\/pages\/16669","targetHints":{"allow":["GET"]}}],"collection":[{"href":"https:\/\/www.sisporta.com\/es\/wp-json\/wp\/v2\/pages"}],"about":[{"href":"https:\/\/www.sisporta.com\/es\/wp-json\/wp\/v2\/types\/page"}],"author":[{"embeddable":true,"href":"https:\/\/www.sisporta.com\/es\/wp-json\/wp\/v2\/users\/1"}],"replies":[{"embeddable":true,"href":"https:\/\/www.sisporta.com\/es\/wp-json\/wp\/v2\/comments?post=16669"}],"version-history":[{"count":4,"href":"https:\/\/www.sisporta.com\/es\/wp-json\/wp\/v2\/pages\/16669\/revisions"}],"predecessor-version":[{"id":16674,"href":"https:\/\/www.sisporta.com\/es\/wp-json\/wp\/v2\/pages\/16669\/revisions\/16674"}],"wp:attachment":[{"href":"https:\/\/www.sisporta.com\/es\/wp-json\/wp\/v2\/media?parent=16669"}],"curies":[{"name":"wp","href":"https:\/\/api.w.org\/{rel}","templated":true}]}}