{"id":16654,"date":"2018-11-12T14:50:43","date_gmt":"2018-11-12T14:50:43","guid":{"rendered":"https:\/\/www.sisporta.com\/portoes-de-garagem-seccionados\/"},"modified":"2019-02-08T12:04:23","modified_gmt":"2019-02-08T12:04:23","slug":"portoes-de-garagem-seccionados","status":"publish","type":"page","link":"https:\/\/www.sisporta.com\/es\/portoes-de-garagem-seccionados\/","title":{"rendered":"Puertas de garaje seccionales"},"content":{"rendered":"<div class=\"wpb-content-wrapper\"><p>[vc_row css_animation=\u00bb\u00bb row_type=\u00bbrow\u00bb use_row_as_full_screen_section=\u00bbno\u00bb type=\u00bbgrid\u00bb anchor=\u00bbportfolio\u00bb angled_section=\u00bbno\u00bb text_align=\u00bbleft\u00bb background_image_as_pattern=\u00bbwithout_pattern\u00bb background_color=\u00bb#ffffff\u00bb border_color=\u00bb#eeeeee\u00bb padding_top=\u00bb80&#8243; padding_bottom=\u00bb0&#8243;][vc_column][vc_row_inner row_type=\u00bbrow\u00bb type=\u00bbfull_width\u00bb text_align=\u00bbleft\u00bb css_animation=\u00bb\u00bb][vc_column_inner width=\u00bb1\/2&#8243;][vc_column_text]<img decoding=\"async\" src=\"https:\/\/www.sisporta.com\/wp-content\/uploads\/2018\/11\/portoes_seccionados_04.jpg\" alt=\"Puertas de garaje seccionales\" \/>[\/vc_column_text][vc_separator type=\u00bbtransparent\u00bb up=\u00bb79&#8243; down=\u00bb0&#8243;][\/vc_column_inner][vc_column_inner width=\u00bb1\/2&#8243;][vc_column_text]<em>Sisporta<\/em> es una empresa que se dedica a la fabricaci\u00f3n de puertas de garaje seccionales (se deslizan hacia arriba o hacia los lados). Estas puertas est\u00e1n hechas de paneles s\u00e1ndwich en chapa de acero doble con poliuretano en el interior, lo que garantiza un excelente aislamiento t\u00e9rmico.<\/p>\n<p>Estos equipos, que sustituyen las tradicionales puertas de fuelle y los basculantes, pueden ser totalmente personalizados en t\u00e9rminos de medidas (particular o industrial), de color (standard, por muestra o por indicaci\u00f3n RAL) y de forma (lisos, gofrados, con micro surco o acolchados).<\/p>\n<p>Para m\u00e1s informaciones sobre puertas de garaje seccionales, entre en contacto con nuestro equipo y conozca todas las condiciones posibles. Disponemos de una garant\u00eda de dos a\u00f1os en todos nuestros productos. Lo mejor de nosotros est\u00e1 siempre a su entera disposici\u00f3n.[\/vc_column_text][vc_separator type=\u00bbtransparent\u00bb up=\u00bb79&#8243; down=\u00bb0&#8243;][\/vc_column_inner][\/vc_row_inner][\/vc_column][\/vc_row][vc_row css_animation=\u00bb\u00bb row_type=\u00bbrow\u00bb use_row_as_full_screen_section=\u00bbno\u00bb type=\u00bbgrid\u00bb anchor=\u00bbportfolio\u00bb angled_section=\u00bbno\u00bb text_align=\u00bbleft\u00bb background_image_as_pattern=\u00bbwithout_pattern\u00bb background_color=\u00bb#f8f8f8&#8243; border_color=\u00bb#eeeeee\u00bb padding_top=\u00bb80&#8243; padding_bottom=\u00bb0&#8243;][vc_column][vc_row_inner row_type=\u00bbrow\u00bb type=\u00bbfull_width\u00bb text_align=\u00bbleft\u00bb css_animation=\u00bb\u00bb][vc_column_inner width=\u00bb1\/2&#8243;][vc_column_text]<\/p>\n<h2>PUERTAS SECCIONALES MANUALES Y AUTOM\u00c1TICAS (EL\u00c9CTRICAS)<\/h2>\n<p>[\/vc_column_text][vc_separator type=\u00bbsmall\u00bb position=\u00bbleft\u00bb color=\u00bb#818181&#8243; up=\u00bb13&#8243; down=\u00bb33&#8243;][vc_column_text]Las puertas de garaje seccionales pueden ser manuales o autom\u00e1ticas (con motor y accesorios de la prestigiosa marca italiana TAU).<\/p>\n<p>Es de realzar que todos los equipos se construyen siempre con materiales de primera categor\u00eda y en estrecho cumplimiento de las normas de la Uni\u00f3n Europea para el sector, garantizando as\u00ed una total seguridad a los utilizadores.<\/p>\n<p>Solicite ya un presupuesto 100% gratuito y sin ning\u00fan compromiso asociado para puertas de garaje seccionales, y benef\u00edciese de precios altamente competitivos y de un servicio personalizado.[\/vc_column_text][vc_separator type=\u00bbtransparent\u00bb up=\u00bb79&#8243; down=\u00bb0&#8243;][\/vc_column_inner][vc_column_inner width=\u00bb1\/2&#8243;][vc_column_text]<img decoding=\"async\" src=\"https:\/\/www.sisporta.com\/wp-content\/uploads\/2018\/11\/portoes_seccionados_01.jpg\" alt=\"PUERTAS SECCIONALES MANUALES Y AUTOM\u00c1TICAS (EL\u00c9CTRICAS)\" \/>[\/vc_column_text][vc_separator type=\u00bbtransparent\u00bb up=\u00bb79&#8243; down=\u00bb0&#8243;][\/vc_column_inner][\/vc_row_inner][\/vc_column][\/vc_row][vc_row css_animation=\u00bb\u00bb row_type=\u00bbrow\u00bb use_row_as_full_screen_section=\u00bbno\u00bb type=\u00bbgrid\u00bb anchor=\u00bbportfolio\u00bb angled_section=\u00bbno\u00bb text_align=\u00bbleft\u00bb background_image_as_pattern=\u00bbwithout_pattern\u00bb background_color=\u00bb#ffffff\u00bb border_color=\u00bb#eeeeee\u00bb padding_top=\u00bb80&#8243; padding_bottom=\u00bb0&#8243;][vc_column][vc_row_inner row_type=\u00bbrow\u00bb type=\u00bbfull_width\u00bb text_align=\u00bbleft\u00bb css_animation=\u00bb\u00bb][vc_column_inner width=\u00bb1\/2&#8243;][vc_column_text]<img decoding=\"async\" src=\"https:\/\/www.sisporta.com\/wp-content\/uploads\/2018\/12\/portoes_seccionados_08.jpg\" alt=\"PUERTAS SECCIONALES CON PUERTAS DE SERVICIO\" \/>[\/vc_column_text][vc_separator type=\u00bbtransparent\u00bb up=\u00bb79&#8243; down=\u00bb0&#8243;][\/vc_column_inner][vc_column_inner width=\u00bb1\/2&#8243;][vc_column_text]<\/p>\n<h2 class=\"p1\"><span class=\"s1\">PUERTAS SECCIONALES CON PUERTAS DE SERVICIO<\/span><\/h2>\n<p>[\/vc_column_text][vc_separator type=\u00bbsmall\u00bb position=\u00bbleft\u00bb color=\u00bb#818181&#8243; up=\u00bb13&#8243; down=\u00bb33&#8243;][vc_column_text]Las puertas seccionales con puertas de servicio son extremamente \u00fatiles, en la medida en que no es necesario abrirla toda para que una persona pueda pasar. Son por eso recomendadas en locales en que se verifiquen muchas entradas y salidas de peatones.<\/p>\n<p>Adem\u00e1s de esta opci\u00f3n, disponemos de otros extras como: visores con o sin efecto sol en varios modelos (rombo, cuadr\u00edcula, simple, catedral y arcada) y de sistemas de ventilaci\u00f3n (rejillas peque\u00f1as y grandes) extremamente eficaces.<\/p>\n<p>Pida ya sus puertas seccionales con puertas de servicio, y disfrute de un equipo muy pr\u00e1ctico y funcional para su d\u00eda a d\u00eda, ya sea laboral o habitacional. Invierta en calidad, innovaci\u00f3n, prestigio, rapidez y precios reducidos.[\/vc_column_text][vc_separator type=\u00bbtransparent\u00bb up=\u00bb79&#8243; down=\u00bb0&#8243;][\/vc_column_inner][\/vc_row_inner][\/vc_column][\/vc_row][vc_row css_animation=\u00bb\u00bb row_type=\u00bbrow\u00bb use_row_as_full_screen_section=\u00bbno\u00bb type=\u00bbgrid\u00bb anchor=\u00bbportfolio\u00bb angled_section=\u00bbno\u00bb text_align=\u00bbleft\u00bb background_image_as_pattern=\u00bbwithout_pattern\u00bb background_color=\u00bb#f8f8f8&#8243; border_color=\u00bb#eeeeee\u00bb padding_top=\u00bb80&#8243; padding_bottom=\u00bb0&#8243;][vc_column][vc_row_inner row_type=\u00bbrow\u00bb type=\u00bbfull_width\u00bb text_align=\u00bbleft\u00bb css_animation=\u00bb\u00bb][vc_column_inner width=\u00bb1\/2&#8243;][vc_column_text]<\/p>\n<h2 class=\"p1\"><span class=\"s1\">PUERTAS SECCIONALES RESIDENCIALES (PARA CASAS Y EDIFICIOS)<\/span><\/h2>\n<p>[\/vc_column_text][vc_separator type=\u00bbsmall\u00bb position=\u00bbleft\u00bb color=\u00bb#818181&#8243; up=\u00bb13&#8243; down=\u00bb33&#8243;][vc_column_text]Nuestra empresa fabrica puertas seccionales residenciales (para casas y edificios) de forma personalizada. Estas pueden ser totalmente personalizadas a nivel de color, formato y tama\u00f1o.<\/p>\n<p>Estos equipos aseguran una protecci\u00f3n total de su casa (bienes y personas), principalmente en la noche o cuando se va de vacaciones, una vez que, como son de acero con poliuretano en su interior, no son f\u00e1ciles de destruir.<\/p>\n<p>Escoja ya sus puertas seccionales residenciales (para casas y edificios) y benef\u00edciese de la m\u00e1xima seguridad. Apueste en una empresa que es considerada una referencia en este sector de actividad y que tiene como lema hacer siempre m\u00e1s y mejor.[\/vc_column_text][vc_separator type=\u00bbtransparent\u00bb up=\u00bb79&#8243; down=\u00bb0&#8243;][\/vc_column_inner][vc_column_inner width=\u00bb1\/2&#8243;][vc_column_text]<img decoding=\"async\" src=\"https:\/\/www.sisporta.com\/wp-content\/uploads\/2018\/11\/portoes_seccionados_02.jpg\" alt=\"PUERTAS SECCIONALES RESIDENCIALES (PARA CASAS Y EDIFICIOS)\" \/>[\/vc_column_text][vc_separator type=\u00bbtransparent\u00bb up=\u00bb79&#8243; down=\u00bb0&#8243;][\/vc_column_inner][\/vc_row_inner][\/vc_column][\/vc_row][vc_row css_animation=\u00bb\u00bb row_type=\u00bbrow\u00bb use_row_as_full_screen_section=\u00bbno\u00bb type=\u00bbgrid\u00bb anchor=\u00bbportfolio\u00bb angled_section=\u00bbno\u00bb text_align=\u00bbleft\u00bb background_image_as_pattern=\u00bbwithout_pattern\u00bb background_color=\u00bb#ffffff\u00bb padding_top=\u00bb80&#8243; padding_bottom=\u00bb0&#8243;][vc_column][vc_row_inner row_type=\u00bbrow\u00bb type=\u00bbfull_width\u00bb text_align=\u00bbleft\u00bb css_animation=\u00bb\u00bb][vc_column_inner width=\u00bb1\/2&#8243;][vc_column_text]<img decoding=\"async\" src=\"https:\/\/www.sisporta.com\/wp-content\/uploads\/2018\/11\/portoes_seccionados_07.jpg\" alt=\"PUERTAS SECCIONALES INDUSTRIALES\" \/>[\/vc_column_text][vc_separator type=\u00bbtransparent\u00bb up=\u00bb79&#8243; down=\u00bb0&#8243;][\/vc_column_inner][vc_column_inner width=\u00bb1\/2&#8243;][vc_column_text]<\/p>\n<h2 class=\"p1\"><span class=\"s1\">PUERTAS SECCIONALES INDUSTRIALES<\/span><\/h2>\n<p>[\/vc_column_text][vc_separator type=\u00bbsmall\u00bb position=\u00bbleft\u00bb color=\u00bb#818181&#8243; up=\u00bb13&#8243; down=\u00bb33&#8243;][vc_column_text]Las puertas seccionales industriales son muy utilizadas, principalmente en empresas, f\u00e1bricas y garajes\/almacenes de oficinas, centros comerciales, gimnasios, tiendas, restaurantes, caf\u00e9s, entre otros espacios de uso colectivo y masivo.<\/p>\n<p>Estas soluciones innovadoras, manuales o con motor de la marca TAU (las m\u00e1s solicitadas), son extremamente eficientes en la medida en que protegen los locales, las mercanc\u00edas y las personas de posibles intentos de asalto.<\/p>\n<p>Caso tenga alguna pregunta sobre puertas seccionales industriales, llame de inmediato a <em>Sisporta<\/em> y clarifique todo con nuestro equipo. Garantizamos una atenci\u00f3n personalizada y la adquisici\u00f3n constante de productos premium.[\/vc_column_text][vc_separator type=\u00bbtransparent\u00bb up=\u00bb79&#8243; down=\u00bb0&#8243;][\/vc_column_inner][\/vc_row_inner][\/vc_column][\/vc_row][vc_row css_animation=\u00bb\u00bb row_type=\u00bbrow\u00bb use_row_as_full_screen_section=\u00bbno\u00bb type=\u00bbgrid\u00bb anchor=\u00bbportfolio\u00bb angled_section=\u00bbno\u00bb text_align=\u00bbleft\u00bb background_image_as_pattern=\u00bbwithout_pattern\u00bb background_color=\u00bb#f8f8f8&#8243; border_color=\u00bb#eeeeee\u00bb padding_top=\u00bb80&#8243; padding_bottom=\u00bb0&#8243;][vc_column][vc_row_inner row_type=\u00bbrow\u00bb type=\u00bbfull_width\u00bb text_align=\u00bbleft\u00bb css_animation=\u00bb\u00bb][vc_column_inner width=\u00bb1\/2&#8243;][vc_column_text]<\/p>\n<h2 class=\"p1\"><span class=\"s1\">VENTAJAS DE LAS PUERTAS SECCIONALES<\/span><\/h2>\n<p>[\/vc_column_text][vc_separator type=\u00bbsmall\u00bb position=\u00bbleft\u00bb color=\u00bb#818181&#8243; up=\u00bb13&#8243; down=\u00bb33&#8243;][vc_column_text]Hay inn\u00fameras ventajas en adquirir puertas seccionales, principalmente las que siguen:<\/p>\n<p>&nbsp;<\/p>\n<ul>\n<li>Rapidez y seguridad<\/li>\n<li>Funcionamiento silencioso<\/li>\n<li>Posesi\u00f3n de Certificaci\u00f3n Europea CE<\/li>\n<li>Materiales de calidad, duraderos y resistentes<\/li>\n<li>Estanquidad y aislamiento t\u00e9rmico y ac\u00fastico<\/li>\n<li>Mantenimiento reducido, simple y muy econ\u00f3mico<\/li>\n<li>Utilizaci\u00f3n de automatismos (motor y mando), cuando el\u00e9ctricos, de la prestigiosa marca italiana TAU<\/li>\n<\/ul>\n<p>[\/vc_column_text][vc_separator type=\u00bbtransparent\u00bb up=\u00bb79&#8243; down=\u00bb0&#8243;][\/vc_column_inner][vc_column_inner width=\u00bb1\/2&#8243;][vc_column_text]<img decoding=\"async\" src=\"https:\/\/www.sisporta.com\/wp-content\/uploads\/2018\/11\/portoes_seccionados_06.jpg\" alt=\"VENTAJAS DE LAS PUERTAS SECCIONALES\" \/>[\/vc_column_text][vc_separator type=\u00bbtransparent\u00bb up=\u00bb79&#8243; down=\u00bb0&#8243;][\/vc_column_inner][\/vc_row_inner][\/vc_column][\/vc_row][vc_row css_animation=\u00bb\u00bb row_type=\u00bbrow\u00bb use_row_as_full_screen_section=\u00bbno\u00bb type=\u00bbgrid\u00bb anchor=\u00bbportfolio\u00bb angled_section=\u00bbno\u00bb text_align=\u00bbleft\u00bb background_image_as_pattern=\u00bbwithout_pattern\u00bb background_color=\u00bb#ffffff\u00bb padding_top=\u00bb80&#8243; padding_bottom=\u00bb0&#8243;][vc_column][vc_row_inner row_type=\u00bbrow\u00bb type=\u00bbfull_width\u00bb text_align=\u00bbleft\u00bb css_animation=\u00bb\u00bb][vc_column_inner width=\u00bb1\/2&#8243;][vc_column_text]<img decoding=\"async\" src=\"https:\/\/www.sisporta.com\/wp-content\/uploads\/2018\/11\/portoes_seccionados_05.jpg\" alt=\"PUERTAS SECCIONALES: COLORES Y ACCESORIOS\" \/>[\/vc_column_text][vc_separator type=\u00bbtransparent\u00bb up=\u00bb79&#8243; down=\u00bb0&#8243;][\/vc_column_inner][vc_column_inner width=\u00bb1\/2&#8243;][vc_column_text]<\/p>\n<h2 class=\"p1\"><span class=\"s1\">PUERTAS SECCIONALES: COLORES Y ACCESORIOS<\/span><\/h2>\n<p>[\/vc_column_text][vc_separator type=\u00bbsmall\u00bb position=\u00bbleft\u00bb color=\u00bb#818181&#8243; up=\u00bb13&#8243; down=\u00bb33&#8243;][vc_column_text]Las puertas seccionales se encuentran disponibles en varios colores y poseen inn\u00fameros accesorios, como los siguientes:<\/p>\n<p>&nbsp;<\/p>\n<ul>\n<li>Muelles<\/li>\n<li>Mandos<\/li>\n<li>Cables de acero<\/li>\n<li>Puertas de servicio<\/li>\n<li>Ca\u00f1ones (puertas seccionales manuales y puertas de servicio)<\/li>\n<li>Cilindros (puertas seccionales manuales y puertas de servicio)<\/li>\n<li>Tiradores (puertas seccionales manuales y puertas de servicio)<\/li>\n<li>Visores con o sin efecto sol (simple, cuadr\u00edcula, rombos, catedral y arcada)<\/li>\n<li>Dinteles (donde se fijan los muelles): normales, angulares, reducidos, bajos, verticales y semiverticales.<\/li>\n<\/ul>\n<p>[\/vc_column_text][vc_separator type=\u00bbtransparent\u00bb up=\u00bb79&#8243; down=\u00bb0&#8243;][\/vc_column_inner][\/vc_row_inner][vc_row_inner row_type=\u00bbrow\u00bb type=\u00bbfull_width\u00bb text_align=\u00bbleft\u00bb css_animation=\u00bb\u00bb][vc_column_inner][vc_column_text el_class=\u00bblocalidades\u00bb]<strong>Puertas de garaje seccionales <\/strong><br \/>\nLISBOA Ajuda| Alc\u00e2ntara| Alvalade| Areeiro| Arroios | Avenidas Novas | Beato |Bel\u00e9m | Benfica | Campo de Ourique | Campolide | Carnide | Estrela | Lumiar | Marvila | Miseric\u00f3rdia | Olivais | Parque das Na\u00e7\u00f5es | Penha de Fran\u00e7a | Santa Clara | Santa Maria Maior |Santo Ant\u00f3nio | S\u00e3o Domingos de Benfica | S\u00e3o Vicente Cascais Alcabideche | Carcavelos | Estoril | Parede | S\u00e3o Domingos de Rana OEIRAS Alg\u00e9s | Carnaxide | Pa\u00e7o de Arcos | Porto Salvo | S\u00e3o Marcos AMADORA Alfragide | Brandoa | Buraca | Damaia | Reboleira | Venda Nova\u2028ALMADA Caparica | Costa da Caparica | Feij\u00f3 | Pragal | Trafaria | Cacilhas | Charneca de Caparica | Cova da Piedade | Laranjeiro | Sobreda SINTRA Algueir\u00e3o | Belas | Cac\u00e9m | Massam\u00e1 | Queluz | Rio de Mouro | Terrugem[\/vc_column_text][vc_separator type=\u00bbtransparent\u00bb up=\u00bb79&#8243; down=\u00bb0&#8243;][\/vc_column_inner][\/vc_row_inner][\/vc_column][\/vc_row]<\/p>\n<\/div>","protected":false},"excerpt":{"rendered":"<p>[vc_row css_animation=\u00bb\u00bb row_type=\u00bbrow\u00bb use_row_as_full_screen_section=\u00bbno\u00bb type=\u00bbgrid\u00bb anchor=\u00bbportfolio\u00bb angled_section=\u00bbno\u00bb text_align=\u00bbleft\u00bb background_image_as_pattern=\u00bbwithout_pattern\u00bb background_color=\u00bb#ffffff\u00bb border_color=\u00bb#eeeeee\u00bb padding_top=\u00bb80&#8243; padding_bottom=\u00bb0&#8243;][vc_column][vc_row_inner row_type=\u00bbrow\u00bb type=\u00bbfull_width\u00bb text_align=\u00bbleft\u00bb css_animation=\u00bb\u00bb][vc_column_inner width=\u00bb1\/2&#8243;][vc_column_text][\/vc_column_text][vc_separator type=\u00bbtransparent\u00bb up=\u00bb79&#8243; down=\u00bb0&#8243;][\/vc_column_inner][vc_column_inner width=\u00bb1\/2&#8243;][vc_column_text]Sisporta es una empresa que se dedica a la fabricaci\u00f3n de puertas de garaje seccionales (se deslizan hacia arriba o hacia los lados). Estas&#8230;<\/p>\n","protected":false},"author":1,"featured_media":0,"parent":0,"menu_order":0,"comment_status":"closed","ping_status":"closed","template":"full_width.php","meta":{"footnotes":""},"class_list":["post-16654","page","type-page","status-publish","hentry"],"_links":{"self":[{"href":"https:\/\/www.sisporta.com\/es\/wp-json\/wp\/v2\/pages\/16654","targetHints":{"allow":["GET"]}}],"collection":[{"href":"https:\/\/www.sisporta.com\/es\/wp-json\/wp\/v2\/pages"}],"about":[{"href":"https:\/\/www.sisporta.com\/es\/wp-json\/wp\/v2\/types\/page"}],"author":[{"embeddable":true,"href":"https:\/\/www.sisporta.com\/es\/wp-json\/wp\/v2\/users\/1"}],"replies":[{"embeddable":true,"href":"https:\/\/www.sisporta.com\/es\/wp-json\/wp\/v2\/comments?post=16654"}],"version-history":[{"count":2,"href":"https:\/\/www.sisporta.com\/es\/wp-json\/wp\/v2\/pages\/16654\/revisions"}],"predecessor-version":[{"id":16656,"href":"https:\/\/www.sisporta.com\/es\/wp-json\/wp\/v2\/pages\/16654\/revisions\/16656"}],"wp:attachment":[{"href":"https:\/\/www.sisporta.com\/es\/wp-json\/wp\/v2\/media?parent=16654"}],"curies":[{"name":"wp","href":"https:\/\/api.w.org\/{rel}","templated":true}]}}