{"id":16646,"date":"2018-11-12T15:43:03","date_gmt":"2018-11-12T15:43:03","guid":{"rendered":"https:\/\/www.sisporta.com\/portas-de-vidro-automaticas\/"},"modified":"2019-02-08T11:39:28","modified_gmt":"2019-02-08T11:39:28","slug":"portas-de-vidro-automaticas","status":"publish","type":"page","link":"https:\/\/www.sisporta.com\/es\/portas-de-vidro-automaticas\/","title":{"rendered":"Puertas autom\u00e1ticas de cristal"},"content":{"rendered":"<div class=\"wpb-content-wrapper\"><p>[vc_row css_animation=\u00bb\u00bb row_type=\u00bbrow\u00bb use_row_as_full_screen_section=\u00bbno\u00bb type=\u00bbgrid\u00bb anchor=\u00bbportfolio\u00bb angled_section=\u00bbno\u00bb text_align=\u00bbleft\u00bb background_image_as_pattern=\u00bbwithout_pattern\u00bb background_color=\u00bb#ffffff\u00bb border_color=\u00bb#eeeeee\u00bb padding_top=\u00bb80&#8243; padding_bottom=\u00bb0&#8243;][vc_column][vc_row_inner row_type=\u00bbrow\u00bb type=\u00bbfull_width\u00bb text_align=\u00bbleft\u00bb css_animation=\u00bb\u00bb][vc_column_inner width=\u00bb1\/2&#8243;][vc_column_text]<img decoding=\"async\" src=\"https:\/\/www.sisporta.com\/wp-content\/uploads\/2018\/11\/portas_automaticas_vidro_01.jpg\" alt=\"Puertas autom\u00e1ticas de cristal\" \/>[\/vc_column_text][vc_separator type=\u00bbtransparent\u00bb up=\u00bb79&#8243; down=\u00bb0&#8243;][\/vc_column_inner][vc_column_inner width=\u00bb1\/2&#8243;][vc_column_text]<em>Sisporta<\/em> es una empresa que comercializa puertas autom\u00e1ticas de cristal, correderas y batientes, con modelos de una o dos hojas, pudiendo o no integrar marco de aluminio (lacado con el color pretendido o la versi\u00f3n natural).<\/p>\n<p>Son utilizadas en locales de uso masivo, tales como centros comerciales y empresas. Estos equipos pueden incluir perfiles antip\u00e1nico que funcionan como una salida de emergencia, una vez que empujan las hojas y estas se pliegan a 90\u00b0.<\/p>\n<p>Es de resaltar que todos estos productos de la prestigiosa marca TAU se fabrican seg\u00fan las normas de la Uni\u00f3n Europea, poseen 2 a\u00f1os de garant\u00eda y nuestros profesionales aseguran toda la asistencia.<\/p>\n<p>Para obtener m\u00e1s informaci\u00f3n sobre puertas autom\u00e1ticas, no dude en entrar en contacto con nuestro equipo multidisciplinar. Tenemos total disponibilidad para clarificar sus dudas. Invierta en rigor, calidad y seriedad.[\/vc_column_text][vc_separator type=\u00bbtransparent\u00bb up=\u00bb79&#8243; down=\u00bb0&#8243;][\/vc_column_inner][\/vc_row_inner][\/vc_column][\/vc_row][vc_row css_animation=\u00bb\u00bb row_type=\u00bbrow\u00bb use_row_as_full_screen_section=\u00bbno\u00bb type=\u00bbgrid\u00bb anchor=\u00bbportfolio\u00bb angled_section=\u00bbno\u00bb text_align=\u00bbleft\u00bb background_image_as_pattern=\u00bbwithout_pattern\u00bb background_color=\u00bb#f8f8f8&#8243; border_color=\u00bb#eeeeee\u00bb padding_top=\u00bb80&#8243; padding_bottom=\u00bb0&#8243;][vc_column][vc_row_inner row_type=\u00bbrow\u00bb type=\u00bbfull_width\u00bb text_align=\u00bbleft\u00bb css_animation=\u00bb\u00bb][vc_column_inner width=\u00bb1\/2&#8243;][vc_column_text]<\/p>\n<h2 class=\"p1\"><span class=\"s1\">PUERTAS AUTOM\u00c1TICAS CORREDERAS DE CRISTAL<\/span><\/h2>\n<p>[\/vc_column_text][vc_separator type=\u00bbsmall\u00bb position=\u00bbleft\u00bb color=\u00bb#818181&#8243; up=\u00bb13&#8243; down=\u00bb33&#8243;][vc_column_text]Las puertas autom\u00e1ticas correderas de cristal (se deslizan hacia los lados), con o sin marco integrado, funcionan con un motor que se acciona cuando pasan las personas, facilitando as\u00ed las entradas y las salidas.<\/p>\n<p>Estos equipos son muy discretos, pueden utilizarse en todo tipo de espacios (modernos o antiguos), y como se abren y cierran inmediatamente, proporcionan ambientes acogedores (control de climatizaci\u00f3n).<\/p>\n<p>Solicite un presupuesto 100% gratis y sin compromiso asociado para las puertas autom\u00e1ticas correderas de cristal, y sepa de inmediato cuanto puede economizar si apuesta en nuestro conocimiento diferenciado y diferenciador.[\/vc_column_text][vc_separator type=\u00bbtransparent\u00bb up=\u00bb79&#8243; down=\u00bb0&#8243;][\/vc_column_inner][vc_column_inner width=\u00bb1\/2&#8243;][vc_column_text]<img decoding=\"async\" src=\"https:\/\/www.sisporta.com\/wp-content\/uploads\/2018\/11\/portas_automaticas_correr.jpg\" alt=\"PUERTAS AUTOM\u00c1TICAS CORREDERAS DE CRISTAL\" \/>[\/vc_column_text][vc_separator type=\u00bbtransparent\u00bb up=\u00bb79&#8243; down=\u00bb0&#8243;][\/vc_column_inner][\/vc_row_inner][\/vc_column][\/vc_row][vc_row css_animation=\u00bb\u00bb row_type=\u00bbrow\u00bb use_row_as_full_screen_section=\u00bbno\u00bb type=\u00bbgrid\u00bb anchor=\u00bbportfolio\u00bb angled_section=\u00bbno\u00bb text_align=\u00bbleft\u00bb background_image_as_pattern=\u00bbwithout_pattern\u00bb background_color=\u00bb#ffffff\u00bb border_color=\u00bb#eeeeee\u00bb padding_top=\u00bb80&#8243; padding_bottom=\u00bb0&#8243;][vc_column][vc_row_inner row_type=\u00bbrow\u00bb type=\u00bbfull_width\u00bb text_align=\u00bbleft\u00bb css_animation=\u00bb\u00bb][vc_column_inner width=\u00bb1\/2&#8243;][vc_column_text]<img decoding=\"async\" src=\"https:\/\/www.sisporta.com\/wp-content\/uploads\/2018\/11\/porta_automatica_batente.jpg\" alt=\"PUERTAS AUTOM\u00c1TICAS DE CRISTAL DE BATIENTE\" \/>[\/vc_column_text][vc_separator type=\u00bbtransparent\u00bb up=\u00bb79&#8243; down=\u00bb0&#8243;][\/vc_column_inner][vc_column_inner width=\u00bb1\/2&#8243;][vc_column_text]<\/p>\n<h2 class=\"p1\"><span class=\"s1\">PUERTAS AUTOM\u00c1TICAS DE CRISTAL DE BATIENTE<\/span><\/h2>\n<p>[\/vc_column_text][vc_separator type=\u00bbsmall\u00bb position=\u00bbleft\u00bb color=\u00bb#818181&#8243; up=\u00bb13&#8243; down=\u00bb33&#8243;][vc_column_text]Vendemos automatismos (motores) para puertas de cristal, de madera y de aluminio de batiente (aquellas que se abren y se cierran de forma tradicional), cuyo sistema se incorpora en la parte superior, facilitando el acceso a las personas, principalmente las que tienen movilidad reducida.<\/p>\n<p>Estos equipos de primera categor\u00eda son extremamente resistentes y seguros (cristales muy dif\u00edciles de partir y no pillan los dedos) y se pueden pedir en varias medidas, con o sin sistema antip\u00e1nico incluido (salida de emergencia).<\/p>\n<p>Para cualquier clarificaci\u00f3n adicional sobre las puertas autom\u00e1ticas de cristal batiente, pida una opini\u00f3n especializada a nuestros t\u00e9cnicos. Estos le indicar\u00e1n siempre cual es la soluci\u00f3n m\u00e1s ventajosa (econ\u00f3mica y eficaz) para su caso en concreto.[\/vc_column_text][vc_separator type=\u00bbtransparent\u00bb up=\u00bb79&#8243; down=\u00bb0&#8243;][\/vc_column_inner][\/vc_row_inner][\/vc_column][\/vc_row][vc_row css_animation=\u00bb\u00bb row_type=\u00bbrow\u00bb use_row_as_full_screen_section=\u00bbno\u00bb type=\u00bbgrid\u00bb anchor=\u00bbportfolio\u00bb angled_section=\u00bbno\u00bb text_align=\u00bbleft\u00bb background_image_as_pattern=\u00bbwithout_pattern\u00bb background_color=\u00bb#f8f8f8&#8243; border_color=\u00bb#eeeeee\u00bb padding_top=\u00bb80&#8243; padding_bottom=\u00bb0&#8243;][vc_column][vc_row_inner row_type=\u00bbrow\u00bb type=\u00bbfull_width\u00bb text_align=\u00bbleft\u00bb css_animation=\u00bb\u00bb][vc_column_inner width=\u00bb1\/2&#8243;][vc_column_text]<\/p>\n<h2 class=\"p1\"><span class=\"s1\">VENTAJAS DE LAS PUERTAS AUTOM\u00c1TICAS DE CRISTAL<\/span><\/h2>\n<p>[\/vc_column_text][vc_separator type=\u00bbsmall\u00bb position=\u00bbleft\u00bb color=\u00bb#818181&#8243; up=\u00bb13&#8243; down=\u00bb33&#8243;][vc_column_text]Hay inn\u00fameras ventajas en optar por las puertas autom\u00e1ticas de cristal de la marca italiana de referencia TAU, principalmente las siguientes:<\/p>\n<p>&nbsp;<\/p>\n<p>&nbsp;<\/p>\n<ul>\n<li>Son visualmente muy elegantes y discretas<\/li>\n<li>Motor silencioso y exento de vibraciones<\/li>\n<li>Diversidad de modelos y amplia gama de acabados<\/li>\n<li>Facilitan el paso, principalmente a personas con movilidad reducida.<\/li>\n<li>Optimizan el consumo de energ\u00eda (mantienen los ambientes calientes o fr\u00edos)<\/li>\n<li>Son extremamente seguras (no pillan) y resistentes (dif\u00edciles de partir)<\/li>\n<li>Son hechas de materiales de excelencia, debidamente probados por entidades del sector<\/li>\n<li>Caso integren marcos de aluminio, pueden ser lacados en el color pretendido o vendidos al natural<\/li>\n<li>Pueden tener una barrera antip\u00e1nico (funciona como la salida de emergencia de apertura manual, muy \u00fatil en situaciones de emergencia).<\/li>\n<\/ul>\n<p>[\/vc_column_text][vc_separator type=\u00bbtransparent\u00bb up=\u00bb79&#8243; down=\u00bb0&#8243;][\/vc_column_inner][vc_column_inner width=\u00bb1\/2&#8243;][vc_column_text]<img decoding=\"async\" src=\"https:\/\/www.sisporta.com\/wp-content\/uploads\/2018\/11\/porta_automatica_batente_01.jpg\" alt=\"VENTAJAS DE LAS PUERTAS AUTOM\u00c1TICAS DE CRISTAL\" \/>[\/vc_column_text][vc_separator type=\u00bbtransparent\u00bb up=\u00bb79&#8243; down=\u00bb0&#8243;][\/vc_column_inner][\/vc_row_inner][\/vc_column][\/vc_row][vc_row css_animation=\u00bb\u00bb row_type=\u00bbrow\u00bb use_row_as_full_screen_section=\u00bbno\u00bb type=\u00bbgrid\u00bb anchor=\u00bbportfolio\u00bb angled_section=\u00bbno\u00bb text_align=\u00bbleft\u00bb background_image_as_pattern=\u00bbwithout_pattern\u00bb background_color=\u00bb#ffffff\u00bb padding_top=\u00bb80&#8243; padding_bottom=\u00bb0&#8243;][vc_column][vc_row_inner row_type=\u00bbrow\u00bb type=\u00bbfull_width\u00bb text_align=\u00bbleft\u00bb css_animation=\u00bb\u00bb][vc_column_inner width=\u00bb1\/2&#8243;][vc_column_text]<img decoding=\"async\" src=\"https:\/\/www.sisporta.com\/wp-content\/uploads\/2018\/11\/portas_automaticas_modelos.jpg\" alt=\"MODELOS DE PUERTAS AUTOM\u00c1TICAS DE CRISTAL\" \/>[\/vc_column_text][vc_separator type=\u00bbtransparent\u00bb up=\u00bb79&#8243; down=\u00bb0&#8243;][\/vc_column_inner][vc_column_inner width=\u00bb1\/2&#8243;][vc_column_text]<\/p>\n<h2 class=\"p1\"><span class=\"s1\">MODELOS DE PUERTAS AUTOM\u00c1TICAS DE CRISTAL<\/span><\/h2>\n<p>[\/vc_column_text][vc_separator type=\u00bbsmall\u00bb position=\u00bbleft\u00bb color=\u00bb#818181&#8243; up=\u00bb13&#8243; down=\u00bb33&#8243;][vc_column_text]Disponemos de los siguientes modelos de puertas autom\u00e1ticas de cristal:<\/p>\n<p>&nbsp;<\/p>\n<ul>\n<li>Pivotantes<\/li>\n<li>De una hoja<\/li>\n<li>De dos hojas<\/li>\n<\/ul>\n<p>[\/vc_column_text][vc_separator type=\u00bbtransparent\u00bb up=\u00bb79&#8243; down=\u00bb0&#8243;][\/vc_column_inner][\/vc_row_inner][\/vc_column][\/vc_row][vc_row css_animation=\u00bb\u00bb row_type=\u00bbrow\u00bb use_row_as_full_screen_section=\u00bbno\u00bb type=\u00bbgrid\u00bb anchor=\u00bbportfolio\u00bb angled_section=\u00bbno\u00bb text_align=\u00bbleft\u00bb background_image_as_pattern=\u00bbwithout_pattern\u00bb background_color=\u00bb#f8f8f8&#8243; border_color=\u00bb#eeeeee\u00bb padding_top=\u00bb80&#8243; padding_bottom=\u00bb0&#8243;][vc_column][vc_row_inner row_type=\u00bbrow\u00bb type=\u00bbfull_width\u00bb text_align=\u00bbleft\u00bb css_animation=\u00bb\u00bb][vc_column_inner width=\u00bb1\/2&#8243;][vc_column_text]<\/p>\n<h2 class=\"p1\"><span class=\"s1\">PERFILES\/MARCOS DE LAS PUERTAS AUTOM\u00c1TICAS DE CRISTAL<\/span><\/h2>\n<p>[\/vc_column_text][vc_separator type=\u00bbsmall\u00bb position=\u00bbleft\u00bb color=\u00bb#818181&#8243; up=\u00bb13&#8243; down=\u00bb33&#8243;][vc_column_text]Disponemos de los siguientes perfiles\/ marcos para puertas autom\u00e1ticas de cristal:<\/p>\n<p>&nbsp;<\/p>\n<ul>\n<li>Perfil antip\u00e1nico<\/li>\n<li>Perfil de aluminio lacado<\/li>\n<\/ul>\n<p>[\/vc_column_text][vc_separator type=\u00bbtransparent\u00bb up=\u00bb79&#8243; down=\u00bb0&#8243;][\/vc_column_inner][vc_column_inner width=\u00bb1\/2&#8243;][vc_column_text]<img decoding=\"async\" src=\"https:\/\/www.sisporta.com\/wp-content\/uploads\/2018\/11\/portas_automaticas_perfis.jpg\" alt=\"PERFILES\/MARCOS DE LAS PUERTAS AUTOM\u00c1TICAS DE CRISTAL\" \/>[\/vc_column_text][vc_separator type=\u00bbtransparent\u00bb up=\u00bb79&#8243; down=\u00bb0&#8243;][\/vc_column_inner][\/vc_row_inner][\/vc_column][\/vc_row][vc_row css_animation=\u00bb\u00bb row_type=\u00bbrow\u00bb use_row_as_full_screen_section=\u00bbno\u00bb type=\u00bbgrid\u00bb anchor=\u00bbportfolio\u00bb angled_section=\u00bbno\u00bb text_align=\u00bbleft\u00bb background_image_as_pattern=\u00bbwithout_pattern\u00bb background_color=\u00bb#ffffff\u00bb padding_top=\u00bb80&#8243; padding_bottom=\u00bb0&#8243;][vc_column][vc_row_inner row_type=\u00bbrow\u00bb type=\u00bbfull_width\u00bb text_align=\u00bbleft\u00bb css_animation=\u00bb\u00bb][vc_column_inner width=\u00bb1\/2&#8243;][vc_column_text]<img decoding=\"async\" src=\"https:\/\/www.sisporta.com\/wp-content\/uploads\/2018\/11\/portas_automaticas_mecanismos.jpg\" alt=\"MECANISMOS DE LAS PUERTAS AUTOM\u00c1TICAS DE CRISTAL\" \/>[\/vc_column_text][vc_separator type=\u00bbtransparent\u00bb up=\u00bb79&#8243; down=\u00bb0&#8243;][\/vc_column_inner][vc_column_inner width=\u00bb1\/2&#8243;][vc_column_text]<\/p>\n<h2 class=\"p1\"><span class=\"s1\">MECANISMOS DE LAS PUERTAS AUTOM\u00c1TICAS DE CRISTAL<\/span><\/h2>\n<p>[\/vc_column_text][vc_separator type=\u00bbsmall\u00bb position=\u00bbleft\u00bb color=\u00bb#818181&#8243; up=\u00bb13&#8243; down=\u00bb33&#8243;][vc_column_text]Las puertas autom\u00e1ticas de cristal se componen de los siguientes mecanismos:<\/p>\n<p>&nbsp;<\/p>\n<ul>\n<li>Motor<\/li>\n<li>Bateria<\/li>\n<li>Cuadro de control<\/li>\n<li>Pinzas de aprieto para vidrio (10 mm)<\/li>\n<li>Selector de maniobras digital\/anal\u00f3gico<\/li>\n<li>Pestillo eletromec\u00e1nico con desbloqueos<\/li>\n<li>Radar de movimiento y presencia (EN16003).<\/li>\n<\/ul>\n<p>[\/vc_column_text][vc_separator type=\u00bbtransparent\u00bb up=\u00bb79&#8243; down=\u00bb0&#8243;][\/vc_column_inner][\/vc_row_inner][vc_row_inner row_type=\u00bbrow\u00bb type=\u00bbfull_width\u00bb text_align=\u00bbleft\u00bb css_animation=\u00bb\u00bb][vc_column_inner][vc_column_text el_class=\u00bblocalidades\u00bb]<\/p>\n<p class=\"p1\"><strong><span class=\"s1\">Puertas autom\u00e1ticas de cristal<\/span><\/strong><\/p>\n<p class=\"p2\"><span class=\"s1\">LISBOA Ajuda| Alc\u00e2ntara| Alvalade| Areeiro| Arroios | Avenidas Novas | Beato |Bel\u00e9m | Benfica | Campo de Ourique | Campolide | Carnide | Estrela | Lumiar | Marvila | Miseric\u00f3rdia | Olivais | Parque das Na\u00e7\u00f5es | Penha de Fran\u00e7a | Santa Clara | Santa Maria Maior |Santo Ant\u00f3nio | S\u00e3o Domingos de Benfica | S\u00e3o Vicente\u00a0<\/span><span class=\"s1\">Cascais Alcabideche | Carcavelos | Estoril | Parede | S\u00e3o Domingos de Rana\u00a0<\/span><span class=\"s1\">OEIRAS Alg\u00e9s | Carnaxide | Pa\u00e7o de Arcos | Porto Salvo | S\u00e3o Marcos\u00a0<\/span><span class=\"s1\">AMADORA Alfragide | Brandoa | Buraca | Damaia | Reboleira | Venda Nova\u00a0\u00a0<\/span><span class=\"s1\">ALMADA Caparica | Costa da Caparica | Feij\u00f3 | Pragal | Trafaria | Cacilhas | Charneca de Caparica | Cova da Piedade | Laranjeiro | Sobreda\u00a0<\/span><span class=\"s1\">SINTRA Algueir\u00e3o | Belas | Cac\u00e9m | Massam\u00e1 | Queluz | Rio de Mouro | Terrugem <\/span><\/p>\n<p>[\/vc_column_text][vc_separator type=\u00bbtransparent\u00bb up=\u00bb79&#8243; down=\u00bb0&#8243;][\/vc_column_inner][\/vc_row_inner][\/vc_column][\/vc_row]<\/p>\n<\/div>","protected":false},"excerpt":{"rendered":"<p>[vc_row css_animation=\u00bb\u00bb row_type=\u00bbrow\u00bb use_row_as_full_screen_section=\u00bbno\u00bb type=\u00bbgrid\u00bb anchor=\u00bbportfolio\u00bb angled_section=\u00bbno\u00bb text_align=\u00bbleft\u00bb background_image_as_pattern=\u00bbwithout_pattern\u00bb background_color=\u00bb#ffffff\u00bb border_color=\u00bb#eeeeee\u00bb padding_top=\u00bb80&#8243; padding_bottom=\u00bb0&#8243;][vc_column][vc_row_inner row_type=\u00bbrow\u00bb type=\u00bbfull_width\u00bb text_align=\u00bbleft\u00bb css_animation=\u00bb\u00bb][vc_column_inner width=\u00bb1\/2&#8243;][vc_column_text][\/vc_column_text][vc_separator type=\u00bbtransparent\u00bb up=\u00bb79&#8243; down=\u00bb0&#8243;][\/vc_column_inner][vc_column_inner width=\u00bb1\/2&#8243;][vc_column_text]Sisporta es una empresa que comercializa puertas autom\u00e1ticas de cristal, correderas y batientes, con modelos de una o dos hojas, pudiendo o no integrar&#8230;<\/p>\n","protected":false},"author":1,"featured_media":0,"parent":0,"menu_order":0,"comment_status":"closed","ping_status":"closed","template":"full_width.php","meta":{"footnotes":""},"class_list":["post-16646","page","type-page","status-publish","hentry"],"_links":{"self":[{"href":"https:\/\/www.sisporta.com\/es\/wp-json\/wp\/v2\/pages\/16646","targetHints":{"allow":["GET"]}}],"collection":[{"href":"https:\/\/www.sisporta.com\/es\/wp-json\/wp\/v2\/pages"}],"about":[{"href":"https:\/\/www.sisporta.com\/es\/wp-json\/wp\/v2\/types\/page"}],"author":[{"embeddable":true,"href":"https:\/\/www.sisporta.com\/es\/wp-json\/wp\/v2\/users\/1"}],"replies":[{"embeddable":true,"href":"https:\/\/www.sisporta.com\/es\/wp-json\/wp\/v2\/comments?post=16646"}],"version-history":[{"count":3,"href":"https:\/\/www.sisporta.com\/es\/wp-json\/wp\/v2\/pages\/16646\/revisions"}],"predecessor-version":[{"id":16649,"href":"https:\/\/www.sisporta.com\/es\/wp-json\/wp\/v2\/pages\/16646\/revisions\/16649"}],"wp:attachment":[{"href":"https:\/\/www.sisporta.com\/es\/wp-json\/wp\/v2\/media?parent=16646"}],"curies":[{"name":"wp","href":"https:\/\/api.w.org\/{rel}","templated":true}]}}