{"id":16643,"date":"2018-11-12T16:55:51","date_gmt":"2018-11-12T16:55:51","guid":{"rendered":"https:\/\/www.sisporta.com\/grades-de-seguranca\/"},"modified":"2019-02-08T11:23:56","modified_gmt":"2019-02-08T11:23:56","slug":"grades-de-seguranca","status":"publish","type":"page","link":"https:\/\/www.sisporta.com\/es\/grades-de-seguranca\/","title":{"rendered":"Rejas de seguridad"},"content":{"rendered":"<div class=\"wpb-content-wrapper\"><p>[vc_row css_animation=\u00bb\u00bb row_type=\u00bbrow\u00bb use_row_as_full_screen_section=\u00bbno\u00bb type=\u00bbgrid\u00bb anchor=\u00bbportfolio\u00bb angled_section=\u00bbno\u00bb text_align=\u00bbleft\u00bb background_image_as_pattern=\u00bbwithout_pattern\u00bb background_color=\u00bb#ffffff\u00bb border_color=\u00bb#eeeeee\u00bb padding_top=\u00bb80&#8243; padding_bottom=\u00bb0&#8243;][vc_column][vc_row_inner row_type=\u00bbrow\u00bb type=\u00bbfull_width\u00bb text_align=\u00bbleft\u00bb css_animation=\u00bb\u00bb][vc_column_inner width=\u00bb1\/2&#8243;][vc_column_text]<img decoding=\"async\" src=\"https:\/\/www.sisporta.com\/wp-content\/uploads\/2018\/11\/grades_seguranca_01.jpg\" alt=\"Rejas de seguridad\" \/>[\/vc_column_text][vc_separator type=\u00bbtransparent\u00bb up=\u00bb79&#8243; down=\u00bb0&#8243;][\/vc_column_inner][vc_column_inner width=\u00bb1\/2&#8243;][vc_column_text]<em>Sisporta<\/em> comercializa rejas de seguridad, sea enrollables (sistema de rollo), sea ballestas (se recogen de lado), en varios colores y aplicables en residencias, en empresas y en comercio, a precios muy competitivos.<\/p>\n<p>Este tipo de equipo es extremamente \u00fatil para asegurar una excelente protecci\u00f3n de su casa o negocio, en la medida en que los materiales utilizados (acero o aluminio) son altamente resistentes a cualquier intento de asalto.<\/p>\n<p>Para obtener m\u00e1s informaci\u00f3n sobre rejas de seguridad, no dude en entrar en contacto con nuestro equipo multidisciplinar. Disponemos de una garant\u00eda de 2 a\u00f1os en todos los productos, los cuales se producen de acuerdo con las normas de la Uni\u00f3n Europea.[\/vc_column_text][vc_separator type=\u00bbtransparent\u00bb up=\u00bb79&#8243; down=\u00bb0&#8243;][\/vc_column_inner][\/vc_row_inner][\/vc_column][\/vc_row][vc_row css_animation=\u00bb\u00bb row_type=\u00bbrow\u00bb use_row_as_full_screen_section=\u00bbno\u00bb type=\u00bbgrid\u00bb anchor=\u00bbportfolio\u00bb angled_section=\u00bbno\u00bb text_align=\u00bbleft\u00bb background_image_as_pattern=\u00bbwithout_pattern\u00bb background_color=\u00bb#f8f8f8&#8243; border_color=\u00bb#eeeeee\u00bb padding_top=\u00bb80&#8243; padding_bottom=\u00bb0&#8243;][vc_column][vc_row_inner row_type=\u00bbrow\u00bb type=\u00bbfull_width\u00bb text_align=\u00bbleft\u00bb css_animation=\u00bb\u00bb][vc_column_inner width=\u00bb1\/2&#8243;][vc_column_text]<\/p>\n<h2 class=\"p1\"><span class=\"s1\">REJAS DE SEGURIDAD ENROLLABLES<\/span><\/h2>\n<p>[\/vc_column_text][vc_separator type=\u00bbsmall\u00bb position=\u00bbleft\u00bb color=\u00bb#818181&#8243; up=\u00bb13&#8243; down=\u00bb33&#8243;][vc_column_text]Las rejas de seguridad enrollables se fabrican en aluminio o en acero. Pueden ser el\u00e9ctricas (con control remoto y motor) o manuales (cierres tradicionales), y adem\u00e1s pueden ser o no t\u00e9rmicas (a\u00edslan de las diferencias de temperatura y de los ruidos).<\/p>\n<p>Estas soluciones innovadoras y ultrarresistentes se encuentran disponibles en las siguientes formas (dise\u00f1o muy agradable): \u00a0opacas (cerradas), perforadas (barras, hexagonal, ladrillo, aro, rombo y tubos) y tambi\u00e9n microperforadas (<strong>ladrillera<\/strong>, persiana y hexagonal).<\/p>\n<p>Solicite ya un presupuesto 100% gratis y sin cualquier compromiso asociado para las rejas enrollables y economice considerablemente con nuestra forma de hacerlo diferente y mejor. Cumplimiento riguroso de plazos y calidad m\u00e1xima de materiales.[\/vc_column_text][vc_separator type=\u00bbtransparent\u00bb up=\u00bb79&#8243; down=\u00bb0&#8243;][\/vc_column_inner][vc_column_inner width=\u00bb1\/2&#8243;][vc_column_text]<img decoding=\"async\" src=\"https:\/\/www.sisporta.com\/wp-content\/uploads\/2018\/11\/grades_seguranca_02b.jpg\" alt=\"REJAS DE SEGURIDAD ENROLLABLES\" \/>[\/vc_column_text][vc_separator type=\u00bbtransparent\u00bb up=\u00bb79&#8243; down=\u00bb0&#8243;][\/vc_column_inner][\/vc_row_inner][\/vc_column][\/vc_row][vc_row css_animation=\u00bb\u00bb row_type=\u00bbrow\u00bb use_row_as_full_screen_section=\u00bbno\u00bb type=\u00bbgrid\u00bb anchor=\u00bbportfolio\u00bb angled_section=\u00bbno\u00bb text_align=\u00bbleft\u00bb background_image_as_pattern=\u00bbwithout_pattern\u00bb background_color=\u00bb#ffffff\u00bb border_color=\u00bb#eeeeee\u00bb padding_top=\u00bb80&#8243; padding_bottom=\u00bb0&#8243;][vc_column][vc_row_inner row_type=\u00bbrow\u00bb type=\u00bbfull_width\u00bb text_align=\u00bbleft\u00bb css_animation=\u00bb\u00bb][vc_column_inner width=\u00bb1\/2&#8243;][vc_column_text]<\/p>\n<p><img decoding=\"async\" src=\"https:\/\/www.sisporta.com\/wp-content\/uploads\/2018\/11\/grades_seguranca_03.jpg\" alt=\" Grades de seguran\u00e7a lagartas\" \/><\/p>\n<p>[\/vc_column_text][vc_separator type=\u00bbtransparent\u00bb up=\u00bb79&#8243; down=\u00bb0&#8243;][\/vc_column_inner][vc_column_inner width=\u00bb1\/2&#8243;][vc_column_text]<\/p>\n<h2 class=\"p1\"><span class=\"s1\">REJAS DE SEGURIDAD: BALLESTAS<\/span><\/h2>\n<p>[\/vc_column_text][vc_separator type=\u00bbsmall\u00bb position=\u00bbleft\u00bb color=\u00bb#818181&#8243; up=\u00bb13&#8243; down=\u00bb33&#8243;][vc_column_text]Las rejas de ballestas se producen siempre en acero, poseen un sistema de apertura\/cierre que se recoge de lado y nunca integran componentes t\u00e9rmicos (no a\u00edslan los espacios a nivel ac\u00fastico ni energ\u00e9tico).<\/p>\n<p>Estos equipos son muy utilizados en espacios residenciales (casas y apartamentos), en la medida en que, como no son fijas, permiten abrir ventanas, puertas y marquesinas, retirando un poco la sensaci\u00f3n de estar en una \u201cc\u00e1rcel\u201d.<\/p>\n<p>Para cualquier clarificaci\u00f3n adicional sobre las rejas de ballestas, entre en contacto con nuestros profesionales. Tenemos total disponibilidad para prestar un excelente asesoramiento t\u00e9cnico para cada caso.[\/vc_column_text][vc_separator type=\u00bbtransparent\u00bb up=\u00bb79&#8243; down=\u00bb0&#8243;][\/vc_column_inner][\/vc_row_inner][\/vc_column][\/vc_row][vc_row css_animation=\u00bb\u00bb row_type=\u00bbrow\u00bb use_row_as_full_screen_section=\u00bbno\u00bb type=\u00bbgrid\u00bb anchor=\u00bbportfolio\u00bb angled_section=\u00bbno\u00bb text_align=\u00bbleft\u00bb background_image_as_pattern=\u00bbwithout_pattern\u00bb background_color=\u00bb#f8f8f8&#8243; border_color=\u00bb#eeeeee\u00bb padding_top=\u00bb80&#8243; padding_bottom=\u00bb0&#8243;][vc_column][vc_row_inner row_type=\u00bbrow\u00bb type=\u00bbfull_width\u00bb text_align=\u00bbleft\u00bb css_animation=\u00bb\u00bb][vc_column_inner width=\u00bb1\/2&#8243;][vc_column_text]<\/p>\n<h2>REJAS DE SEGURIDAD T\u00c9RMICAS<\/h2>\n<p>[\/vc_column_text][vc_separator type=\u00bbsmall\u00bb position=\u00bbleft\u00bb color=\u00bb#818181&#8243; up=\u00bb13&#8243; down=\u00bb33&#8243;][vc_column_text]Las rejas de seguridad t\u00e9rmicas solo se pueden fabricar en el sistema enrollable, sea en acero o en aluminio, habiendo varias opciones de colores para aplicar en las mismas.<\/p>\n<p>Estas soluciones (necesariamente cerradas), manuales o el\u00e9ctricas (con motor), son \u00f3ptimas para quien pretende mantener la temperatura de los espacios (fr\u00edo y calor) intacta y aislar los mismos de ruidos indeseados.<\/p>\n<p>Para saber m\u00e1s detalles sobre las rejas de seguridad t\u00e9rmicas, consulte nuestros cat\u00e1logos y pida una opini\u00f3n especializada a nuestros t\u00e9cnicos con formaci\u00f3n, certificaci\u00f3n y experiencia comprobada en este ramo de actividad.[\/vc_column_text][vc_separator type=\u00bbtransparent\u00bb up=\u00bb79&#8243; down=\u00bb0&#8243;][\/vc_column_inner][vc_column_inner width=\u00bb1\/2&#8243;][vc_column_text]<img decoding=\"async\" src=\"https:\/\/www.sisporta.com\/wp-content\/uploads\/2018\/11\/grades_seguranca_04.jpg\" alt=\"REJAS DE SEGURIDAD MANUALES Y AUTOM\u00c1TICAS\" \/>[\/vc_column_text][vc_separator type=\u00bbtransparent\u00bb up=\u00bb79&#8243; down=\u00bb0&#8243;][\/vc_column_inner][\/vc_row_inner][\/vc_column][\/vc_row][vc_row css_animation=\u00bb\u00bb row_type=\u00bbrow\u00bb use_row_as_full_screen_section=\u00bbno\u00bb type=\u00bbgrid\u00bb anchor=\u00bbportfolio\u00bb angled_section=\u00bbno\u00bb text_align=\u00bbleft\u00bb background_image_as_pattern=\u00bbwithout_pattern\u00bb background_color=\u00bb#ffffff\u00bb padding_top=\u00bb80&#8243; padding_bottom=\u00bb0&#8243;][vc_column][vc_row_inner row_type=\u00bbrow\u00bb type=\u00bbfull_width\u00bb text_align=\u00bbleft\u00bb css_animation=\u00bb\u00bb][vc_column_inner width=\u00bb1\/2&#8243;][vc_column_text]<img decoding=\"async\" src=\"https:\/\/www.sisporta.com\/wp-content\/uploads\/2018\/11\/grades_seguranca_enrolar_05.jpg\" alt=\"Grades de seguran\u00e7a manuais e autom\u00e1ticas\" \/>[\/vc_column_text][vc_separator type=\u00bbtransparent\u00bb up=\u00bb79&#8243; down=\u00bb0&#8243;][\/vc_column_inner][vc_column_inner width=\u00bb1\/2&#8243;][vc_column_text]<\/p>\n<h2 class=\"p1\"><span class=\"s1\"><b>Grades de seguran\u00e7a manuais e autom\u00e1ticas<\/b><\/span><\/h2>\n<p>[\/vc_column_text][vc_separator type=\u00bbsmall\u00bb position=\u00bbleft\u00bb color=\u00bb#818181&#8243; up=\u00bb13&#8243; down=\u00bb33&#8243;][vc_column_text]Las rejas de seguridad pueden ser autom\u00e1ticas (enrollables) y manuales (ballestas y enrollables), siendo que las primeras poseen un sistema de apertura que funciona con un motor, y las segundas con una cerradura normal.<\/p>\n<p>Las rejas el\u00e9ctricas son especialmente indicadas para los casos de uso masivo (f\u00e1bricas, tiendas, empresas, oficinas, edificios\u2026), en la medida en que son mucho m\u00e1s pr\u00e1cticas, c\u00f3modas y seguras para los respectivos utilizadores.<\/p>\n<p>Pida ya sus rejas manuales o autom\u00e1ticas y benef\u00edciese de una calidad m\u00e1xima a precios extremamente reducidos. Conf\u00ede en una empresa de referencia y con pruebas dadas en su sector de actividad.[\/vc_column_text][vc_separator type=\u00bbtransparent\u00bb up=\u00bb79&#8243; down=\u00bb0&#8243;][\/vc_column_inner][\/vc_row_inner][vc_row_inner row_type=\u00bbrow\u00bb type=\u00bbfull_width\u00bb text_align=\u00bbleft\u00bb css_animation=\u00bb\u00bb][vc_column_inner][vc_column_text el_class=\u00bblocalidades\u00bb]<\/p>\n<p class=\"p1\"><span class=\"s1\"><b>Rejas de seguridad<\/b><\/span><\/p>\n<p class=\"p1\"><span class=\"s1\">LISBOA Ajuda| Alc\u00e2ntara| Alvalade| Areeiro| Arroios | Avenidas Novas | Beato |Bel\u00e9m | Benfica | Campo de Ourique | Campolide | Carnide | Estrela | Lumiar | Marvila | Miseric\u00f3rdia | Olivais | Parque das Na\u00e7\u00f5es | Penha de Fran\u00e7a | Santa Clara | Santa Maria Maior |Santo Ant\u00f3nio | S\u00e3o Domingos de Benfica | S\u00e3o Vicente\u00a0<\/span><span class=\"s1\">Cascais Alcabideche | Carcavelos | Estoril | Parede | S\u00e3o Domingos de Rana\u00a0<\/span><span class=\"s1\">OEIRAS Alg\u00e9s | Carnaxide | Pa\u00e7o de Arcos | Porto Salvo | S\u00e3o Marcos\u00a0<\/span><span class=\"s1\">AMADORA Alfragide | Brandoa | Buraca | Damaia | Reboleira | Venda Nova\u00a0<\/span><span class=\"s1\">ALMADA Caparica | Costa da Caparica | Feij\u00f3 | Pragal | Trafaria | Cacilhas | Charneca de Caparica | Cova da Piedade | Laranjeiro | Sobreda\u00a0<\/span><span class=\"s1\">SINTRA Algueir\u00e3o | Belas | Cac\u00e9m | Massam\u00e1 | Queluz | Rio de Mouro | Terrugem <\/span><\/p>\n<p>[\/vc_column_text][vc_separator type=\u00bbtransparent\u00bb up=\u00bb79&#8243; down=\u00bb0&#8243;][\/vc_column_inner][\/vc_row_inner][\/vc_column][\/vc_row]<\/p>\n<\/div>","protected":false},"excerpt":{"rendered":"<p>[vc_row css_animation=\u00bb\u00bb row_type=\u00bbrow\u00bb use_row_as_full_screen_section=\u00bbno\u00bb type=\u00bbgrid\u00bb anchor=\u00bbportfolio\u00bb angled_section=\u00bbno\u00bb text_align=\u00bbleft\u00bb background_image_as_pattern=\u00bbwithout_pattern\u00bb background_color=\u00bb#ffffff\u00bb border_color=\u00bb#eeeeee\u00bb padding_top=\u00bb80&#8243; padding_bottom=\u00bb0&#8243;][vc_column][vc_row_inner row_type=\u00bbrow\u00bb type=\u00bbfull_width\u00bb text_align=\u00bbleft\u00bb css_animation=\u00bb\u00bb][vc_column_inner width=\u00bb1\/2&#8243;][vc_column_text][\/vc_column_text][vc_separator type=\u00bbtransparent\u00bb up=\u00bb79&#8243; down=\u00bb0&#8243;][\/vc_column_inner][vc_column_inner width=\u00bb1\/2&#8243;][vc_column_text]Sisporta comercializa rejas de seguridad, sea enrollables (sistema de rollo), sea ballestas (se recogen de lado), en varios colores y aplicables en residencias, en&#8230;<\/p>\n","protected":false},"author":1,"featured_media":0,"parent":0,"menu_order":0,"comment_status":"closed","ping_status":"closed","template":"full_width.php","meta":{"footnotes":""},"class_list":["post-16643","page","type-page","status-publish","hentry"],"_links":{"self":[{"href":"https:\/\/www.sisporta.com\/es\/wp-json\/wp\/v2\/pages\/16643","targetHints":{"allow":["GET"]}}],"collection":[{"href":"https:\/\/www.sisporta.com\/es\/wp-json\/wp\/v2\/pages"}],"about":[{"href":"https:\/\/www.sisporta.com\/es\/wp-json\/wp\/v2\/types\/page"}],"author":[{"embeddable":true,"href":"https:\/\/www.sisporta.com\/es\/wp-json\/wp\/v2\/users\/1"}],"replies":[{"embeddable":true,"href":"https:\/\/www.sisporta.com\/es\/wp-json\/wp\/v2\/comments?post=16643"}],"version-history":[{"count":2,"href":"https:\/\/www.sisporta.com\/es\/wp-json\/wp\/v2\/pages\/16643\/revisions"}],"predecessor-version":[{"id":16645,"href":"https:\/\/www.sisporta.com\/es\/wp-json\/wp\/v2\/pages\/16643\/revisions\/16645"}],"wp:attachment":[{"href":"https:\/\/www.sisporta.com\/es\/wp-json\/wp\/v2\/media?parent=16643"}],"curies":[{"name":"wp","href":"https:\/\/api.w.org\/{rel}","templated":true}]}}