{"id":16631,"date":"2018-11-09T14:47:57","date_gmt":"2018-11-09T14:47:57","guid":{"rendered":"https:\/\/www.sisporta.com\/politica-de-privacidade\/"},"modified":"2019-02-07T17:12:39","modified_gmt":"2019-02-07T17:12:39","slug":"politica-de-privacidade","status":"publish","type":"page","link":"https:\/\/www.sisporta.com\/en\/politica-de-privacidade\/","title":{"rendered":"Pol\u00edtica de privacidade"},"content":{"rendered":"<div class=\"wpb-content-wrapper\"><p>[vc_row css_animation=&#8221;&#8221; row_type=&#8221;row&#8221; use_row_as_full_screen_section=&#8221;no&#8221; type=&#8221;full_width&#8221; angled_section=&#8221;no&#8221; text_align=&#8221;left&#8221; background_image_as_pattern=&#8221;without_pattern&#8221;][vc_column][vc_column_text]A presente pol\u00edtica de privacidade \u00e9 v\u00e1lida \u00fanica e exclusivamente na utiliza\u00e7\u00e3o e no processamento de dados neste website.<\/p>\n<p>Respeitamos a sua privacidade bem como os seus dados pessoais, tomando todas as medidas necess\u00e1rias a manter em seguran\u00e7a os mesmos.<\/p>\n<ol>\n<li><strong>Entidade respons\u00e1vel pelo tratamento de dados<\/strong><br \/>\nA entidade respons\u00e1vel pelo tratamento de dados enviados pelos utilizadores \u00e9 Sisporta.<\/li>\n<li><strong>Privacidade<\/strong><br \/>\nAo entrar neste website s\u00e3o utilizados cookies, ou seja, pequenos ficheiros de texto que s\u00e3o colocados no disco r\u00edgido por um servidor de p\u00e1ginas Web, os quais permitem uma melhor experi\u00eancia de navega\u00e7\u00e3o e acesso a outras funcionalidades do website, tudo isto para prestar um servi\u00e7o de excel\u00eancia ao utilizador.<\/li>\n<li><strong>Recolha de dados pessoais<\/strong><br \/>\nOs dados pessoais recolhidos neste website t\u00eam como finalidade responder a pedidos de contacto, de or\u00e7amentos, de informa\u00e7\u00f5es em geral\u00a0e para efeitos legais necess\u00e1rios caso venha a celebrar algum contrato ou transa\u00e7\u00e3o comercial com a nossa empresa e as informa\u00e7\u00f5es, pessoais ou n\u00e3o, n\u00e3o s\u00e3o transmitidas a terceiros.<br \/>\nOs dados dos utilizadores ficam guardados em servidores Cloud localizados na Uni\u00e3o Europeia. Estes servidores s\u00e3o protegidos e mantidos de acordo com os mais elevados standards de seguran\u00e7a e respeitando sempre as leis de privacidade aplic\u00e1veis.<\/li>\n<li><strong>Direitos dos titulares dos dados<\/strong><br \/>\nO utilizador tem o direito de nos termos da lei, consultar, eliminar ou proceder \u00e0\u00a0retifica\u00e7\u00e3o dos seus dados pessoais, enviados pelo nosso website.\u00a0Para este efeito e para reconhecermos a identidade do titular dos dados, os utilizadores devem enviar uma mensagem a partir do seu pr\u00f3prio email dirigida a\u00a0geral@sisporta.com indicando de forma clara o que pretende relativamente aos seus dados pessoais.<\/li>\n<li><strong>Per\u00edodo de tempo durante o qual guardamos os dados<\/strong><br \/>\nConservaremos os seus dados pessoais pelo per\u00edodo necess\u00e1rio \u00e0 presta\u00e7\u00e3o dos servi\u00e7os, respetiva fatura\u00e7\u00e3o e finalidades referidas.<\/li>\n<li><strong>Direito de reclama\u00e7\u00e3o<\/strong><br \/>\nO utilizador tem o direito a apresentar queixa na autoridade de supervis\u00e3o da prote\u00e7\u00e3o de dados (<a href=\"http:\/\/www.cnpd.pt\/\">cnpd.pt<\/a>).<\/li>\n<\/ol>\n<p>[\/vc_column_text][vc_empty_space height=&#8221;62px&#8221;][\/vc_column][\/vc_row]<\/p>\n<\/div>","protected":false},"excerpt":{"rendered":"<p>[vc_row css_animation=&#8221;&#8221; row_type=&#8221;row&#8221; use_row_as_full_screen_section=&#8221;no&#8221; type=&#8221;full_width&#8221; angled_section=&#8221;no&#8221; text_align=&#8221;left&#8221; background_image_as_pattern=&#8221;without_pattern&#8221;][vc_column][vc_column_text]A presente pol\u00edtica de privacidade \u00e9 v\u00e1lida \u00fanica e exclusivamente na utiliza\u00e7\u00e3o e no processamento de dados neste website. Respeitamos a sua privacidade bem como os seus dados pessoais, tomando todas as medidas necess\u00e1rias a manter em seguran\u00e7a&#8230;<\/p>\n","protected":false},"author":1,"featured_media":0,"parent":0,"menu_order":0,"comment_status":"closed","ping_status":"open","template":"","meta":{"footnotes":""},"class_list":["post-16631","page","type-page","status-publish","hentry"],"_links":{"self":[{"href":"https:\/\/www.sisporta.com\/en\/wp-json\/wp\/v2\/pages\/16631","targetHints":{"allow":["GET"]}}],"collection":[{"href":"https:\/\/www.sisporta.com\/en\/wp-json\/wp\/v2\/pages"}],"about":[{"href":"https:\/\/www.sisporta.com\/en\/wp-json\/wp\/v2\/types\/page"}],"author":[{"embeddable":true,"href":"https:\/\/www.sisporta.com\/en\/wp-json\/wp\/v2\/users\/1"}],"replies":[{"embeddable":true,"href":"https:\/\/www.sisporta.com\/en\/wp-json\/wp\/v2\/comments?post=16631"}],"version-history":[{"count":1,"href":"https:\/\/www.sisporta.com\/en\/wp-json\/wp\/v2\/pages\/16631\/revisions"}],"predecessor-version":[{"id":16632,"href":"https:\/\/www.sisporta.com\/en\/wp-json\/wp\/v2\/pages\/16631\/revisions\/16632"}],"wp:attachment":[{"href":"https:\/\/www.sisporta.com\/en\/wp-json\/wp\/v2\/media?parent=16631"}],"curies":[{"name":"wp","href":"https:\/\/api.w.org\/{rel}","templated":true}]}}