{"id":16589,"date":"2018-11-12T14:50:43","date_gmt":"2018-11-12T14:50:43","guid":{"rendered":"https:\/\/www.sisporta.com\/portoes-de-garagem-seccionados\/"},"modified":"2019-02-07T16:05:46","modified_gmt":"2019-02-07T16:05:46","slug":"portoes-de-garagem-seccionados","status":"publish","type":"page","link":"https:\/\/www.sisporta.com\/en\/portoes-de-garagem-seccionados\/","title":{"rendered":"Sectional garage gates"},"content":{"rendered":"<div class=\"wpb-content-wrapper\"><p>[vc_row css_animation=&#8221;&#8221; row_type=&#8221;row&#8221; use_row_as_full_screen_section=&#8221;no&#8221; type=&#8221;grid&#8221; anchor=&#8221;portfolio&#8221; angled_section=&#8221;no&#8221; text_align=&#8221;left&#8221; background_image_as_pattern=&#8221;without_pattern&#8221; background_color=&#8221;#ffffff&#8221; border_color=&#8221;#eeeeee&#8221; padding_top=&#8221;80&#8243; padding_bottom=&#8221;0&#8243;][vc_column][vc_row_inner row_type=&#8221;row&#8221; type=&#8221;full_width&#8221; text_align=&#8221;left&#8221; css_animation=&#8221;&#8221;][vc_column_inner width=&#8221;1\/2&#8243;][vc_column_text]<img decoding=\"async\" src=\"https:\/\/www.sisporta.com\/wp-content\/uploads\/2018\/11\/portoes_seccionados_04.jpg\" alt=\"sectional garage gates\" \/>[\/vc_column_text][vc_separator type=&#8221;transparent&#8221; up=&#8221;79&#8243; down=&#8221;0&#8243;][\/vc_column_inner][vc_column_inner width=&#8221;1\/2&#8243;][vc_column_text]Sisporta is a company that manufactures sectional garage gates (upward or lateral sliding); they\u2019re made with sandwich panels, with two sheets of steel with polyurethane between them, for great thermal insulation.<\/p>\n<p>This equipment, that replaces traditional accordion and tilting gates, can be customized regarding dimension (residential or industrial) and color (standard, sample or RAL chart) and shape (flat, embossed, one-channel and cushioned models).<\/p>\n<p>For more information regarding sectional garage gates, please contact our team and find out what we have to offer. 2-year warranty in all products. We\u2019re at your disposal.[\/vc_column_text][vc_separator type=&#8221;transparent&#8221; up=&#8221;79&#8243; down=&#8221;0&#8243;][\/vc_column_inner][\/vc_row_inner][\/vc_column][\/vc_row][vc_row css_animation=&#8221;&#8221; row_type=&#8221;row&#8221; use_row_as_full_screen_section=&#8221;no&#8221; type=&#8221;grid&#8221; anchor=&#8221;portfolio&#8221; angled_section=&#8221;no&#8221; text_align=&#8221;left&#8221; background_image_as_pattern=&#8221;without_pattern&#8221; background_color=&#8221;#f8f8f8&#8243; border_color=&#8221;#eeeeee&#8221; padding_top=&#8221;80&#8243; padding_bottom=&#8221;0&#8243;][vc_column][vc_row_inner row_type=&#8221;row&#8221; type=&#8221;full_width&#8221; text_align=&#8221;left&#8221; css_animation=&#8221;&#8221;][vc_column_inner width=&#8221;1\/2&#8243;][vc_column_text]<\/p>\n<h2>Manual and automated (electrical) sectional gates<\/h2>\n<p>[\/vc_column_text][vc_separator type=&#8221;small&#8221; position=&#8221;left&#8221; color=&#8221;#818181&#8243; up=&#8221;13&#8243; down=&#8221;33&#8243;][vc_column_text]Sectional garage gates may be manual or\u00a0<u><a href=\"https:\/\/www.sisporta.com\/automatismos-para-portoes-e-grades\/\">automated<\/a><\/u>\u00a0(with motor and accessories from the reputed TAU brand), depending on the client\u2019s needs and budget.<\/p>\n<p>It should be noted that all equipment is always built with top-of-the-range materials and in close compliance with the European Union standards for the sector, thus guaranteeing total safety to users.<\/p>\n<p>Request a free quote for sectional garage gates and enjoy highly competitive prices and personalized service.[\/vc_column_text][vc_separator type=&#8221;transparent&#8221; up=&#8221;79&#8243; down=&#8221;0&#8243;][\/vc_column_inner][vc_column_inner width=&#8221;1\/2&#8243;][vc_column_text]<img decoding=\"async\" src=\"https:\/\/www.sisporta.com\/wp-content\/uploads\/2018\/11\/portoes_seccionados_01.jpg\" alt=\"Manual and automated (electrical) sectional gates\" \/>[\/vc_column_text][vc_separator type=&#8221;transparent&#8221; up=&#8221;79&#8243; down=&#8221;0&#8243;][\/vc_column_inner][\/vc_row_inner][\/vc_column][\/vc_row][vc_row css_animation=&#8221;&#8221; row_type=&#8221;row&#8221; use_row_as_full_screen_section=&#8221;no&#8221; type=&#8221;grid&#8221; anchor=&#8221;portfolio&#8221; angled_section=&#8221;no&#8221; text_align=&#8221;left&#8221; background_image_as_pattern=&#8221;without_pattern&#8221; background_color=&#8221;#ffffff&#8221; border_color=&#8221;#eeeeee&#8221; padding_top=&#8221;80&#8243; padding_bottom=&#8221;0&#8243;][vc_column][vc_row_inner row_type=&#8221;row&#8221; type=&#8221;full_width&#8221; text_align=&#8221;left&#8221; css_animation=&#8221;&#8221;][vc_column_inner width=&#8221;1\/2&#8243;][vc_column_text]<img decoding=\"async\" src=\"https:\/\/www.sisporta.com\/wp-content\/uploads\/2018\/12\/portoes_seccionados_08.jpg\" alt=\"Sectional gates with service door\" \/>[\/vc_column_text][vc_separator type=&#8221;transparent&#8221; up=&#8221;79&#8243; down=&#8221;0&#8243;][\/vc_column_inner][vc_column_inner width=&#8221;1\/2&#8243;][vc_column_text]<\/p>\n<h2 class=\"p1\"><span class=\"s1\">Sectional gates with service door<\/span><\/h2>\n<p>[\/vc_column_text][vc_separator type=&#8221;small&#8221; position=&#8221;left&#8221; color=&#8221;#818181&#8243; up=&#8221;13&#8243; down=&#8221;33&#8243;][vc_column_text]Sectional gates with service door are very useful, in that you do not need to open the gate for pedestrian use; recommended for settings were pedestrian usage is high.<\/p>\n<p>In addition to this, we also provide extra services, such as: sun-visors in various models (diamond, square, simple, vault and arch shapes) and extremely effective ventilation systems (small and large grids).<\/p>\n<p>Order your sectional gates with service door and enjoy a highly practical and functional equipment in your daily business or home routine. Invest in quality, innovation, prestige, speed and low prices.[\/vc_column_text][vc_separator type=&#8221;transparent&#8221; up=&#8221;79&#8243; down=&#8221;0&#8243;][\/vc_column_inner][\/vc_row_inner][\/vc_column][\/vc_row][vc_row css_animation=&#8221;&#8221; row_type=&#8221;row&#8221; use_row_as_full_screen_section=&#8221;no&#8221; type=&#8221;grid&#8221; anchor=&#8221;portfolio&#8221; angled_section=&#8221;no&#8221; text_align=&#8221;left&#8221; background_image_as_pattern=&#8221;without_pattern&#8221; background_color=&#8221;#f8f8f8&#8243; border_color=&#8221;#eeeeee&#8221; padding_top=&#8221;80&#8243; padding_bottom=&#8221;0&#8243;][vc_column][vc_row_inner row_type=&#8221;row&#8221; type=&#8221;full_width&#8221; text_align=&#8221;left&#8221; css_animation=&#8221;&#8221;][vc_column_inner width=&#8221;1\/2&#8243;][vc_column_text]<\/p>\n<h2 class=\"p1\"><span class=\"s1\">Residential sectional gates (houses and buildings)<\/span><\/h2>\n<p>[\/vc_column_text][vc_separator type=&#8221;small&#8221; position=&#8221;left&#8221; color=&#8221;#818181&#8243; up=&#8221;13&#8243; down=&#8221;33&#8243;][vc_column_text]Our company manufactures residential sectional gates, which can be customized regarding color, shape and size.<\/p>\n<p>This equipment ensures total protection of material goods and persons, especially at night or when you go on vacation, as they are made of steel with polyurethane interior, and thus very hard to destroy.<\/p>\n<p>Choose your residential sectional gates and benefit from total protection. Rely on a company that raises the bar in this industry, whose motto is \u2018always bigger and better\u2019.[\/vc_column_text][vc_separator type=&#8221;transparent&#8221; up=&#8221;79&#8243; down=&#8221;0&#8243;][\/vc_column_inner][vc_column_inner width=&#8221;1\/2&#8243;][vc_column_text]<img decoding=\"async\" src=\"https:\/\/www.sisporta.com\/wp-content\/uploads\/2018\/11\/portoes_seccionados_02.jpg\" alt=\"Port\u00f5es seccionados residenciais (para casas e pr\u00e9dios)\" \/>[\/vc_column_text][vc_separator type=&#8221;transparent&#8221; up=&#8221;79&#8243; down=&#8221;0&#8243;][\/vc_column_inner][\/vc_row_inner][\/vc_column][\/vc_row][vc_row css_animation=&#8221;&#8221; row_type=&#8221;row&#8221; use_row_as_full_screen_section=&#8221;no&#8221; type=&#8221;grid&#8221; anchor=&#8221;portfolio&#8221; angled_section=&#8221;no&#8221; text_align=&#8221;left&#8221; background_image_as_pattern=&#8221;without_pattern&#8221; background_color=&#8221;#ffffff&#8221; padding_top=&#8221;80&#8243; padding_bottom=&#8221;0&#8243;][vc_column][vc_row_inner row_type=&#8221;row&#8221; type=&#8221;full_width&#8221; text_align=&#8221;left&#8221; css_animation=&#8221;&#8221;][vc_column_inner width=&#8221;1\/2&#8243;][vc_column_text]<img decoding=\"async\" src=\"https:\/\/www.sisporta.com\/wp-content\/uploads\/2018\/11\/portoes_seccionados_07.jpg\" alt=\"Industrial sectional gates\" \/>[\/vc_column_text][vc_separator type=&#8221;transparent&#8221; up=&#8221;79&#8243; down=&#8221;0&#8243;][\/vc_column_inner][vc_column_inner width=&#8221;1\/2&#8243;][vc_column_text]<\/p>\n<h2 class=\"p1\"><span class=\"s1\">Industrial sectional gates\u00a0<\/span><\/h2>\n<p>[\/vc_column_text][vc_separator type=&#8221;small&#8221; position=&#8221;left&#8221; color=&#8221;#818181&#8243; up=&#8221;13&#8243; down=&#8221;33&#8243;][vc_column_text]Industrial sectional gates are very common in companies, factories, office garages \/ storage facilities, shopping malls, gyms, retail stores, restaurants, caf\u00e9s, etc.<\/p>\n<p>These innovative solutions can be manual or automated with TAU motors; they are extremely efficient due to their high protection capabilities.<\/p>\n<p>For information regarding industrial sectional gates, contact Sisporta and rely on our experts. Personalized service and premium products guarantee.[\/vc_column_text][vc_separator type=&#8221;transparent&#8221; up=&#8221;79&#8243; down=&#8221;0&#8243;][\/vc_column_inner][\/vc_row_inner][\/vc_column][\/vc_row][vc_row css_animation=&#8221;&#8221; row_type=&#8221;row&#8221; use_row_as_full_screen_section=&#8221;no&#8221; type=&#8221;grid&#8221; anchor=&#8221;portfolio&#8221; angled_section=&#8221;no&#8221; text_align=&#8221;left&#8221; background_image_as_pattern=&#8221;without_pattern&#8221; background_color=&#8221;#f8f8f8&#8243; border_color=&#8221;#eeeeee&#8221; padding_top=&#8221;80&#8243; padding_bottom=&#8221;0&#8243;][vc_column][vc_row_inner row_type=&#8221;row&#8221; type=&#8221;full_width&#8221; text_align=&#8221;left&#8221; css_animation=&#8221;&#8221;][vc_column_inner width=&#8221;1\/2&#8243;][vc_column_text]<\/p>\n<h2 class=\"p1\"><span class=\"s1\">Sectional gate benefits<\/span><\/h2>\n<p>[\/vc_column_text][vc_separator type=&#8221;small&#8221; position=&#8221;left&#8221; color=&#8221;#818181&#8243; up=&#8221;13&#8243; down=&#8221;33&#8243;][vc_column_text]There are several benefits of choosing sectional gates, including:<\/p>\n<p>&nbsp;<\/p>\n<ul>\n<li>Being fast and safe<\/li>\n<li>Being silent<\/li>\n<li>CE Certification<\/li>\n<li>Durable and strong premium materials<\/li>\n<li>Watertightness, and thermal and acoustic insulation<\/li>\n<li>Low-maintenance<\/li>\n<li>When automated, they use components from the reputed Italian brand TAU.<\/li>\n<\/ul>\n<p>[\/vc_column_text][vc_separator type=&#8221;transparent&#8221; up=&#8221;79&#8243; down=&#8221;0&#8243;][\/vc_column_inner][vc_column_inner width=&#8221;1\/2&#8243;][vc_column_text]<img decoding=\"async\" src=\"https:\/\/www.sisporta.com\/wp-content\/uploads\/2018\/11\/portoes_seccionados_06.jpg\" alt=\"Sectional gate benefits\" \/>[\/vc_column_text][vc_separator type=&#8221;transparent&#8221; up=&#8221;79&#8243; down=&#8221;0&#8243;][\/vc_column_inner][\/vc_row_inner][\/vc_column][\/vc_row][vc_row css_animation=&#8221;&#8221; row_type=&#8221;row&#8221; use_row_as_full_screen_section=&#8221;no&#8221; type=&#8221;grid&#8221; anchor=&#8221;portfolio&#8221; angled_section=&#8221;no&#8221; text_align=&#8221;left&#8221; background_image_as_pattern=&#8221;without_pattern&#8221; background_color=&#8221;#ffffff&#8221; padding_top=&#8221;80&#8243; padding_bottom=&#8221;0&#8243;][vc_column][vc_row_inner row_type=&#8221;row&#8221; type=&#8221;full_width&#8221; text_align=&#8221;left&#8221; css_animation=&#8221;&#8221;][vc_column_inner width=&#8221;1\/2&#8243;][vc_column_text]<img decoding=\"async\" src=\"https:\/\/www.sisporta.com\/wp-content\/uploads\/2018\/11\/portoes_seccionados_05.jpg\" alt=\"Sectional gates: colors and accessories\" \/>[\/vc_column_text][vc_separator type=&#8221;transparent&#8221; up=&#8221;79&#8243; down=&#8221;0&#8243;][\/vc_column_inner][vc_column_inner width=&#8221;1\/2&#8243;][vc_column_text]<\/p>\n<h2 class=\"p1\"><span class=\"s1\">Sectional gates: colors and accessories<\/span><\/h2>\n<p>[\/vc_column_text][vc_separator type=&#8221;small&#8221; position=&#8221;left&#8221; color=&#8221;#818181&#8243; up=&#8221;13&#8243; down=&#8221;33&#8243;][vc_column_text]Sectional gates are available in various colors and can include several accessories:<\/p>\n<p>&nbsp;<\/p>\n<ul>\n<li>Springs<\/li>\n<li>Controls<\/li>\n<li>Steel cables<\/li>\n<li>Service doors<\/li>\n<li>Pin tumbler (manual sectional gates and service doors)<\/li>\n<li>Cylinder (manual sectional gates and service doors)<\/li>\n<li>Handles (manual sectional gates and service doors)<\/li>\n<li>Sun-visors (diamond, square, simple, vault and arch shapes)<\/li>\n<li>Lintels (where springs are installed): normal, angled, small, low, vertical or semi vertical.<\/li>\n<\/ul>\n<p>[\/vc_column_text][vc_separator type=&#8221;transparent&#8221; up=&#8221;79&#8243; down=&#8221;0&#8243;][\/vc_column_inner][\/vc_row_inner][vc_row_inner row_type=&#8221;row&#8221; type=&#8221;full_width&#8221; text_align=&#8221;left&#8221; css_animation=&#8221;&#8221;][vc_column_inner][vc_column_text el_class=&#8221;localidades&#8221;]<strong>Manufacturer of automatic sectional garage doors (electric, with motor) or manual (door) tailor made for home or businesses<\/strong><br \/>\nLISBOA Ajuda| Alc\u00e2ntara| Alvalade| Areeiro| Arroios | Avenidas Novas | Beato |Bel\u00e9m | Benfica | Campo de Ourique | Campolide | Carnide | Estrela | Lumiar | Marvila | Miseric\u00f3rdia | Olivais | Parque das Na\u00e7\u00f5es | Penha de Fran\u00e7a | Santa Clara | Santa Maria Maior |Santo Ant\u00f3nio | S\u00e3o Domingos de Benfica | S\u00e3o Vicente Cascais Alcabideche | Carcavelos | Estoril | Parede | S\u00e3o Domingos de Rana OEIRAS Alg\u00e9s | Carnaxide | Pa\u00e7o de Arcos | Porto Salvo | S\u00e3o Marcos AMADORA Alfragide | Brandoa | Buraca | Damaia | Reboleira | Venda Nova\u2028ALMADA Caparica | Costa da Caparica | Feij\u00f3 | Pragal | Trafaria | Cacilhas | Charneca de Caparica | Cova da Piedade | Laranjeiro | Sobreda SINTRA Algueir\u00e3o | Belas | Cac\u00e9m | Massam\u00e1 | Queluz | Rio de Mouro | Terrugem[\/vc_column_text][vc_separator type=&#8221;transparent&#8221; up=&#8221;79&#8243; down=&#8221;0&#8243;][\/vc_column_inner][\/vc_row_inner][\/vc_column][\/vc_row]<\/p>\n<\/div>","protected":false},"excerpt":{"rendered":"<p>[vc_row css_animation=&#8221;&#8221; row_type=&#8221;row&#8221; use_row_as_full_screen_section=&#8221;no&#8221; type=&#8221;grid&#8221; anchor=&#8221;portfolio&#8221; angled_section=&#8221;no&#8221; text_align=&#8221;left&#8221; background_image_as_pattern=&#8221;without_pattern&#8221; background_color=&#8221;#ffffff&#8221; border_color=&#8221;#eeeeee&#8221; padding_top=&#8221;80&#8243; padding_bottom=&#8221;0&#8243;][vc_column][vc_row_inner row_type=&#8221;row&#8221; type=&#8221;full_width&#8221; text_align=&#8221;left&#8221; css_animation=&#8221;&#8221;][vc_column_inner width=&#8221;1\/2&#8243;][vc_column_text][\/vc_column_text][vc_separator type=&#8221;transparent&#8221; up=&#8221;79&#8243; down=&#8221;0&#8243;][\/vc_column_inner][vc_column_inner width=&#8221;1\/2&#8243;][vc_column_text]Sisporta is a company that manufactures sectional garage gates (upward or lateral sliding); they\u2019re made with sandwich panels, with two sheets of steel with&#8230;<\/p>\n","protected":false},"author":1,"featured_media":0,"parent":0,"menu_order":0,"comment_status":"closed","ping_status":"closed","template":"full_width.php","meta":{"footnotes":""},"class_list":["post-16589","page","type-page","status-publish","hentry"],"_links":{"self":[{"href":"https:\/\/www.sisporta.com\/en\/wp-json\/wp\/v2\/pages\/16589","targetHints":{"allow":["GET"]}}],"collection":[{"href":"https:\/\/www.sisporta.com\/en\/wp-json\/wp\/v2\/pages"}],"about":[{"href":"https:\/\/www.sisporta.com\/en\/wp-json\/wp\/v2\/types\/page"}],"author":[{"embeddable":true,"href":"https:\/\/www.sisporta.com\/en\/wp-json\/wp\/v2\/users\/1"}],"replies":[{"embeddable":true,"href":"https:\/\/www.sisporta.com\/en\/wp-json\/wp\/v2\/comments?post=16589"}],"version-history":[{"count":3,"href":"https:\/\/www.sisporta.com\/en\/wp-json\/wp\/v2\/pages\/16589\/revisions"}],"predecessor-version":[{"id":16600,"href":"https:\/\/www.sisporta.com\/en\/wp-json\/wp\/v2\/pages\/16589\/revisions\/16600"}],"wp:attachment":[{"href":"https:\/\/www.sisporta.com\/en\/wp-json\/wp\/v2\/media?parent=16589"}],"curies":[{"name":"wp","href":"https:\/\/api.w.org\/{rel}","templated":true}]}}