{"id":16582,"date":"2018-11-12T15:43:03","date_gmt":"2018-11-12T15:43:03","guid":{"rendered":"https:\/\/www.sisporta.com\/portas-de-vidro-automaticas\/"},"modified":"2019-02-07T16:20:13","modified_gmt":"2019-02-07T16:20:13","slug":"portas-de-vidro-automaticas","status":"publish","type":"page","link":"https:\/\/www.sisporta.com\/en\/portas-de-vidro-automaticas\/","title":{"rendered":"Automated glass gates"},"content":{"rendered":"<div class=\"wpb-content-wrapper\"><p>[vc_row css_animation=&#8221;&#8221; row_type=&#8221;row&#8221; use_row_as_full_screen_section=&#8221;no&#8221; type=&#8221;grid&#8221; anchor=&#8221;portfolio&#8221; angled_section=&#8221;no&#8221; text_align=&#8221;left&#8221; background_image_as_pattern=&#8221;without_pattern&#8221; background_color=&#8221;#ffffff&#8221; border_color=&#8221;#eeeeee&#8221; padding_top=&#8221;80&#8243; padding_bottom=&#8221;0&#8243;][vc_column][vc_row_inner row_type=&#8221;row&#8221; type=&#8221;full_width&#8221; text_align=&#8221;left&#8221; css_animation=&#8221;&#8221;][vc_column_inner width=&#8221;1\/2&#8243;][vc_column_text]<img decoding=\"async\" src=\"https:\/\/www.sisporta.com\/wp-content\/uploads\/2018\/11\/portas_automaticas_vidro_01.jpg\" alt=\"automated glass gates\" \/>[\/vc_column_text][vc_separator type=&#8221;transparent&#8221; up=&#8221;79&#8243; down=&#8221;0&#8243;][\/vc_column_inner][vc_column_inner width=&#8221;1\/2&#8243;][vc_column_text]Sisporta is a company that provides automated glass gates, in sliding and stopper models, with one or two sheets of glass, with the option of including an aluminum frame (lacquered or normal aluminum).<\/p>\n<p>Used in intense use settings, like shopping malls or companies, this equipment may include panic systems, which works as an emergency exit, by pushing the glass sheet and opening at a 90-degree angle.<\/p>\n<p>It should be noted that all these products of the reputed TAU brand are manufactured according to European Union standards, which have a 2-year warranty and that all assistance is provided by our professionals.<\/p>\n<p>For more information regarding automated gates, please hesitate to contact our team. We are prepared to answer all your questions. Invest in rigor, quality and reliability.[\/vc_column_text][vc_separator type=&#8221;transparent&#8221; up=&#8221;79&#8243; down=&#8221;0&#8243;][\/vc_column_inner][\/vc_row_inner][\/vc_column][\/vc_row][vc_row css_animation=&#8221;&#8221; row_type=&#8221;row&#8221; use_row_as_full_screen_section=&#8221;no&#8221; type=&#8221;grid&#8221; anchor=&#8221;portfolio&#8221; angled_section=&#8221;no&#8221; text_align=&#8221;left&#8221; background_image_as_pattern=&#8221;without_pattern&#8221; background_color=&#8221;#f8f8f8&#8243; border_color=&#8221;#eeeeee&#8221; padding_top=&#8221;80&#8243; padding_bottom=&#8221;0&#8243;][vc_column][vc_row_inner row_type=&#8221;row&#8221; type=&#8221;full_width&#8221; text_align=&#8221;left&#8221; css_animation=&#8221;&#8221;][vc_column_inner width=&#8221;1\/2&#8243;][vc_column_text]<\/p>\n<h2 class=\"p1\"><span class=\"s1\">Automated glass sliding gates\u00a0<\/span><\/h2>\n<p>[\/vc_column_text][vc_separator type=&#8221;small&#8221; position=&#8221;left&#8221; color=&#8221;#818181&#8243; up=&#8221;13&#8243; down=&#8221;33&#8243;][vc_column_text]Automated glass sliding gates (lateral movement), with or without frame, work with a motor activated by passing people, thus facilitating entrance and exit.<\/p>\n<p>This equipment is very discreet. It can be used in any environment (both old and modern). Since they open and close rapidly, they offer a cozy environment (temperature control).<\/p>\n<p>Request a free quote for automated glass sliding gates and find out how much you can save if you rely on our distinguished knowledge and experience.[\/vc_column_text][vc_separator type=&#8221;transparent&#8221; up=&#8221;79&#8243; down=&#8221;0&#8243;][\/vc_column_inner][vc_column_inner width=&#8221;1\/2&#8243;][vc_column_text]<img decoding=\"async\" src=\"https:\/\/www.sisporta.com\/wp-content\/uploads\/2018\/11\/portas_automaticas_correr.jpg\" alt=\"Automated glass sliding gates\" \/>[\/vc_column_text][vc_separator type=&#8221;transparent&#8221; up=&#8221;79&#8243; down=&#8221;0&#8243;][\/vc_column_inner][\/vc_row_inner][\/vc_column][\/vc_row][vc_row css_animation=&#8221;&#8221; row_type=&#8221;row&#8221; use_row_as_full_screen_section=&#8221;no&#8221; type=&#8221;grid&#8221; anchor=&#8221;portfolio&#8221; angled_section=&#8221;no&#8221; text_align=&#8221;left&#8221; background_image_as_pattern=&#8221;without_pattern&#8221; background_color=&#8221;#ffffff&#8221; border_color=&#8221;#eeeeee&#8221; padding_top=&#8221;80&#8243; padding_bottom=&#8221;0&#8243;][vc_column][vc_row_inner row_type=&#8221;row&#8221; type=&#8221;full_width&#8221; text_align=&#8221;left&#8221; css_animation=&#8221;&#8221;][vc_column_inner width=&#8221;1\/2&#8243;][vc_column_text]<img decoding=\"async\" src=\"https:\/\/www.sisporta.com\/wp-content\/uploads\/2018\/11\/porta_automatica_batente.jpg\" alt=\"Automated glass stopper gates\" \/>[\/vc_column_text][vc_separator type=&#8221;transparent&#8221; up=&#8221;79&#8243; down=&#8221;0&#8243;][\/vc_column_inner][vc_column_inner width=&#8221;1\/2&#8243;][vc_column_text]<\/p>\n<h2 class=\"p1\"><span class=\"s1\">Automated glass stopper gates<\/span><\/h2>\n<p>[\/vc_column_text][vc_separator type=&#8221;small&#8221; position=&#8221;left&#8221; color=&#8221;#818181&#8243; up=&#8221;13&#8243; down=&#8221;33&#8243;][vc_column_text]We sell automation devices (motors) for glass, wood and aluminum stopper gates. These systems are integrated in the upper zone of the gate, facilitating pedestrian access, particularly for people with disabilities.<\/p>\n<p>This state-of-the-art equipment is extremely safe and resistant (very strong glass which does not pinch fingers), and can be ordered in various dimensions. They can also include a panic system (emergency exit).<\/p>\n<p>For any information regarding automated glass stopper gates, please ask our technicians for a specialized opinion. We will always provide you with the best solution for your particular case.[\/vc_column_text][vc_separator type=&#8221;transparent&#8221; up=&#8221;79&#8243; down=&#8221;0&#8243;][\/vc_column_inner][\/vc_row_inner][\/vc_column][\/vc_row][vc_row css_animation=&#8221;&#8221; row_type=&#8221;row&#8221; use_row_as_full_screen_section=&#8221;no&#8221; type=&#8221;grid&#8221; anchor=&#8221;portfolio&#8221; angled_section=&#8221;no&#8221; text_align=&#8221;left&#8221; background_image_as_pattern=&#8221;without_pattern&#8221; background_color=&#8221;#f8f8f8&#8243; border_color=&#8221;#eeeeee&#8221; padding_top=&#8221;80&#8243; padding_bottom=&#8221;0&#8243;][vc_column][vc_row_inner row_type=&#8221;row&#8221; type=&#8221;full_width&#8221; text_align=&#8221;left&#8221; css_animation=&#8221;&#8221;][vc_column_inner width=&#8221;1\/2&#8243;][vc_column_text]<\/p>\n<h2 class=\"p1\"><span class=\"s1\">Automated glass gates benefits<\/span><\/h2>\n<p>[\/vc_column_text][vc_separator type=&#8221;small&#8221; position=&#8221;left&#8221; color=&#8221;#818181&#8243; up=&#8221;13&#8243; down=&#8221;33&#8243;][vc_column_text]There are several benefits to choosing automated glass gates from the reputed Italian brand TAU:<\/p>\n<p>&nbsp;<\/p>\n<ul>\n<li>Elegant and low-key solutions<\/li>\n<li>Silent and non-vibrating motor<\/li>\n<li>Wide variety of models and finishing<\/li>\n<li>Facilitates access, particularly to people with disabilities<\/li>\n<li>Optimizes energy consumption (keeps the environment warm or cold)<\/li>\n<li>Extremely safe (non-pinching) and strong (very hard to break)<\/li>\n<li>Made of premium materials, which are tested by industry bodies<\/li>\n<li>In case of integrated aluminum frame, possibility of being lacquered in your color of choice<\/li>\n<li>Possibility of having a panic bar (manually opened emergency exit, which is be very useful in emergency situations).<\/li>\n<\/ul>\n<p>[\/vc_column_text][vc_separator type=&#8221;transparent&#8221; up=&#8221;79&#8243; down=&#8221;0&#8243;][\/vc_column_inner][vc_column_inner width=&#8221;1\/2&#8243;][vc_column_text]<img decoding=\"async\" src=\"https:\/\/www.sisporta.com\/wp-content\/uploads\/2018\/11\/porta_automatica_batente_01.jpg\" alt=\"Automated glass gates benefits\" \/>[\/vc_column_text][vc_separator type=&#8221;transparent&#8221; up=&#8221;79&#8243; down=&#8221;0&#8243;][\/vc_column_inner][\/vc_row_inner][\/vc_column][\/vc_row][vc_row css_animation=&#8221;&#8221; row_type=&#8221;row&#8221; use_row_as_full_screen_section=&#8221;no&#8221; type=&#8221;grid&#8221; anchor=&#8221;portfolio&#8221; angled_section=&#8221;no&#8221; text_align=&#8221;left&#8221; background_image_as_pattern=&#8221;without_pattern&#8221; background_color=&#8221;#ffffff&#8221; padding_top=&#8221;80&#8243; padding_bottom=&#8221;0&#8243;][vc_column][vc_row_inner row_type=&#8221;row&#8221; type=&#8221;full_width&#8221; text_align=&#8221;left&#8221; css_animation=&#8221;&#8221;][vc_column_inner width=&#8221;1\/2&#8243;][vc_column_text]<img decoding=\"async\" src=\"https:\/\/www.sisporta.com\/wp-content\/uploads\/2018\/11\/portas_automaticas_modelos.jpg\" alt=\"Automated glass gate models\" \/>[\/vc_column_text][vc_separator type=&#8221;transparent&#8221; up=&#8221;79&#8243; down=&#8221;0&#8243;][\/vc_column_inner][vc_column_inner width=&#8221;1\/2&#8243;][vc_column_text]<\/p>\n<h2 class=\"p1\"><span class=\"s1\">Automated glass gate models<\/span><\/h2>\n<p>[\/vc_column_text][vc_separator type=&#8221;small&#8221; position=&#8221;left&#8221; color=&#8221;#818181&#8243; up=&#8221;13&#8243; down=&#8221;33&#8243;][vc_column_text]We provide the following automated glass gate models:<\/p>\n<p>&nbsp;<\/p>\n<ul>\n<li>Pivoting<\/li>\n<li>One-sheet<\/li>\n<li>Two-sheet<\/li>\n<\/ul>\n<p>[\/vc_column_text][vc_separator type=&#8221;transparent&#8221; up=&#8221;79&#8243; down=&#8221;0&#8243;][\/vc_column_inner][\/vc_row_inner][\/vc_column][\/vc_row][vc_row css_animation=&#8221;&#8221; row_type=&#8221;row&#8221; use_row_as_full_screen_section=&#8221;no&#8221; type=&#8221;grid&#8221; anchor=&#8221;portfolio&#8221; angled_section=&#8221;no&#8221; text_align=&#8221;left&#8221; background_image_as_pattern=&#8221;without_pattern&#8221; background_color=&#8221;#f8f8f8&#8243; border_color=&#8221;#eeeeee&#8221; padding_top=&#8221;80&#8243; padding_bottom=&#8221;0&#8243;][vc_column][vc_row_inner row_type=&#8221;row&#8221; type=&#8221;full_width&#8221; text_align=&#8221;left&#8221; css_animation=&#8221;&#8221;][vc_column_inner width=&#8221;1\/2&#8243;][vc_column_text]<\/p>\n<h2 class=\"p1\"><span class=\"s1\">Profiles and framing of\u00a0<\/span><span class=\"s1\">automated glass gates<\/span><\/h2>\n<p>[\/vc_column_text][vc_separator type=&#8221;small&#8221; position=&#8221;left&#8221; color=&#8221;#818181&#8243; up=&#8221;13&#8243; down=&#8221;33&#8243;][vc_column_text]We provide the following automated glass gate profiles and framing:<\/p>\n<p>&nbsp;<\/p>\n<ul>\n<li>Panic profile<\/li>\n<li>Lacquered aluminum profile<\/li>\n<\/ul>\n<p>[\/vc_column_text][vc_separator type=&#8221;transparent&#8221; up=&#8221;79&#8243; down=&#8221;0&#8243;][\/vc_column_inner][vc_column_inner width=&#8221;1\/2&#8243;][vc_column_text]<img decoding=\"async\" src=\"https:\/\/www.sisporta.com\/wp-content\/uploads\/2018\/11\/portas_automaticas_perfis.jpg\" alt=\"Profiles and framing of\u00a0automated glass gates\" \/>[\/vc_column_text][vc_separator type=&#8221;transparent&#8221; up=&#8221;79&#8243; down=&#8221;0&#8243;][\/vc_column_inner][\/vc_row_inner][\/vc_column][\/vc_row][vc_row css_animation=&#8221;&#8221; row_type=&#8221;row&#8221; use_row_as_full_screen_section=&#8221;no&#8221; type=&#8221;grid&#8221; anchor=&#8221;portfolio&#8221; angled_section=&#8221;no&#8221; text_align=&#8221;left&#8221; background_image_as_pattern=&#8221;without_pattern&#8221; background_color=&#8221;#ffffff&#8221; padding_top=&#8221;80&#8243; padding_bottom=&#8221;0&#8243;][vc_column][vc_row_inner row_type=&#8221;row&#8221; type=&#8221;full_width&#8221; text_align=&#8221;left&#8221; css_animation=&#8221;&#8221;][vc_column_inner width=&#8221;1\/2&#8243;][vc_column_text]<img decoding=\"async\" src=\"https:\/\/www.sisporta.com\/wp-content\/uploads\/2018\/11\/portas_automaticas_mecanismos.jpg\" alt=\"Automated glass gates mechanisms\" \/>[\/vc_column_text][vc_separator type=&#8221;transparent&#8221; up=&#8221;79&#8243; down=&#8221;0&#8243;][\/vc_column_inner][vc_column_inner width=&#8221;1\/2&#8243;][vc_column_text]<\/p>\n<h2 class=\"p1\"><span class=\"s1\">Automated glass gates mechanisms<\/span><\/h2>\n<p>[\/vc_column_text][vc_separator type=&#8221;small&#8221; position=&#8221;left&#8221; color=&#8221;#818181&#8243; up=&#8221;13&#8243; down=&#8221;33&#8243;][vc_column_text]Automated glass gates are composed of the following mechanisms:<\/p>\n<ul>\n<li>Motor<\/li>\n<li>Battery<\/li>\n<li>Switchboard<\/li>\n<li>Clamps for glass (10mm)<\/li>\n<li>Digital \/ analog control dial<\/li>\n<li>Electromechanical latch with locks<\/li>\n<li>Motion-presence sensor (EN16003).<\/li>\n<\/ul>\n<p>[\/vc_column_text][vc_separator type=&#8221;transparent&#8221; up=&#8221;79&#8243; down=&#8221;0&#8243;][\/vc_column_inner][\/vc_row_inner][vc_row_inner row_type=&#8221;row&#8221; type=&#8221;full_width&#8221; text_align=&#8221;left&#8221; css_animation=&#8221;&#8221;][vc_column_inner][vc_column_text el_class=&#8221;localidades&#8221;]<\/p>\n<p class=\"p1\"><strong><span class=\"s1\">Sale of automatic glass doors with or without antipanic system, with or without profile (aluminum frames)<\/span><\/strong><\/p>\n<p class=\"p2\"><span class=\"s1\">LISBOA Ajuda| Alc\u00e2ntara| Alvalade| Areeiro| Arroios | Avenidas Novas | Beato |Bel\u00e9m | Benfica | Campo de Ourique | Campolide | Carnide | Estrela | Lumiar | Marvila | Miseric\u00f3rdia | Olivais | Parque das Na\u00e7\u00f5es | Penha de Fran\u00e7a | Santa Clara | Santa Maria Maior |Santo Ant\u00f3nio | S\u00e3o Domingos de Benfica | S\u00e3o Vicente\u00a0<\/span><span class=\"s1\">Cascais Alcabideche | Carcavelos | Estoril | Parede | S\u00e3o Domingos de Rana\u00a0<\/span><span class=\"s1\">OEIRAS Alg\u00e9s | Carnaxide | Pa\u00e7o de Arcos | Porto Salvo | S\u00e3o Marcos\u00a0<\/span><span class=\"s1\">AMADORA Alfragide | Brandoa | Buraca | Damaia | Reboleira | Venda Nova\u00a0\u00a0<\/span><span class=\"s1\">ALMADA Caparica | Costa da Caparica | Feij\u00f3 | Pragal | Trafaria | Cacilhas | Charneca de Caparica | Cova da Piedade | Laranjeiro | Sobreda\u00a0<\/span><span class=\"s1\">SINTRA Algueir\u00e3o | Belas | Cac\u00e9m | Massam\u00e1 | Queluz | Rio de Mouro | Terrugem <\/span><\/p>\n<p>[\/vc_column_text][vc_separator type=&#8221;transparent&#8221; up=&#8221;79&#8243; down=&#8221;0&#8243;][\/vc_column_inner][\/vc_row_inner][\/vc_column][\/vc_row]<\/p>\n<\/div>","protected":false},"excerpt":{"rendered":"<p>[vc_row css_animation=&#8221;&#8221; row_type=&#8221;row&#8221; use_row_as_full_screen_section=&#8221;no&#8221; type=&#8221;grid&#8221; anchor=&#8221;portfolio&#8221; angled_section=&#8221;no&#8221; text_align=&#8221;left&#8221; background_image_as_pattern=&#8221;without_pattern&#8221; background_color=&#8221;#ffffff&#8221; border_color=&#8221;#eeeeee&#8221; padding_top=&#8221;80&#8243; padding_bottom=&#8221;0&#8243;][vc_column][vc_row_inner row_type=&#8221;row&#8221; type=&#8221;full_width&#8221; text_align=&#8221;left&#8221; css_animation=&#8221;&#8221;][vc_column_inner width=&#8221;1\/2&#8243;][vc_column_text][\/vc_column_text][vc_separator type=&#8221;transparent&#8221; up=&#8221;79&#8243; down=&#8221;0&#8243;][\/vc_column_inner][vc_column_inner width=&#8221;1\/2&#8243;][vc_column_text]Sisporta is a company that provides automated glass gates, in sliding and stopper models, with one or two sheets of glass, with the option&#8230;<\/p>\n","protected":false},"author":1,"featured_media":0,"parent":0,"menu_order":0,"comment_status":"closed","ping_status":"closed","template":"full_width.php","meta":{"footnotes":""},"class_list":["post-16582","page","type-page","status-publish","hentry"],"_links":{"self":[{"href":"https:\/\/www.sisporta.com\/en\/wp-json\/wp\/v2\/pages\/16582","targetHints":{"allow":["GET"]}}],"collection":[{"href":"https:\/\/www.sisporta.com\/en\/wp-json\/wp\/v2\/pages"}],"about":[{"href":"https:\/\/www.sisporta.com\/en\/wp-json\/wp\/v2\/types\/page"}],"author":[{"embeddable":true,"href":"https:\/\/www.sisporta.com\/en\/wp-json\/wp\/v2\/users\/1"}],"replies":[{"embeddable":true,"href":"https:\/\/www.sisporta.com\/en\/wp-json\/wp\/v2\/comments?post=16582"}],"version-history":[{"count":4,"href":"https:\/\/www.sisporta.com\/en\/wp-json\/wp\/v2\/pages\/16582\/revisions"}],"predecessor-version":[{"id":16604,"href":"https:\/\/www.sisporta.com\/en\/wp-json\/wp\/v2\/pages\/16582\/revisions\/16604"}],"wp:attachment":[{"href":"https:\/\/www.sisporta.com\/en\/wp-json\/wp\/v2\/media?parent=16582"}],"curies":[{"name":"wp","href":"https:\/\/api.w.org\/{rel}","templated":true}]}}