{"id":16566,"date":"2018-11-12T17:03:30","date_gmt":"2018-11-12T17:03:30","guid":{"rendered":"https:\/\/www.sisporta.com\/cais-e-abrigo-de-cais\/"},"modified":"2024-05-20T17:56:27","modified_gmt":"2024-05-20T16:56:27","slug":"cais-e-abrigo-de-cais","status":"publish","type":"page","link":"https:\/\/www.sisporta.com\/en\/cais-e-abrigo-de-cais\/","title":{"rendered":"Loading docks and loading dock shelters"},"content":{"rendered":"<div class=\"wpb-content-wrapper\"><p>[vc_row css_animation=&#8221;&#8221; row_type=&#8221;row&#8221; use_row_as_full_screen_section=&#8221;no&#8221; type=&#8221;grid&#8221; anchor=&#8221;portfolio&#8221; angled_section=&#8221;no&#8221; text_align=&#8221;left&#8221; background_image_as_pattern=&#8221;without_pattern&#8221; background_color=&#8221;#ffffff&#8221; border_color=&#8221;#eeeeee&#8221; padding_top=&#8221;80&#8243; padding_bottom=&#8221;0&#8243;][vc_column][vc_row_inner row_type=&#8221;row&#8221; type=&#8221;full_width&#8221; text_align=&#8221;left&#8221; css_animation=&#8221;&#8221;][vc_column_inner width=&#8221;1\/2&#8243;][vc_column_text]<img decoding=\"async\" src=\"https:\/\/www.sisporta.com\/wp-content\/uploads\/2018\/11\/cais_descarga_01.jpg\" alt=\"Loading docks and loading dock shelters \" \/>[\/vc_column_text][vc_separator type=&#8221;transparent&#8221; up=&#8221;79&#8243; down=&#8221;0&#8243;][\/vc_column_inner][vc_column_inner width=&#8221;1\/2&#8243;][vc_column_text]Sisporta is a company that sells loading docks and loading dock shelters, two products that are constantly in use in places such as factories, companies, malls, supermarkets, etc.<\/p>\n<p>Our loading docks, made of steel and always immoveable, are available in two models: telescopic platform (vertical and horizontal movement) and tilting platform (vertical movement).<\/p>\n<p>On the other hand, loading dock shelters, which allow speed and flexibility of loading and unloading operations, are available in retractable model, and in case of incorrect maneuver, absorb the impact and return to the initial position.<\/p>\n<p>For more information regarding loading docks and loading dock shelters please to contact our team. We provide a 2-year warranty on all products, which are manufactured according to European Union standards.[\/vc_column_text][vc_separator type=&#8221;transparent&#8221; up=&#8221;79&#8243; down=&#8221;0&#8243;][\/vc_column_inner][\/vc_row_inner][\/vc_column][\/vc_row][vc_row css_animation=&#8221;&#8221; row_type=&#8221;row&#8221; use_row_as_full_screen_section=&#8221;no&#8221; type=&#8221;grid&#8221; anchor=&#8221;portfolio&#8221; angled_section=&#8221;no&#8221; text_align=&#8221;left&#8221; background_image_as_pattern=&#8221;without_pattern&#8221; background_color=&#8221;#f8f8f8&#8243; border_color=&#8221;#eeeeee&#8221; padding_top=&#8221;80&#8243; padding_bottom=&#8221;0&#8243;][vc_column][vc_row_inner row_type=&#8221;row&#8221; type=&#8221;full_width&#8221; text_align=&#8221;left&#8221; css_animation=&#8221;&#8221;][vc_column_inner width=&#8221;1\/2&#8243;][vc_column_text]<\/p>\n<h2 class=\"p1\"><span class=\"s1\">Loading docks in tilting platform and telescopic platform<\/span><\/h2>\n<p>[\/vc_column_text][vc_separator type=&#8221;small&#8221; position=&#8221;left&#8221; color=&#8221;#818181&#8243; up=&#8221;13&#8243; down=&#8221;33&#8243;][vc_column_text]We provide loading docks in tilting platform (vertical movement) and telescopic platform (vertical and horizontal movement), which bridge the distance and height between the loading point and the vehicles\u2019 boxes.<\/p>\n<p>This state-of-the-art and sleek equipment is silent, very safe and extremely practical, ensuring a fast loading \/ unloading process, while also avoiding any damage to the goods.<\/p>\n<p>If you need more details on loading docks (tilting or telescopic), contact our professionals and find out what we have to offer. Maximum quality and deadline compliance guaranteed.[\/vc_column_text][vc_separator type=&#8221;transparent&#8221; up=&#8221;79&#8243; down=&#8221;0&#8243;][\/vc_column_inner][vc_column_inner width=&#8221;1\/2&#8243;][vc_column_text]<img decoding=\"async\" src=\"https:\/\/www.sisporta.com\/wp-content\/uploads\/2018\/11\/cais_descarga_03.jpg\" alt=\"Loading docks in tilting platform and telescopic platform\" \/>[\/vc_column_text][vc_separator type=&#8221;transparent&#8221; up=&#8221;79&#8243; down=&#8221;0&#8243;][\/vc_column_inner][\/vc_row_inner][\/vc_column][\/vc_row][vc_row css_animation=&#8221;&#8221; row_type=&#8221;row&#8221; use_row_as_full_screen_section=&#8221;no&#8221; type=&#8221;grid&#8221; anchor=&#8221;portfolio&#8221; angled_section=&#8221;no&#8221; text_align=&#8221;left&#8221; background_image_as_pattern=&#8221;without_pattern&#8221; background_color=&#8221;#ffffff&#8221; border_color=&#8221;#eeeeee&#8221; padding_top=&#8221;80&#8243; padding_bottom=&#8221;0&#8243;][vc_column][vc_row_inner row_type=&#8221;row&#8221; type=&#8221;full_width&#8221; text_align=&#8221;left&#8221; css_animation=&#8221;&#8221;][vc_column_inner width=&#8221;1\/2&#8243;][vc_column_text]<img decoding=\"async\" src=\"https:\/\/www.sisporta.com\/wp-content\/uploads\/2018\/11\/cais_descarga_02.jpg\" alt=\"Retractable loading dock shelters\" \/>[\/vc_column_text][vc_separator type=&#8221;transparent&#8221; up=&#8221;79&#8243; down=&#8221;0&#8243;][\/vc_column_inner][vc_column_inner width=&#8221;1\/2&#8243;][vc_column_text]<\/p>\n<h2 class=\"p1\"><span class=\"s1\">Retractable loading dock shelters<\/span><\/h2>\n<p>[\/vc_column_text][vc_separator type=&#8221;small&#8221; position=&#8221;left&#8221; color=&#8221;#818181&#8243; up=&#8221;13&#8243; down=&#8221;33&#8243;][vc_column_text]Retractable loading dock shelters are an outstanding choice because they do not damage vehicles, even if hit by them.<\/p>\n<p>The materials in this system absorb all impact e return it to its initial position without scratching vehicles or posing danger to pedestrians.<\/p>\n<p>Request a free quote for retractable loading dock shelter models and find out how much you can save with our premium solutions.[\/vc_column_text][vc_separator type=&#8221;transparent&#8221; up=&#8221;79&#8243; down=&#8221;0&#8243;][\/vc_column_inner][\/vc_row_inner][\/vc_column][\/vc_row][vc_row css_animation=&#8221;&#8221; row_type=&#8221;row&#8221; use_row_as_full_screen_section=&#8221;no&#8221; type=&#8221;grid&#8221; anchor=&#8221;portfolio&#8221; angled_section=&#8221;no&#8221; text_align=&#8221;left&#8221; background_image_as_pattern=&#8221;without_pattern&#8221; background_color=&#8221;#f8f8f8&#8243; border_color=&#8221;#eeeeee&#8221; padding_top=&#8221;80&#8243; padding_bottom=&#8221;0&#8243;][vc_column][vc_row_inner row_type=&#8221;row&#8221; type=&#8221;full_width&#8221; text_align=&#8221;left&#8221; css_animation=&#8221;&#8221;][vc_column_inner width=&#8221;1\/2&#8243;][vc_column_text]<\/p>\n<h2 class=\"p1\"><span class=\"s1\">Loading docks and loading dock shelters advantages<\/span><\/h2>\n<p>[\/vc_column_text][vc_separator type=&#8221;small&#8221; position=&#8221;left&#8221; color=&#8221;#818181&#8243; up=&#8221;13&#8243; down=&#8221;33&#8243;][vc_column_text]<\/p>\n<p class=\"p2\"><span class=\"s1\">Os cais e os abrigos de cais possuem as seguintes vantagens:<\/span><\/p>\n<p>&nbsp;<\/p>\n<ul>\n<li class=\"p3\"><span class=\"s1\">Sistemas visualmente discretos e elegantes<\/span><\/li>\n<li class=\"p3\"><span class=\"s1\">S\u00e3o extremamente pr\u00e1ticos, seguros, resistentes e dur\u00e1veis<\/span><\/li>\n<li class=\"p3\"><span class=\"s1\">Protegem a instala\u00e7\u00e3o de agress\u00f5es de elementos externos (clima, ru\u00eddos&#8230;) <\/span><\/li>\n<li class=\"p3\"><span class=\"s1\">Elevada economia de energia ( sem quaisuqer desperd\u00edcios de frio-calor)<\/span><\/li>\n<li class=\"p3\"><span class=\"s1\">Garantem \u00f3tima estanquidade (maior isolamento t\u00e9rmico e ac\u00fastico e mais limpeza)<\/span><\/li>\n<\/ul>\n<p>[\/vc_column_text][vc_separator type=&#8221;transparent&#8221; up=&#8221;79&#8243; down=&#8221;0&#8243;][\/vc_column_inner][vc_column_inner width=&#8221;1\/2&#8243;][vc_column_text]<img decoding=\"async\" src=\"https:\/\/www.sisporta.com\/wp-content\/uploads\/2018\/11\/cais_descarga_04.jpg\" alt=\"Loading docks and loading dock shelters advantages\" \/>[\/vc_column_text][vc_separator type=&#8221;transparent&#8221; up=&#8221;79&#8243; down=&#8221;0&#8243;][\/vc_column_inner][\/vc_row_inner][\/vc_column][\/vc_row][vc_row css_animation=&#8221;&#8221; row_type=&#8221;row&#8221; use_row_as_full_screen_section=&#8221;no&#8221; type=&#8221;grid&#8221; anchor=&#8221;portfolio&#8221; angled_section=&#8221;no&#8221; text_align=&#8221;left&#8221; background_image_as_pattern=&#8221;without_pattern&#8221; background_color=&#8221;#ffffff&#8221; padding_top=&#8221;80&#8243; padding_bottom=&#8221;0&#8243;][vc_column][vc_row_inner row_type=&#8221;row&#8221; type=&#8221;full_width&#8221; text_align=&#8221;left&#8221; css_animation=&#8221;&#8221;][vc_column_inner][vc_column_text el_class=&#8221;localidades&#8221;]<\/p>\n<p class=\"p1\"><span class=\"s1\"><b>Loading docks and loading dock shelters <\/b><\/span><\/p>\n<p class=\"p2\"><span class=\"s1\">LISBOA Ajuda| Alc\u00e2ntara| Alvalade| Areeiro| Arroios | Avenidas Novas | Beato |Bel\u00e9m | Benfica | Campo de Ourique | Campolide | Carnide | Estrela | Lumiar | Marvila | Miseric\u00f3rdia | Olivais | Parque das Na\u00e7\u00f5es | Penha de Fran\u00e7a | Santa Clara | Santa Maria Maior |Santo Ant\u00f3nio | S\u00e3o Domingos de Benfica | S\u00e3o Vicente\u00a0<\/span><span class=\"s1\">Cascais Alcabideche | Carcavelos | Estoril | Parede | S\u00e3o Domingos de Rana\u00a0<\/span><span class=\"s1\">OEIRAS Alg\u00e9s | Carnaxide | Pa\u00e7o de Arcos | Porto Salvo | S\u00e3o Marcos\u00a0<\/span><span class=\"s1\">AMADORA Alfragide | Brandoa | Buraca | Damaia | Reboleira | Venda Nova\u00a0<\/span><span class=\"s1\">ALMADA Caparica | Costa da Caparica | Feij\u00f3 | Pragal | Trafaria | Cacilhas | Charneca de Caparica | Cova da Piedade | Laranjeiro | Sobreda\u00a0<\/span><span class=\"s1\">SINTRA Algueir\u00e3o | Belas | Cac\u00e9m | Massam\u00e1 | Queluz | Rio de Mouro | Terrugem <\/span><\/p>\n<p>[\/vc_column_text][vc_separator type=&#8221;transparent&#8221; up=&#8221;79&#8243; down=&#8221;0&#8243;][\/vc_column_inner][\/vc_row_inner][\/vc_column][\/vc_row]<\/p>\n<\/div>","protected":false},"excerpt":{"rendered":"<p>[vc_row css_animation=&#8221;&#8221; row_type=&#8221;row&#8221; use_row_as_full_screen_section=&#8221;no&#8221; type=&#8221;grid&#8221; anchor=&#8221;portfolio&#8221; angled_section=&#8221;no&#8221; text_align=&#8221;left&#8221; background_image_as_pattern=&#8221;without_pattern&#8221; background_color=&#8221;#ffffff&#8221; border_color=&#8221;#eeeeee&#8221; padding_top=&#8221;80&#8243; padding_bottom=&#8221;0&#8243;][vc_column][vc_row_inner row_type=&#8221;row&#8221; type=&#8221;full_width&#8221; text_align=&#8221;left&#8221; css_animation=&#8221;&#8221;][vc_column_inner width=&#8221;1\/2&#8243;][vc_column_text][\/vc_column_text][vc_separator type=&#8221;transparent&#8221; up=&#8221;79&#8243; down=&#8221;0&#8243;][\/vc_column_inner][vc_column_inner width=&#8221;1\/2&#8243;][vc_column_text]Sisporta is a company that sells loading docks and loading dock shelters, two products that are constantly in use in places such as factories,&#8230;<\/p>\n","protected":false},"author":1,"featured_media":0,"parent":0,"menu_order":0,"comment_status":"closed","ping_status":"closed","template":"full_width.php","meta":{"footnotes":""},"class_list":["post-16566","page","type-page","status-publish","hentry"],"_links":{"self":[{"href":"https:\/\/www.sisporta.com\/en\/wp-json\/wp\/v2\/pages\/16566","targetHints":{"allow":["GET"]}}],"collection":[{"href":"https:\/\/www.sisporta.com\/en\/wp-json\/wp\/v2\/pages"}],"about":[{"href":"https:\/\/www.sisporta.com\/en\/wp-json\/wp\/v2\/types\/page"}],"author":[{"embeddable":true,"href":"https:\/\/www.sisporta.com\/en\/wp-json\/wp\/v2\/users\/1"}],"replies":[{"embeddable":true,"href":"https:\/\/www.sisporta.com\/en\/wp-json\/wp\/v2\/comments?post=16566"}],"version-history":[{"count":3,"href":"https:\/\/www.sisporta.com\/en\/wp-json\/wp\/v2\/pages\/16566\/revisions"}],"predecessor-version":[{"id":16602,"href":"https:\/\/www.sisporta.com\/en\/wp-json\/wp\/v2\/pages\/16566\/revisions\/16602"}],"wp:attachment":[{"href":"https:\/\/www.sisporta.com\/en\/wp-json\/wp\/v2\/media?parent=16566"}],"curies":[{"name":"wp","href":"https:\/\/api.w.org\/{rel}","templated":true}]}}