{"id":16562,"date":"2018-11-12T17:18:35","date_gmt":"2018-11-12T17:18:35","guid":{"rendered":"https:\/\/www.sisporta.com\/automatismos-para-portoes-e-grades\/"},"modified":"2019-02-07T16:17:05","modified_gmt":"2019-02-07T16:17:05","slug":"automatismos-para-portoes-e-grades","status":"publish","type":"page","link":"https:\/\/www.sisporta.com\/en\/automatismos-para-portoes-e-grades\/","title":{"rendered":"Automation for gates and fences"},"content":{"rendered":"<div class=\"wpb-content-wrapper\"><p>[vc_row css_animation=&#8221;&#8221; row_type=&#8221;row&#8221; use_row_as_full_screen_section=&#8221;no&#8221; type=&#8221;grid&#8221; anchor=&#8221;portfolio&#8221; angled_section=&#8221;no&#8221; text_align=&#8221;left&#8221; background_image_as_pattern=&#8221;without_pattern&#8221; background_color=&#8221;#ffffff&#8221; border_color=&#8221;#eeeeee&#8221; padding_top=&#8221;80&#8243; padding_bottom=&#8221;0&#8243;][vc_column][vc_row_inner row_type=&#8221;row&#8221; type=&#8221;full_width&#8221; text_align=&#8221;left&#8221; css_animation=&#8221;&#8221;][vc_column_inner width=&#8221;1\/2&#8243;][vc_column_text]<img decoding=\"async\" src=\"https:\/\/www.sisporta.com\/wp-content\/uploads\/2018\/11\/automatismos.jpg\" alt=\"Automatismos para port\u00f5es e grades\" \/>[\/vc_column_text][vc_separator type=&#8221;transparent&#8221; up=&#8221;79&#8243; down=&#8221;0&#8243;][\/vc_column_inner][vc_column_inner width=&#8221;1\/2&#8243;][vc_column_text]Sisporta is a company that sells automation systems, namely motors and controls for gates (sectional, sliding and stopper gates) and for electric rolling fences.<\/p>\n<p>These innovative systems allow the user to have a faster, more agile, more comfortable and safer opening \/ closing process when compared to a traditional manual system.<\/p>\n<p>If you would like more information on gate and gate automations, contact our team. We provide a 2-year warranty on all products, which are manufactured according to European Union standards.[\/vc_column_text][vc_separator type=&#8221;transparent&#8221; up=&#8221;79&#8243; down=&#8221;0&#8243;][\/vc_column_inner][\/vc_row_inner][\/vc_column][\/vc_row][vc_row css_animation=&#8221;&#8221; row_type=&#8221;row&#8221; use_row_as_full_screen_section=&#8221;no&#8221; type=&#8221;grid&#8221; anchor=&#8221;portfolio&#8221; angled_section=&#8221;no&#8221; text_align=&#8221;left&#8221; background_image_as_pattern=&#8221;without_pattern&#8221; background_color=&#8221;#f8f8f8&#8243; border_color=&#8221;#eeeeee&#8221; padding_top=&#8221;80&#8243; padding_bottom=&#8221;0&#8243;][vc_column][vc_row_inner row_type=&#8221;row&#8221; type=&#8221;full_width&#8221; text_align=&#8221;left&#8221; css_animation=&#8221;&#8221;][vc_column_inner width=&#8221;1\/2&#8243;][vc_column_text]<\/p>\n<h2 class=\"p1\"><span class=\"s1\">Automation for sectional gates<\/span><\/h2>\n<p>[\/vc_column_text][vc_separator type=&#8221;small&#8221; position=&#8221;left&#8221; color=&#8221;#818181&#8243; up=&#8221;13&#8243; down=&#8221;33&#8243;][vc_column_text]We provide a wide range automatic controls for sectional gates (sliding upwards or laterally), which have replaced accordion and tilting gates, always guaranteeing extreme protection to the surroundings.<\/p>\n<p>This type of gate (flat, embossed, one-channel and cushioned models) given the efficiency of their engines, is widely used in industrial settings, since they greatly facilitate the constant entry and exit of vehicles.<\/p>\n<p>Order our automatic systems for sectional gates and benefit from the best value for money ratio on the market. Invest in professionalism, effectiveness, and strict deadline compliance.[\/vc_column_text][vc_separator type=&#8221;transparent&#8221; up=&#8221;79&#8243; down=&#8221;0&#8243;][\/vc_column_inner][vc_column_inner width=&#8221;1\/2&#8243;][vc_column_text]<\/p>\n<p><img decoding=\"async\" src=\"https:\/\/www.sisporta.com\/wp-content\/uploads\/2018\/11\/automatismos_portoes_seccionados_01b.jpg\" alt=\"Automatismos para port\u00f5es seccionados\" \/><\/p>\n<p>[\/vc_column_text][vc_separator type=&#8221;transparent&#8221; up=&#8221;79&#8243; down=&#8221;0&#8243;][\/vc_column_inner][\/vc_row_inner][\/vc_column][\/vc_row][vc_row css_animation=&#8221;&#8221; row_type=&#8221;row&#8221; use_row_as_full_screen_section=&#8221;no&#8221; type=&#8221;grid&#8221; anchor=&#8221;portfolio&#8221; angled_section=&#8221;no&#8221; text_align=&#8221;left&#8221; background_image_as_pattern=&#8221;without_pattern&#8221; background_color=&#8221;#ffffff&#8221; padding_top=&#8221;80&#8243; padding_bottom=&#8221;0&#8243;][vc_column][vc_row_inner row_type=&#8221;row&#8221; type=&#8221;full_width&#8221; text_align=&#8221;left&#8221; css_animation=&#8221;&#8221;][vc_column_inner width=&#8221;1\/2&#8243;][vc_column_text]<img decoding=\"async\" src=\"https:\/\/www.sisporta.com\/wp-content\/uploads\/2018\/11\/automatismos_portoes_batente_01b.jpg\" alt=\"Automatismos para port\u00f5es de correr e de batente\" \/>[\/vc_column_text][vc_separator type=&#8221;transparent&#8221; up=&#8221;79&#8243; down=&#8221;0&#8243;][\/vc_column_inner][vc_column_inner width=&#8221;1\/2&#8243;][vc_column_text]<\/p>\n<h2 class=\"p1\"><span class=\"s1\">Automation for sliding and stopper gates<\/span><\/h2>\n<p>[\/vc_column_text][vc_separator type=&#8221;small&#8221; position=&#8221;left&#8221; color=&#8221;#818181&#8243; up=&#8221;13&#8243; down=&#8221;33&#8243;][vc_column_text]At Sisporta we sell automation systems (motors and controls) for sliding gates (always laterally) and for stopper gates (normal opening), made of wood, iron (steel) or aluminum.<\/p>\n<p>These electrical devices provide greater protection to your home or workplace, especially at night or in bad weather conditions (there is no need to exit the car).<\/p>\n<p>For expert opinions on sliding or stopper gates, speak to our technicians and find out the best solution for your particular case. Maximum quality and low prices guaranteed.[\/vc_column_text][vc_separator type=&#8221;transparent&#8221; up=&#8221;79&#8243; down=&#8221;0&#8243;][\/vc_column_inner][\/vc_row_inner][vc_row_inner row_type=&#8221;row&#8221; type=&#8221;full_width&#8221; text_align=&#8221;left&#8221; css_animation=&#8221;&#8221;][vc_column_inner][vc_column_text el_class=&#8221;localidades&#8221;]<\/p>\n<p class=\"p1\"><span class=\"s1\"><b>Automation for gates and fences<\/b><\/span><\/p>\n<p class=\"p1\"><span class=\"s1\">LISBOA Ajuda| Alc\u00e2ntara| Alvalade| Areeiro| Arroios | Avenidas Novas | Beato |Bel\u00e9m | Benfica | Campo de Ourique | Campolide | Carnide | Estrela | Lumiar | Marvila | Miseric\u00f3rdia | Olivais | Parque das Na\u00e7\u00f5es | Penha de Fran\u00e7a | Santa Clara | Santa Maria Maior |Santo Ant\u00f3nio | S\u00e3o Domingos de Benfica | S\u00e3o Vicente\u00a0<\/span><span class=\"s1\">Cascais Alcabideche | Carcavelos | Estoril | Parede | S\u00e3o Domingos de Rana\u00a0<\/span><span class=\"s1\">OEIRAS Alg\u00e9s | Carnaxide | Pa\u00e7o de Arcos | Porto Salvo | S\u00e3o Marcos\u00a0<\/span><span class=\"s1\">AMADORA Alfragide | Brandoa | Buraca | Damaia | Reboleira | Venda Nova\u00a0<\/span><span class=\"s1\">ALMADA Caparica | Costa da Caparica | Feij\u00f3 | Pragal | Trafaria | Cacilhas | Charneca de Caparica | Cova da Piedade | Laranjeiro | Sobreda\u00a0<\/span><span class=\"s1\">SINTRA Algueir\u00e3o | Belas | Cac\u00e9m | Massam\u00e1 | Queluz | Rio de Mouro | Terrugem <\/span><\/p>\n<p>[\/vc_column_text][vc_separator type=&#8221;transparent&#8221; up=&#8221;79&#8243; down=&#8221;0&#8243;][\/vc_column_inner][\/vc_row_inner][\/vc_column][\/vc_row]<\/p>\n<\/div>","protected":false},"excerpt":{"rendered":"<p>[vc_row css_animation=&#8221;&#8221; row_type=&#8221;row&#8221; use_row_as_full_screen_section=&#8221;no&#8221; type=&#8221;grid&#8221; anchor=&#8221;portfolio&#8221; angled_section=&#8221;no&#8221; text_align=&#8221;left&#8221; background_image_as_pattern=&#8221;without_pattern&#8221; background_color=&#8221;#ffffff&#8221; border_color=&#8221;#eeeeee&#8221; padding_top=&#8221;80&#8243; padding_bottom=&#8221;0&#8243;][vc_column][vc_row_inner row_type=&#8221;row&#8221; type=&#8221;full_width&#8221; text_align=&#8221;left&#8221; css_animation=&#8221;&#8221;][vc_column_inner width=&#8221;1\/2&#8243;][vc_column_text][\/vc_column_text][vc_separator type=&#8221;transparent&#8221; up=&#8221;79&#8243; down=&#8221;0&#8243;][\/vc_column_inner][vc_column_inner width=&#8221;1\/2&#8243;][vc_column_text]Sisporta is a company that sells automation systems, namely motors and controls for gates (sectional, sliding and stopper gates) and for electric rolling fences&#8230;.<\/p>\n","protected":false},"author":1,"featured_media":0,"parent":0,"menu_order":0,"comment_status":"closed","ping_status":"closed","template":"full_width.php","meta":{"footnotes":""},"class_list":["post-16562","page","type-page","status-publish","hentry"],"_links":{"self":[{"href":"https:\/\/www.sisporta.com\/en\/wp-json\/wp\/v2\/pages\/16562","targetHints":{"allow":["GET"]}}],"collection":[{"href":"https:\/\/www.sisporta.com\/en\/wp-json\/wp\/v2\/pages"}],"about":[{"href":"https:\/\/www.sisporta.com\/en\/wp-json\/wp\/v2\/types\/page"}],"author":[{"embeddable":true,"href":"https:\/\/www.sisporta.com\/en\/wp-json\/wp\/v2\/users\/1"}],"replies":[{"embeddable":true,"href":"https:\/\/www.sisporta.com\/en\/wp-json\/wp\/v2\/comments?post=16562"}],"version-history":[{"count":3,"href":"https:\/\/www.sisporta.com\/en\/wp-json\/wp\/v2\/pages\/16562\/revisions"}],"predecessor-version":[{"id":16601,"href":"https:\/\/www.sisporta.com\/en\/wp-json\/wp\/v2\/pages\/16562\/revisions\/16601"}],"wp:attachment":[{"href":"https:\/\/www.sisporta.com\/en\/wp-json\/wp\/v2\/media?parent=16562"}],"curies":[{"name":"wp","href":"https:\/\/api.w.org\/{rel}","templated":true}]}}